{"id":5976,"date":"2023-01-11T14:21:54","date_gmt":"2023-01-11T19:21:54","guid":{"rendered":"https:\/\/www.est-aegis.com\/bibliothek-fuer-aufgezeichnete-webinare\/"},"modified":"2023-01-12T18:47:14","modified_gmt":"2023-01-12T23:47:14","slug":"bibliothek-fuer-aufgezeichnete-webinare","status":"publish","type":"page","link":"https:\/\/www.est-aegis.com\/de\/bibliothek-fuer-aufgezeichnete-webinare\/","title":{"rendered":"Bibliothek f\u00fcr aufgezeichnete Webinare"},"content":{"rendered":"","protected":false},"excerpt":{"rendered":"<p>In diesem umfassenden Leitfaden f\u00fcr den Lagerschutz wird alles behandelt.<\/p>\n","protected":false},"author":1,"featured_media":5808,"parent":0,"menu_order":2,"comment_status":"closed","ping_status":"closed","template":"","meta":{"_acf_changed":false,"content-type":"","_relevanssi_hide_post":"","_relevanssi_hide_content":"","_relevanssi_pin_for_all":"","_relevanssi_pin_keywords":"","_relevanssi_unpin_keywords":"","_relevanssi_related_keywords":"","_relevanssi_related_include_ids":"","_relevanssi_related_exclude_ids":"","_relevanssi_related_no_append":"","_relevanssi_related_not_related":"","_relevanssi_related_posts":"","_relevanssi_noindex_reason":"","footnotes":""},"class_list":["post-5976","page","type-page","status-publish","has-post-thumbnail","hentry"],"acf":[],"aioseo_notices":[],"aioseo_head":"\n\t\t<!-- All in One SEO Pro 4.9.7 - aioseo.com -->\n\t<meta name=\"description\" content=\"Sehen Sie sich die Webinare Lagerausfallanalyse, Wellenerdung f\u00fcr gro\u00dfe Motoren und Wellenerdung in gef\u00e4hrlichen\/klassifizierten Umgebungen an.\" \/>\n\t<meta name=\"robots\" content=\"max-image-preview:large\" \/>\n\t<link rel=\"canonical\" href=\"https:\/\/www.est-aegis.com\/de\/bibliothek-fuer-aufgezeichnete-webinare\/\" \/>\n\t<meta name=\"generator\" content=\"All in One SEO Pro (AIOSEO) 4.9.7\" \/>\n\t\t<meta property=\"og:locale\" content=\"de_DE\" \/>\n\t\t<meta property=\"og:site_name\" content=\"Electro Static Technology\" \/>\n\t\t<meta property=\"og:type\" content=\"article\" \/>\n\t\t<meta property=\"og:title\" content=\"Aufgezeichnete Webinare Bibliothek | Sicherheit der Schachterdung\" \/>\n\t\t<meta property=\"og:description\" content=\"Sehen Sie sich die Webinare Lagerausfallanalyse, Wellenerdung f\u00fcr gro\u00dfe Motoren und Wellenerdung in gef\u00e4hrlichen\/klassifizierten Umgebungen an.\" \/>\n\t\t<meta property=\"og:url\" content=\"https:\/\/www.est-aegis.com\/de\/bibliothek-fuer-aufgezeichnete-webinare\/\" \/>\n\t\t<meta property=\"og:image\" content=\"https:\/\/www.est-aegis.com\/wp-content\/uploads\/recorded-webinars-library-page.png\" \/>\n\t\t<meta property=\"og:image:secure_url\" content=\"https:\/\/www.est-aegis.com\/wp-content\/uploads\/recorded-webinars-library-page.png\" \/>\n\t\t<meta property=\"og:image:width\" content=\"629\" \/>\n\t\t<meta property=\"og:image:height\" content=\"716\" \/>\n\t\t<meta property=\"article:published_time\" content=\"2023-01-11T19:21:54+00:00\" \/>\n\t\t<meta property=\"article:modified_time\" content=\"2023-01-12T23:47:14+00:00\" \/>\n\t\t<meta name=\"twitter:card\" content=\"summary_large_image\" \/>\n\t\t<meta name=\"twitter:site\" content=\"@AEGIS_rings\" \/>\n\t\t<meta name=\"twitter:title\" content=\"Aufgezeichnete Webinare Bibliothek | Sicherheit der Schachterdung\" \/>\n\t\t<meta name=\"twitter:description\" content=\"Sehen Sie sich die Webinare Lagerausfallanalyse, Wellenerdung f\u00fcr gro\u00dfe Motoren und Wellenerdung in gef\u00e4hrlichen\/klassifizierten Umgebungen an.\" \/>\n\t\t<meta name=\"twitter:creator\" content=\"@AEGIS_rings\" \/>\n\t\t<meta name=\"twitter:image\" content=\"https:\/\/www.est-aegis.com\/wp-content\/uploads\/recorded-webinars-library-page.png\" \/>\n\t\t<meta name=\"twitter:label1\" content=\"Written by\" \/>\n\t\t<meta name=\"twitter:data1\" content=\"p1ws\" \/>\n\t\t<script type=\"application\/ld+json\" class=\"aioseo-schema\">\n\t\t\t{\"@context\":\"https:\\\/\\\/schema.org\",\"@graph\":[{\"@type\":\"BreadcrumbList\",\"@id\":\"https:\\\/\\\/www.est-aegis.com\\\/de\\\/bibliothek-fuer-aufgezeichnete-webinare\\\/#breadcrumblist\",\"itemListElement\":[{\"@type\":\"ListItem\",\"@id\":\"https:\\\/\\\/www.est-aegis.com\\\/de\\\/#listItem\",\"position\":1,\"name\":\"Home\",\"item\":\"https:\\\/\\\/www.est-aegis.com\\\/de\\\/\",\"nextItem\":{\"@type\":\"ListItem\",\"@id\":\"https:\\\/\\\/www.est-aegis.com\\\/de\\\/bibliothek-fuer-aufgezeichnete-webinare\\\/#listItem\",\"name\":\"Bibliothek f\\u00fcr aufgezeichnete Webinare\"}},{\"@type\":\"ListItem\",\"@id\":\"https:\\\/\\\/www.est-aegis.com\\\/de\\\/bibliothek-fuer-aufgezeichnete-webinare\\\/#listItem\",\"position\":2,\"name\":\"Bibliothek f\\u00fcr aufgezeichnete Webinare\",\"previousItem\":{\"@type\":\"ListItem\",\"@id\":\"https:\\\/\\\/www.est-aegis.com\\\/de\\\/#listItem\",\"name\":\"Home\"}}]},{\"@type\":\"Organization\",\"@id\":\"https:\\\/\\\/www.est-aegis.com\\\/de\\\/#organization\",\"name\":\"Electro Static Technology\",\"url\":\"https:\\\/\\\/www.est-aegis.com\\\/de\\\/\",\"logo\":{\"@type\":\"ImageObject\",\"url\":\"https:\\\/\\\/www.est-aegis.com\\\/wp-content\\\/uploads\\\/logo-aegis-1.svg\",\"@id\":\"https:\\\/\\\/www.est-aegis.com\\\/de\\\/bibliothek-fuer-aufgezeichnete-webinare\\\/#organizationLogo\",\"width\":244,\"height\":73,\"caption\":\"aegis logo\"},\"image\":{\"@id\":\"https:\\\/\\\/www.est-aegis.com\\\/de\\\/bibliothek-fuer-aufgezeichnete-webinare\\\/#organizationLogo\"},\"sameAs\":[\"https:\\\/\\\/x.com\\\/AEGIS_rings\"],\"address\":{\"@id\":\"https:\\\/\\\/www.est-aegis.com\\\/de\\\/#postaladdress\",\"@type\":\"PostalAddress\",\"streetAddress\":\"31 Winterbrook Road\",\"postalCode\":\"04256\",\"addressLocality\":\"Mechanic Falls\",\"addressRegion\":\"ME\",\"addressCountry\":\"US\"}},{\"@type\":\"WebPage\",\"@id\":\"https:\\\/\\\/www.est-aegis.com\\\/de\\\/bibliothek-fuer-aufgezeichnete-webinare\\\/#webpage\",\"url\":\"https:\\\/\\\/www.est-aegis.com\\\/de\\\/bibliothek-fuer-aufgezeichnete-webinare\\\/\",\"name\":\"Aufgezeichnete Webinare Bibliothek | Sicherheit der Schachterdung\",\"description\":\"Sehen Sie sich die Webinare Lagerausfallanalyse, Wellenerdung f\\u00fcr gro\\u00dfe Motoren und Wellenerdung in gef\\u00e4hrlichen\\\/klassifizierten Umgebungen an.\",\"inLanguage\":\"de-DE\",\"isPartOf\":{\"@id\":\"https:\\\/\\\/www.est-aegis.com\\\/de\\\/#website\"},\"breadcrumb\":{\"@id\":\"https:\\\/\\\/www.est-aegis.com\\\/de\\\/bibliothek-fuer-aufgezeichnete-webinare\\\/#breadcrumblist\"},\"image\":{\"@type\":\"ImageObject\",\"url\":\"https:\\\/\\\/www.est-aegis.com\\\/wp-content\\\/uploads\\\/recorded-webinars-library-page.png\",\"@id\":\"https:\\\/\\\/www.est-aegis.com\\\/de\\\/bibliothek-fuer-aufgezeichnete-webinare\\\/#mainImage\",\"width\":629,\"height\":716,\"caption\":\"recorded webinars\"},\"primaryImageOfPage\":{\"@id\":\"https:\\\/\\\/www.est-aegis.com\\\/de\\\/bibliothek-fuer-aufgezeichnete-webinare\\\/#mainImage\"},\"datePublished\":\"2023-01-11T14:21:54-05:00\",\"dateModified\":\"2023-01-12T18:47:14-05:00\"},{\"@type\":\"WebSite\",\"@id\":\"https:\\\/\\\/www.est-aegis.com\\\/de\\\/#website\",\"url\":\"https:\\\/\\\/www.est-aegis.com\\\/de\\\/\",\"name\":\"Electro Static Technology\",\"inLanguage\":\"de-DE\",\"publisher\":{\"@id\":\"https:\\\/\\\/www.est-aegis.com\\\/de\\\/#organization\"}}]}\n\t\t<\/script>\n\t\t<!-- All in One SEO Pro -->\r\n\t\t<title>Aufgezeichnete Webinare Bibliothek | Sicherheit der Schachterdung<\/title>\n\n","aioseo_head_json":{"title":"Aufgezeichnete Webinare Bibliothek | Sicherheit der Schachterdung","description":"Sehen Sie sich die Webinare Lagerausfallanalyse, Wellenerdung f\u00fcr gro\u00dfe Motoren und Wellenerdung in gef\u00e4hrlichen\/klassifizierten Umgebungen an.","canonical_url":"https:\/\/www.est-aegis.com\/de\/bibliothek-fuer-aufgezeichnete-webinare\/","robots":"max-image-preview:large","keywords":"","webmasterTools":{"miscellaneous":""},"schema":{"@context":"https:\/\/schema.org","@graph":[{"@type":"BreadcrumbList","@id":"https:\/\/www.est-aegis.com\/de\/bibliothek-fuer-aufgezeichnete-webinare\/#breadcrumblist","itemListElement":[{"@type":"ListItem","@id":"https:\/\/www.est-aegis.com\/de\/#listItem","position":1,"name":"Home","item":"https:\/\/www.est-aegis.com\/de\/","nextItem":{"@type":"ListItem","@id":"https:\/\/www.est-aegis.com\/de\/bibliothek-fuer-aufgezeichnete-webinare\/#listItem","name":"Bibliothek f\u00fcr aufgezeichnete Webinare"}},{"@type":"ListItem","@id":"https:\/\/www.est-aegis.com\/de\/bibliothek-fuer-aufgezeichnete-webinare\/#listItem","position":2,"name":"Bibliothek f\u00fcr aufgezeichnete Webinare","previousItem":{"@type":"ListItem","@id":"https:\/\/www.est-aegis.com\/de\/#listItem","name":"Home"}}]},{"@type":"Organization","@id":"https:\/\/www.est-aegis.com\/de\/#organization","name":"Electro Static Technology","url":"https:\/\/www.est-aegis.com\/de\/","logo":{"@type":"ImageObject","url":"https:\/\/www.est-aegis.com\/wp-content\/uploads\/logo-aegis-1.svg","@id":"https:\/\/www.est-aegis.com\/de\/bibliothek-fuer-aufgezeichnete-webinare\/#organizationLogo","width":244,"height":73,"caption":"aegis logo"},"image":{"@id":"https:\/\/www.est-aegis.com\/de\/bibliothek-fuer-aufgezeichnete-webinare\/#organizationLogo"},"sameAs":["https:\/\/x.com\/AEGIS_rings"],"address":{"@id":"https:\/\/www.est-aegis.com\/de\/#postaladdress","@type":"PostalAddress","streetAddress":"31 Winterbrook Road","postalCode":"04256","addressLocality":"Mechanic Falls","addressRegion":"ME","addressCountry":"US"}},{"@type":"WebPage","@id":"https:\/\/www.est-aegis.com\/de\/bibliothek-fuer-aufgezeichnete-webinare\/#webpage","url":"https:\/\/www.est-aegis.com\/de\/bibliothek-fuer-aufgezeichnete-webinare\/","name":"Aufgezeichnete Webinare Bibliothek | Sicherheit der Schachterdung","description":"Sehen Sie sich die Webinare Lagerausfallanalyse, Wellenerdung f\u00fcr gro\u00dfe Motoren und Wellenerdung in gef\u00e4hrlichen\/klassifizierten Umgebungen an.","inLanguage":"de-DE","isPartOf":{"@id":"https:\/\/www.est-aegis.com\/de\/#website"},"breadcrumb":{"@id":"https:\/\/www.est-aegis.com\/de\/bibliothek-fuer-aufgezeichnete-webinare\/#breadcrumblist"},"image":{"@type":"ImageObject","url":"https:\/\/www.est-aegis.com\/wp-content\/uploads\/recorded-webinars-library-page.png","@id":"https:\/\/www.est-aegis.com\/de\/bibliothek-fuer-aufgezeichnete-webinare\/#mainImage","width":629,"height":716,"caption":"recorded webinars"},"primaryImageOfPage":{"@id":"https:\/\/www.est-aegis.com\/de\/bibliothek-fuer-aufgezeichnete-webinare\/#mainImage"},"datePublished":"2023-01-11T14:21:54-05:00","dateModified":"2023-01-12T18:47:14-05:00"},{"@type":"WebSite","@id":"https:\/\/www.est-aegis.com\/de\/#website","url":"https:\/\/www.est-aegis.com\/de\/","name":"Electro Static Technology","inLanguage":"de-DE","publisher":{"@id":"https:\/\/www.est-aegis.com\/de\/#organization"}}]},"og:locale":"de_DE","og:site_name":"Electro Static Technology","og:type":"article","og:title":"Aufgezeichnete Webinare Bibliothek | Sicherheit der Schachterdung","og:description":"Sehen Sie sich die Webinare Lagerausfallanalyse, Wellenerdung f\u00fcr gro\u00dfe Motoren und Wellenerdung in gef\u00e4hrlichen\/klassifizierten Umgebungen an.","og:url":"https:\/\/www.est-aegis.com\/de\/bibliothek-fuer-aufgezeichnete-webinare\/","og:image":"https:\/\/www.est-aegis.com\/wp-content\/uploads\/recorded-webinars-library-page.png","og:image:secure_url":"https:\/\/www.est-aegis.com\/wp-content\/uploads\/recorded-webinars-library-page.png","og:image:width":629,"og:image:height":716,"article:published_time":"2023-01-11T19:21:54+00:00","article:modified_time":"2023-01-12T23:47:14+00:00","twitter:card":"summary_large_image","twitter:site":"@AEGIS_rings","twitter:title":"Aufgezeichnete Webinare Bibliothek | Sicherheit der Schachterdung","twitter:description":"Sehen Sie sich die Webinare Lagerausfallanalyse, Wellenerdung f\u00fcr gro\u00dfe Motoren und Wellenerdung in gef\u00e4hrlichen\/klassifizierten Umgebungen an.","twitter:creator":"@AEGIS_rings","twitter:image":"https:\/\/www.est-aegis.com\/wp-content\/uploads\/recorded-webinars-library-page.png","twitter:label1":"Written by","twitter:data1":"p1ws"},"aioseo_meta_data":{"post_id":"5976","title":"Aufgezeichnete Webinare Bibliothek | Sicherheit der Schachterdung","description":"Sehen Sie sich die Webinare Lagerausfallanalyse, Wellenerdung f\u00fcr gro\u00dfe Motoren und Wellenerdung in gef\u00e4hrlichen\/klassifizierten Umgebungen an.","keywords":null,"keyphrases":null,"primary_term":null,"canonical_url":"","og_title":"","og_description":"","og_object_type":"default","og_image_type":"featured","og_image_url":null,"og_image_width":null,"og_image_height":null,"og_image_custom_url":"","og_image_custom_fields":null,"og_video":null,"og_custom_url":null,"og_article_section":null,"og_article_tags":null,"twitter_use_og":false,"twitter_card":"default","twitter_image_type":"default","twitter_image_url":null,"twitter_image_custom_url":"","twitter_image_custom_fields":null,"twitter_title":"Aufgezeichnete Webinare Bibliothek | Sicherheit der Schachterdung","twitter_description":"","schema":{"blockGraphs":[],"customGraphs":[],"default":{"data":{"Article":[],"Course":[],"Dataset":[],"FAQPage":[],"Movie":[],"Person":[],"Product":[],"ProductReview":[],"Car":[],"Recipe":[],"Service":[],"SoftwareApplication":[],"WebPage":[]},"graphName":"","isEnabled":true},"graphs":[]},"schema_type":"default","schema_type_options":null,"pillar_content":false,"robots_default":true,"robots_noindex":false,"robots_noarchive":false,"robots_nosnippet":false,"robots_nofollow":false,"robots_noimageindex":false,"robots_noodp":false,"robots_notranslate":false,"robots_max_snippet":null,"robots_max_videopreview":null,"robots_max_imagepreview":"large","priority":null,"frequency":null,"local_seo":null,"seo_analyzer_scan_date":"2026-02-18 20:35:07","breadcrumb_settings":null,"limit_modified_date":false,"reviewed_by":null,"open_ai":null,"ai":null,"created":"2026-02-18 20:34:10","updated":"2026-02-18 21:58:51"},"aioseo_breadcrumb":"<div class=\"aioseo-breadcrumbs\"><span class=\"aioseo-breadcrumb\">\n\t<a href=\"https:\/\/www.est-aegis.com\/de\/\" title=\"Home\">Home<\/a>\n<\/span><span class=\"aioseo-breadcrumb-separator\">&raquo;<\/span><span class=\"aioseo-breadcrumb\">\n\tBibliothek f\u00fcr aufgezeichnete Webinare\n<\/span><\/div>","aioseo_breadcrumb_json":[{"label":"Home","link":"https:\/\/www.est-aegis.com\/de\/"},{"label":"Bibliothek f\u00fcr aufgezeichnete Webinare","link":"https:\/\/www.est-aegis.com\/de\/bibliothek-fuer-aufgezeichnete-webinare\/"}],"jetpack_sharing_enabled":true,"_links":{"self":[{"href":"https:\/\/www.est-aegis.com\/de\/wp-json\/wp\/v2\/pages\/5976","targetHints":{"allow":["GET"]}}],"collection":[{"href":"https:\/\/www.est-aegis.com\/de\/wp-json\/wp\/v2\/pages"}],"about":[{"href":"https:\/\/www.est-aegis.com\/de\/wp-json\/wp\/v2\/types\/page"}],"author":[{"embeddable":true,"href":"https:\/\/www.est-aegis.com\/de\/wp-json\/wp\/v2\/users\/1"}],"replies":[{"embeddable":true,"href":"https:\/\/www.est-aegis.com\/de\/wp-json\/wp\/v2\/comments?post=5976"}],"version-history":[{"count":1,"href":"https:\/\/www.est-aegis.com\/de\/wp-json\/wp\/v2\/pages\/5976\/revisions"}],"predecessor-version":[{"id":5978,"href":"https:\/\/www.est-aegis.com\/de\/wp-json\/wp\/v2\/pages\/5976\/revisions\/5978"}],"wp:featuredmedia":[{"embeddable":true,"href":"https:\/\/www.est-aegis.com\/de\/wp-json\/wp\/v2\/media\/5808"}],"wp:attachment":[{"href":"https:\/\/www.est-aegis.com\/de\/wp-json\/wp\/v2\/media?parent=5976"}],"curies":[{"name":"wp","href":"https:\/\/api.w.org\/{rel}","templated":true}]}}