{"id":6612,"date":"2022-01-03T22:31:47","date_gmt":"2022-01-04T03:31:47","guid":{"rendered":"https:\/\/www.est-aegis.com\/bearing-protection\/"},"modified":"2024-01-03T20:38:05","modified_gmt":"2024-01-04T01:38:05","slug":"bearing-protection","status":"publish","type":"page","link":"https:\/\/www.est-aegis.com\/de\/bearing-protection\/","title":{"rendered":"Schutz der Motorlager"},"content":{"rendered":"\n\n\n<p>Wie entstehen elektrische Sch\u00e4den an Lagern in FU-gesteuerten Motoren? Wie k\u00f6nnen Sie feststellen, ob der Ausfall einer Lagers auf einen elektrischen Schaden zur\u00fcckzuf\u00fchren ist? Welche bew\u00e4hrten Verfahren gibt es, um Lager vor elektrischen Sch\u00e4den zu sch\u00fctzen? Lesen Sie weiter, um mehr zu erfahren.<\/p>\n\n\n\n<div style=\"height:25px\" aria-hidden=\"true\" class=\"wp-block-spacer\"><\/div>\n\n\n\n<center><iframe loading=\"lazy\" src=\"https:\/\/www.youtube.com\/embed\/Yrrwi7lGWcs\" title=\"YouTube video player\" allow=\"accelerometer; autoplay; clipboard-write; encrypted-media; gyroscope; picture-in-picture\" allowfullscreen=\"\" width=\"560\" height=\"315\" frameborder=\"0\"><\/iframe><div style=\"font-size: 0.8em\"><a href=\"http:\/\/codegena.com\/generator\/Youtube-Embed-Code-Generator.html\"><\/a><\/div><\/center>\n","protected":false},"excerpt":{"rendered":"<p>Wie entstehen elektrische Sch\u00e4den an Lagern in FU-gesteuerten Motoren? Wie k\u00f6nnen Sie feststellen, ob der Ausfall einer Lagers auf einen elektrischen Schaden zur\u00fcckzuf\u00fchren ist? Welche bew\u00e4hrten Verfahren gibt es, um Lager vor elektrischen Sch\u00e4den zu sch\u00fctzen? Lesen Sie weiter, um mehr zu erfahren.<\/p>\n","protected":false},"author":1,"featured_media":0,"parent":0,"menu_order":6,"comment_status":"closed","ping_status":"closed","template":"","meta":{"_acf_changed":false,"content-type":"","_relevanssi_hide_post":"","_relevanssi_hide_content":"","_relevanssi_pin_for_all":"","_relevanssi_pin_keywords":"","_relevanssi_unpin_keywords":"","_relevanssi_related_keywords":"","_relevanssi_related_include_ids":"","_relevanssi_related_exclude_ids":"","_relevanssi_related_no_append":"","_relevanssi_related_not_related":"","_relevanssi_related_posts":"1,426,427","_relevanssi_noindex_reason":"","footnotes":""},"class_list":["post-6612","page","type-page","status-publish","hentry"],"acf":[],"aioseo_notices":[],"aioseo_head":"\n\t\t<!-- All in One SEO Pro 4.9.5.2 - aioseo.com -->\n\t<meta name=\"description\" content=\"How do you test for bearing currents, prevent failure, inspect, and more? Discover best practices for motor bearing protection here.\" \/>\n\t<meta name=\"robots\" content=\"max-image-preview:large\" \/>\n\t<link rel=\"canonical\" href=\"https:\/\/www.est-aegis.com\/de\/bearing-protection\/\" \/>\n\t<meta name=\"generator\" content=\"All in One SEO Pro (AIOSEO) 4.9.5.2\" \/>\n\t\t<meta property=\"og:locale\" content=\"de_DE\" \/>\n\t\t<meta property=\"og:site_name\" content=\"Electro Static Technology\" \/>\n\t\t<meta property=\"og:type\" content=\"article\" \/>\n\t\t<meta property=\"og:title\" content=\"Motor Bearing Protection, Inspection, and Best Practices\" \/>\n\t\t<meta property=\"og:description\" content=\"How do you test for bearing currents, prevent failure, inspect, and more? Discover best practices for motor bearing protection here.\" \/>\n\t\t<meta property=\"og:url\" content=\"https:\/\/www.est-aegis.com\/de\/bearing-protection\/\" \/>\n\t\t<meta property=\"article:published_time\" content=\"2022-01-04T03:31:47+00:00\" \/>\n\t\t<meta property=\"article:modified_time\" content=\"2024-01-04T01:38:05+00:00\" \/>\n\t\t<meta name=\"twitter:card\" content=\"summary_large_image\" \/>\n\t\t<meta name=\"twitter:site\" content=\"@AEGIS_rings\" \/>\n\t\t<meta name=\"twitter:title\" content=\"Motor Bearing Protection, Inspection, and Best Practices\" \/>\n\t\t<meta name=\"twitter:description\" content=\"How do you test for bearing currents, prevent failure, inspect, and more? Discover best practices for motor bearing protection here.\" \/>\n\t\t<meta name=\"twitter:creator\" content=\"@AEGIS_rings\" \/>\n\t\t<meta name=\"twitter:label1\" content=\"Written by\" \/>\n\t\t<meta name=\"twitter:data1\" content=\"p1ws\" \/>\n\t\t<script type=\"application\/ld+json\" class=\"aioseo-schema\">\n\t\t\t{\"@context\":\"https:\\\/\\\/schema.org\",\"@graph\":[{\"@type\":\"BreadcrumbList\",\"@id\":\"https:\\\/\\\/www.est-aegis.com\\\/de\\\/bearing-protection\\\/#breadcrumblist\",\"itemListElement\":[{\"@type\":\"ListItem\",\"@id\":\"https:\\\/\\\/www.est-aegis.com\\\/de\\\/#listItem\",\"position\":1,\"name\":\"Home\",\"item\":\"https:\\\/\\\/www.est-aegis.com\\\/de\\\/\",\"nextItem\":{\"@type\":\"ListItem\",\"@id\":\"https:\\\/\\\/www.est-aegis.com\\\/de\\\/bearing-protection\\\/#listItem\",\"name\":\"Schutz der Motorlager\"}},{\"@type\":\"ListItem\",\"@id\":\"https:\\\/\\\/www.est-aegis.com\\\/de\\\/bearing-protection\\\/#listItem\",\"position\":2,\"name\":\"Schutz der Motorlager\",\"previousItem\":{\"@type\":\"ListItem\",\"@id\":\"https:\\\/\\\/www.est-aegis.com\\\/de\\\/#listItem\",\"name\":\"Home\"}}]},{\"@type\":\"Organization\",\"@id\":\"https:\\\/\\\/www.est-aegis.com\\\/de\\\/#organization\",\"name\":\"Electro Static Technology\",\"url\":\"https:\\\/\\\/www.est-aegis.com\\\/de\\\/\",\"logo\":{\"@type\":\"ImageObject\",\"url\":\"https:\\\/\\\/www.est-aegis.com\\\/wp-content\\\/uploads\\\/logo-aegis-1.svg\",\"@id\":\"https:\\\/\\\/www.est-aegis.com\\\/de\\\/bearing-protection\\\/#organizationLogo\",\"width\":244,\"height\":73,\"caption\":\"aegis logo\"},\"image\":{\"@id\":\"https:\\\/\\\/www.est-aegis.com\\\/de\\\/bearing-protection\\\/#organizationLogo\"},\"sameAs\":[\"https:\\\/\\\/x.com\\\/AEGIS_rings\"],\"address\":{\"@id\":\"https:\\\/\\\/www.est-aegis.com\\\/de\\\/#postaladdress\",\"@type\":\"PostalAddress\",\"streetAddress\":\"31 Winterbrook Road,\",\"postalCode\":\"04256\",\"addressLocality\":\"Mechanic Falls\",\"addressRegion\":\"ME\",\"addressCountry\":\"US\"}},{\"@type\":\"WebPage\",\"@id\":\"https:\\\/\\\/www.est-aegis.com\\\/de\\\/bearing-protection\\\/#webpage\",\"url\":\"https:\\\/\\\/www.est-aegis.com\\\/de\\\/bearing-protection\\\/\",\"name\":\"Motor Bearing Protection, Inspection, and Best Practices\",\"description\":\"How do you test for bearing currents, prevent failure, inspect, and more? Discover best practices for motor bearing protection here.\",\"inLanguage\":\"de-DE\",\"isPartOf\":{\"@id\":\"https:\\\/\\\/www.est-aegis.com\\\/de\\\/#website\"},\"breadcrumb\":{\"@id\":\"https:\\\/\\\/www.est-aegis.com\\\/de\\\/bearing-protection\\\/#breadcrumblist\"},\"datePublished\":\"2022-01-03T22:31:47-05:00\",\"dateModified\":\"2024-01-03T20:38:05-05:00\"},{\"@type\":\"WebSite\",\"@id\":\"https:\\\/\\\/www.est-aegis.com\\\/de\\\/#website\",\"url\":\"https:\\\/\\\/www.est-aegis.com\\\/de\\\/\",\"name\":\"Electro Static Technology\",\"inLanguage\":\"de-DE\",\"publisher\":{\"@id\":\"https:\\\/\\\/www.est-aegis.com\\\/de\\\/#organization\"}}]}\n\t\t<\/script>\n\t\t<!-- All in One SEO Pro -->\r\n\t\t<title>Motor Bearing Protection, Inspection, and Best Practices<\/title>\n\n","aioseo_head_json":{"title":"Motor Bearing Protection, Inspection, and Best Practices","description":"How do you test for bearing currents, prevent failure, inspect, and more? Discover best practices for motor bearing protection here.","canonical_url":"https:\/\/www.est-aegis.com\/de\/bearing-protection\/","robots":"max-image-preview:large","keywords":"","webmasterTools":{"miscellaneous":""},"schema":{"@context":"https:\/\/schema.org","@graph":[{"@type":"BreadcrumbList","@id":"https:\/\/www.est-aegis.com\/de\/bearing-protection\/#breadcrumblist","itemListElement":[{"@type":"ListItem","@id":"https:\/\/www.est-aegis.com\/de\/#listItem","position":1,"name":"Home","item":"https:\/\/www.est-aegis.com\/de\/","nextItem":{"@type":"ListItem","@id":"https:\/\/www.est-aegis.com\/de\/bearing-protection\/#listItem","name":"Schutz der Motorlager"}},{"@type":"ListItem","@id":"https:\/\/www.est-aegis.com\/de\/bearing-protection\/#listItem","position":2,"name":"Schutz der Motorlager","previousItem":{"@type":"ListItem","@id":"https:\/\/www.est-aegis.com\/de\/#listItem","name":"Home"}}]},{"@type":"Organization","@id":"https:\/\/www.est-aegis.com\/de\/#organization","name":"Electro Static Technology","url":"https:\/\/www.est-aegis.com\/de\/","logo":{"@type":"ImageObject","url":"https:\/\/www.est-aegis.com\/wp-content\/uploads\/logo-aegis-1.svg","@id":"https:\/\/www.est-aegis.com\/de\/bearing-protection\/#organizationLogo","width":244,"height":73,"caption":"aegis logo"},"image":{"@id":"https:\/\/www.est-aegis.com\/de\/bearing-protection\/#organizationLogo"},"sameAs":["https:\/\/x.com\/AEGIS_rings"],"address":{"@id":"https:\/\/www.est-aegis.com\/de\/#postaladdress","@type":"PostalAddress","streetAddress":"31 Winterbrook Road,","postalCode":"04256","addressLocality":"Mechanic Falls","addressRegion":"ME","addressCountry":"US"}},{"@type":"WebPage","@id":"https:\/\/www.est-aegis.com\/de\/bearing-protection\/#webpage","url":"https:\/\/www.est-aegis.com\/de\/bearing-protection\/","name":"Motor Bearing Protection, Inspection, and Best Practices","description":"How do you test for bearing currents, prevent failure, inspect, and more? Discover best practices for motor bearing protection here.","inLanguage":"de-DE","isPartOf":{"@id":"https:\/\/www.est-aegis.com\/de\/#website"},"breadcrumb":{"@id":"https:\/\/www.est-aegis.com\/de\/bearing-protection\/#breadcrumblist"},"datePublished":"2022-01-03T22:31:47-05:00","dateModified":"2024-01-03T20:38:05-05:00"},{"@type":"WebSite","@id":"https:\/\/www.est-aegis.com\/de\/#website","url":"https:\/\/www.est-aegis.com\/de\/","name":"Electro Static Technology","inLanguage":"de-DE","publisher":{"@id":"https:\/\/www.est-aegis.com\/de\/#organization"}}]},"og:locale":"de_DE","og:site_name":"Electro Static Technology","og:type":"article","og:title":"Motor Bearing Protection, Inspection, and Best Practices","og:description":"How do you test for bearing currents, prevent failure, inspect, and more? Discover best practices for motor bearing protection here.","og:url":"https:\/\/www.est-aegis.com\/de\/bearing-protection\/","article:published_time":"2022-01-04T03:31:47+00:00","article:modified_time":"2024-01-04T01:38:05+00:00","twitter:card":"summary_large_image","twitter:site":"@AEGIS_rings","twitter:title":"Motor Bearing Protection, Inspection, and Best Practices","twitter:description":"How do you test for bearing currents, prevent failure, inspect, and more? Discover best practices for motor bearing protection here.","twitter:creator":"@AEGIS_rings","twitter:label1":"Written by","twitter:data1":"p1ws"},"aioseo_meta_data":{"post_id":"6612","title":"Motor Bearing Protection, Inspection, and Best Practices","description":"How do you test for bearing currents, prevent failure, inspect, and more? Discover best practices for motor bearing protection here.","keywords":null,"keyphrases":{"focus":{"keyphrase":"motor bearing protection"}},"primary_term":null,"canonical_url":"","og_title":"","og_description":"","og_object_type":"default","og_image_type":"content","og_image_url":null,"og_image_width":null,"og_image_height":null,"og_image_custom_url":"","og_image_custom_fields":null,"og_video":null,"og_custom_url":null,"og_article_section":null,"og_article_tags":null,"twitter_use_og":false,"twitter_card":"default","twitter_image_type":"default","twitter_image_url":null,"twitter_image_custom_url":"","twitter_image_custom_fields":null,"twitter_title":"Motor Bearing Protection, Inspection, and Best Practices","twitter_description":"","schema":{"blockGraphs":[],"customGraphs":[],"default":{"data":{"Article":[],"Course":[],"Dataset":[],"FAQPage":[],"Movie":[],"Person":[],"Product":[],"ProductReview":[],"Car":[],"Recipe":[],"Service":[],"SoftwareApplication":[],"WebPage":[]},"graphName":"","isEnabled":true},"graphs":[]},"schema_type":"default","schema_type_options":null,"pillar_content":false,"robots_default":true,"robots_noindex":false,"robots_noarchive":false,"robots_nosnippet":false,"robots_nofollow":false,"robots_noimageindex":false,"robots_noodp":false,"robots_notranslate":false,"robots_max_snippet":null,"robots_max_videopreview":null,"robots_max_imagepreview":"large","priority":null,"frequency":null,"local_seo":null,"seo_analyzer_scan_date":"2026-02-18 20:48:38","breadcrumb_settings":null,"limit_modified_date":false,"reviewed_by":null,"open_ai":null,"ai":null,"created":"2026-02-18 20:34:09","updated":"2026-02-18 21:57:01"},"aioseo_breadcrumb":"<div class=\"aioseo-breadcrumbs\"><span class=\"aioseo-breadcrumb\">\n\t<a href=\"https:\/\/www.est-aegis.com\/de\/\" title=\"Home\">Home<\/a>\n<\/span><span class=\"aioseo-breadcrumb-separator\">&raquo;<\/span><span class=\"aioseo-breadcrumb\">\n\tSchutz der Motorlager\n<\/span><\/div>","aioseo_breadcrumb_json":[{"label":"Home","link":"https:\/\/www.est-aegis.com\/de\/"},{"label":"Schutz der Motorlager","link":"https:\/\/www.est-aegis.com\/de\/bearing-protection\/"}],"jetpack_sharing_enabled":true,"_links":{"self":[{"href":"https:\/\/www.est-aegis.com\/de\/wp-json\/wp\/v2\/pages\/6612","targetHints":{"allow":["GET"]}}],"collection":[{"href":"https:\/\/www.est-aegis.com\/de\/wp-json\/wp\/v2\/pages"}],"about":[{"href":"https:\/\/www.est-aegis.com\/de\/wp-json\/wp\/v2\/types\/page"}],"author":[{"embeddable":true,"href":"https:\/\/www.est-aegis.com\/de\/wp-json\/wp\/v2\/users\/1"}],"replies":[{"embeddable":true,"href":"https:\/\/www.est-aegis.com\/de\/wp-json\/wp\/v2\/comments?post=6612"}],"version-history":[{"count":4,"href":"https:\/\/www.est-aegis.com\/de\/wp-json\/wp\/v2\/pages\/6612\/revisions"}],"predecessor-version":[{"id":7230,"href":"https:\/\/www.est-aegis.com\/de\/wp-json\/wp\/v2\/pages\/6612\/revisions\/7230"}],"wp:attachment":[{"href":"https:\/\/www.est-aegis.com\/de\/wp-json\/wp\/v2\/media?parent=6612"}],"curies":[{"name":"wp","href":"https:\/\/api.w.org\/{rel}","templated":true}]}}