{"id":7174,"date":"2022-01-06T11:23:49","date_gmt":"2022-01-06T16:23:49","guid":{"rendered":"https:\/\/www.est-aegis.com\/?post_type=product&#038;p=7174"},"modified":"2024-03-06T09:43:22","modified_gmt":"2024-03-06T14:43:22","slug":"oszilloskop-aegis-shaft-voltage-tester","status":"publish","type":"product","link":"https:\/\/www.est-aegis.com\/de\/product\/mounting-accessories\/oszilloskop-aegis-shaft-voltage-tester\/","title":{"rendered":"Oszilloskop AEGIS\u00ae Shaft Voltage Tester\u2122"},"content":{"rendered":"\n\n\n<div class=\"wp-block-columns is-layout-flex wp-container-core-columns-is-layout-9d6595d7 wp-block-columns-is-layout-flex\">\n<div class=\"wp-block-column is-layout-flow wp-block-column-is-layout-flow\" style=\"flex-basis:66.66%\">\n<p>Mit dem digitalen Oszilloskop AEGIS\u00ae Shaft Voltage Tester\u2122 kann Anlagenwartungspersonal schnell Wellenspannungswerte an Motorwellen messen und das Vorhandensein von Wellenspannungsentladungen best\u00e4tigen, die Motorlager besch\u00e4digen k\u00f6nnen. Zu jedem Oscilloskop geh\u00f6ren eine Tastsonde mit speziellen leitf\u00e4higen Mikrofaserspitzen, ein Sondenhalter mit Magnetfu\u00df und eine Tragetasche. Es sind auch erweiterte Zubeh\u00f6rs\u00e4tze erh\u00e4ltlich.<\/p>\n\n\n\n<p>F\u00fcr weitere Informationen laden Sie das <a href=\"https:\/\/www.est-aegis.com\/wp-content\/uploads\/AEGIS-OSC-9200_datasheet-1.pdf\">Produktblatt zum Wellenspannungspr\u00fcfer<\/a> herunter. F\u00fcr eine Vorlage f\u00fcr einen Wellenspannungspr\u00fcfbericht <a href=\"https:\/\/www.est-aegis.com\/bearing\/docs\/Shaft_Voltage_Testing_Report.docx\">klicken Sie hier<\/a>.<\/p>\n\n\n\n<p>Die verlinkten Unterlagen sind nur in Englisch verf\u00fcgbar<\/p>\n<\/div>\n\n\n\n<div class=\"wp-block-column is-layout-flow wp-block-column-is-layout-flow\" style=\"flex-basis:33.33%\">\n<figure class=\"wp-block-image size-full\"><img decoding=\"async\" width=\"800\" height=\"569\" src=\"https:\/\/www.est-aegis.com\/wp-content\/uploads\/AEGIS-OSC-9200MB-est.png\" alt=\"\" class=\"wp-image-6785\" srcset=\"https:\/\/www.est-aegis.com\/wp-content\/uploads\/AEGIS-OSC-9200MB-est.png 800w, https:\/\/www.est-aegis.com\/wp-content\/uploads\/AEGIS-OSC-9200MB-est-300x213.png 300w, https:\/\/www.est-aegis.com\/wp-content\/uploads\/AEGIS-OSC-9200MB-est-768x546.png 768w\" sizes=\"(max-width: 800px) 100vw, 800px\" \/><\/figure>\n<\/div>\n<\/div>\n\n\n\n<div class=\"wp-block-buttons is-content-justification-center is-layout-flex wp-container-core-buttons-is-layout-16018d1d wp-block-buttons-is-layout-flex\">\n<div class=\"wp-block-button\"><a class=\"wp-block-button__link wp-element-button\" href=\"https:\/\/catalog.est-aegis.com\/collections\/svt\/products\/shaft-voltage-tester-9200?variant=40655612510252\">Details Hier<\/a><\/div>\n<\/div>\n","protected":false},"excerpt":{"rendered":"<p>Mit dem digitalen Oszilloskop AEGIS\u00ae Shaft Voltage Tester\u2122 kann Anlagenwartungspersonal schnell Wellenspannungswerte an Motorwellen messen und das Vorhandensein von Wellenspannungsentladungen best\u00e4tigen, die Motorlager besch\u00e4digen k\u00f6nnen. Zu jedem Oscilloskop geh\u00f6ren eine Tastsonde mit speziellen leitf\u00e4higen Mikrofaserspitzen, ein Sondenhalter mit Magnetfu\u00df und eine Tragetasche. Es sind auch erweiterte Zubeh\u00f6rs\u00e4tze erh\u00e4ltlich. F\u00fcr weitere Informationen laden Sie das Produktblatt&#8230;  <a class=\"excerpt-read-more\" href=\"https:\/\/www.est-aegis.com\/de\/product\/mounting-accessories\/oszilloskop-aegis-shaft-voltage-tester\/\" title=\"Read Oszilloskop AEGIS\u00ae Shaft Voltage Tester\u2122\">Read more &raquo;<\/a><\/p>\n","protected":false},"featured_media":6785,"parent":6783,"template":"","class_list":["post-7174","product","type-product","status-publish","has-post-thumbnail","hentry"],"acf":[],"aioseo_notices":[],"aioseo_head":"\n\t\t<!-- All in One SEO Pro 4.9.6.2 - aioseo.com -->\n\t<meta name=\"description\" content=\"Mit dem digitalen Oszilloskop AEGIS\u00ae Shaft Voltage Tester\u2122 kann Anlagenwartungspersonal schnell Wellenspannungswerte an Motorwellen messen und das Vorhandensein von Wellenspannungsentladungen best\u00e4tigen, die Motorlager besch\u00e4digen k\u00f6nnen. Zu jedem Oscilloskop geh\u00f6ren eine Tastsonde mit speziellen leitf\u00e4higen Mikrofaserspitzen, ein Sondenhalter mit Magnetfu\u00df und eine Tragetasche. Es sind auch erweiterte Zubeh\u00f6rs\u00e4tze erh\u00e4ltlich. F\u00fcr weitere Informationen laden Sie das Produktblatt\" \/>\n\t<meta name=\"robots\" content=\"max-image-preview:large\" \/>\n\t<link rel=\"canonical\" href=\"https:\/\/www.est-aegis.com\/de\/product\/mounting-accessories\/oszilloskop-aegis-shaft-voltage-tester\/\" \/>\n\t<meta name=\"generator\" content=\"All in One SEO Pro (AIOSEO) 4.9.6.2\" \/>\n\t\t<meta property=\"og:locale\" content=\"de_DE\" \/>\n\t\t<meta property=\"og:site_name\" content=\"Electro Static Technology\" \/>\n\t\t<meta property=\"og:type\" content=\"article\" \/>\n\t\t<meta property=\"og:title\" content=\"Oszilloskop AEGIS\u00ae Shaft Voltage Tester\u2122 | Electro Static Technology\" \/>\n\t\t<meta property=\"og:description\" content=\"Mit dem digitalen Oszilloskop AEGIS\u00ae Shaft Voltage Tester\u2122 kann Anlagenwartungspersonal schnell Wellenspannungswerte an Motorwellen messen und das Vorhandensein von Wellenspannungsentladungen best\u00e4tigen, die Motorlager besch\u00e4digen k\u00f6nnen. Zu jedem Oscilloskop geh\u00f6ren eine Tastsonde mit speziellen leitf\u00e4higen Mikrofaserspitzen, ein Sondenhalter mit Magnetfu\u00df und eine Tragetasche. Es sind auch erweiterte Zubeh\u00f6rs\u00e4tze erh\u00e4ltlich. F\u00fcr weitere Informationen laden Sie das Produktblatt\" \/>\n\t\t<meta property=\"og:url\" content=\"https:\/\/www.est-aegis.com\/de\/product\/mounting-accessories\/oszilloskop-aegis-shaft-voltage-tester\/\" \/>\n\t\t<meta property=\"og:image\" content=\"https:\/\/www.est-aegis.com\/wp-content\/uploads\/AEGIS-OSC-9200MB-est.png\" \/>\n\t\t<meta property=\"og:image:secure_url\" content=\"https:\/\/www.est-aegis.com\/wp-content\/uploads\/AEGIS-OSC-9200MB-est.png\" \/>\n\t\t<meta property=\"og:image:width\" content=\"800\" \/>\n\t\t<meta property=\"og:image:height\" content=\"569\" \/>\n\t\t<meta property=\"article:published_time\" content=\"2022-01-06T16:23:49+00:00\" \/>\n\t\t<meta property=\"article:modified_time\" content=\"2024-03-06T14:43:22+00:00\" \/>\n\t\t<meta name=\"twitter:card\" content=\"summary_large_image\" \/>\n\t\t<meta name=\"twitter:site\" content=\"@AEGIS_rings\" \/>\n\t\t<meta name=\"twitter:title\" content=\"Oszilloskop AEGIS\u00ae Shaft Voltage Tester\u2122 | Electro Static Technology\" \/>\n\t\t<meta name=\"twitter:description\" content=\"Mit dem digitalen Oszilloskop AEGIS\u00ae Shaft Voltage Tester\u2122 kann Anlagenwartungspersonal schnell Wellenspannungswerte an Motorwellen messen und das Vorhandensein von Wellenspannungsentladungen best\u00e4tigen, die Motorlager besch\u00e4digen k\u00f6nnen. Zu jedem Oscilloskop geh\u00f6ren eine Tastsonde mit speziellen leitf\u00e4higen Mikrofaserspitzen, ein Sondenhalter mit Magnetfu\u00df und eine Tragetasche. Es sind auch erweiterte Zubeh\u00f6rs\u00e4tze erh\u00e4ltlich. F\u00fcr weitere Informationen laden Sie das Produktblatt\" \/>\n\t\t<meta name=\"twitter:image\" content=\"https:\/\/www.est-aegis.com\/wp-content\/uploads\/AEGIS-OSC-9200MB-est.png\" \/>\n\t\t<script type=\"application\/ld+json\" class=\"aioseo-schema\">\n\t\t\t{\"@context\":\"https:\\\/\\\/schema.org\",\"@graph\":[{\"@type\":\"BreadcrumbList\",\"@id\":\"https:\\\/\\\/www.est-aegis.com\\\/de\\\/product\\\/mounting-accessories\\\/oszilloskop-aegis-shaft-voltage-tester\\\/#breadcrumblist\",\"itemListElement\":[{\"@type\":\"ListItem\",\"@id\":\"https:\\\/\\\/www.est-aegis.com\\\/de\\\/#listItem\",\"position\":1,\"name\":\"Home\",\"item\":\"https:\\\/\\\/www.est-aegis.com\\\/de\\\/\",\"nextItem\":{\"@type\":\"ListItem\",\"@id\":\"https:\\\/\\\/www.est-aegis.com\\\/de\\\/product\\\/mounting-accessories\\\/#listItem\",\"name\":\"Messger\\u00e4te und Zubeh\\u00f6r\"}},{\"@type\":\"ListItem\",\"@id\":\"https:\\\/\\\/www.est-aegis.com\\\/de\\\/product\\\/mounting-accessories\\\/#listItem\",\"position\":2,\"name\":\"Messger\\u00e4te und Zubeh\\u00f6r\",\"item\":\"https:\\\/\\\/www.est-aegis.com\\\/de\\\/product\\\/mounting-accessories\\\/\",\"nextItem\":{\"@type\":\"ListItem\",\"@id\":\"https:\\\/\\\/www.est-aegis.com\\\/de\\\/product\\\/mounting-accessories\\\/oszilloskop-aegis-shaft-voltage-tester\\\/#listItem\",\"name\":\"Oszilloskop AEGIS\\u00ae Shaft Voltage Tester\\u2122\"},\"previousItem\":{\"@type\":\"ListItem\",\"@id\":\"https:\\\/\\\/www.est-aegis.com\\\/de\\\/#listItem\",\"name\":\"Home\"}},{\"@type\":\"ListItem\",\"@id\":\"https:\\\/\\\/www.est-aegis.com\\\/de\\\/product\\\/mounting-accessories\\\/oszilloskop-aegis-shaft-voltage-tester\\\/#listItem\",\"position\":3,\"name\":\"Oszilloskop AEGIS\\u00ae Shaft Voltage Tester\\u2122\",\"previousItem\":{\"@type\":\"ListItem\",\"@id\":\"https:\\\/\\\/www.est-aegis.com\\\/de\\\/product\\\/mounting-accessories\\\/#listItem\",\"name\":\"Messger\\u00e4te und Zubeh\\u00f6r\"}}]},{\"@type\":\"Organization\",\"@id\":\"https:\\\/\\\/www.est-aegis.com\\\/de\\\/#organization\",\"name\":\"Electro Static Technology\",\"url\":\"https:\\\/\\\/www.est-aegis.com\\\/de\\\/\",\"logo\":{\"@type\":\"ImageObject\",\"url\":\"https:\\\/\\\/www.est-aegis.com\\\/wp-content\\\/uploads\\\/logo-aegis-1.svg\",\"@id\":\"https:\\\/\\\/www.est-aegis.com\\\/de\\\/product\\\/mounting-accessories\\\/oszilloskop-aegis-shaft-voltage-tester\\\/#organizationLogo\",\"width\":244,\"height\":73,\"caption\":\"aegis logo\"},\"image\":{\"@id\":\"https:\\\/\\\/www.est-aegis.com\\\/de\\\/product\\\/mounting-accessories\\\/oszilloskop-aegis-shaft-voltage-tester\\\/#organizationLogo\"},\"sameAs\":[\"https:\\\/\\\/x.com\\\/AEGIS_rings\"],\"address\":{\"@id\":\"https:\\\/\\\/www.est-aegis.com\\\/de\\\/#postaladdress\",\"@type\":\"PostalAddress\",\"streetAddress\":\"31 Winterbrook Road,\",\"postalCode\":\"04256\",\"addressLocality\":\"Mechanic Falls\",\"addressRegion\":\"ME\",\"addressCountry\":\"US\"}},{\"@type\":\"WebPage\",\"@id\":\"https:\\\/\\\/www.est-aegis.com\\\/de\\\/product\\\/mounting-accessories\\\/oszilloskop-aegis-shaft-voltage-tester\\\/#webpage\",\"url\":\"https:\\\/\\\/www.est-aegis.com\\\/de\\\/product\\\/mounting-accessories\\\/oszilloskop-aegis-shaft-voltage-tester\\\/\",\"name\":\"Oszilloskop AEGIS\\u00ae Shaft Voltage Tester\\u2122 | Electro Static Technology\",\"description\":\"Mit dem digitalen Oszilloskop AEGIS\\u00ae Shaft Voltage Tester\\u2122 kann Anlagenwartungspersonal schnell Wellenspannungswerte an Motorwellen messen und das Vorhandensein von Wellenspannungsentladungen best\\u00e4tigen, die Motorlager besch\\u00e4digen k\\u00f6nnen. Zu jedem Oscilloskop geh\\u00f6ren eine Tastsonde mit speziellen leitf\\u00e4higen Mikrofaserspitzen, ein Sondenhalter mit Magnetfu\\u00df und eine Tragetasche. Es sind auch erweiterte Zubeh\\u00f6rs\\u00e4tze erh\\u00e4ltlich. F\\u00fcr weitere Informationen laden Sie das Produktblatt\",\"inLanguage\":\"de-DE\",\"isPartOf\":{\"@id\":\"https:\\\/\\\/www.est-aegis.com\\\/de\\\/#website\"},\"breadcrumb\":{\"@id\":\"https:\\\/\\\/www.est-aegis.com\\\/de\\\/product\\\/mounting-accessories\\\/oszilloskop-aegis-shaft-voltage-tester\\\/#breadcrumblist\"},\"image\":{\"@type\":\"ImageObject\",\"url\":\"https:\\\/\\\/www.est-aegis.com\\\/wp-content\\\/uploads\\\/AEGIS-OSC-9200MB-est.png\",\"@id\":\"https:\\\/\\\/www.est-aegis.com\\\/de\\\/product\\\/mounting-accessories\\\/oszilloskop-aegis-shaft-voltage-tester\\\/#mainImage\",\"width\":800,\"height\":569},\"primaryImageOfPage\":{\"@id\":\"https:\\\/\\\/www.est-aegis.com\\\/de\\\/product\\\/mounting-accessories\\\/oszilloskop-aegis-shaft-voltage-tester\\\/#mainImage\"},\"datePublished\":\"2022-01-06T11:23:49-05:00\",\"dateModified\":\"2024-03-06T09:43:22-05:00\"},{\"@type\":\"WebSite\",\"@id\":\"https:\\\/\\\/www.est-aegis.com\\\/de\\\/#website\",\"url\":\"https:\\\/\\\/www.est-aegis.com\\\/de\\\/\",\"name\":\"Electro Static Technology\",\"inLanguage\":\"de-DE\",\"publisher\":{\"@id\":\"https:\\\/\\\/www.est-aegis.com\\\/de\\\/#organization\"}}]}\n\t\t<\/script>\n\t\t<!-- All in One SEO Pro -->\r\n\t\t<title>Oszilloskop AEGIS\u00ae Shaft Voltage Tester\u2122 | Electro Static Technology<\/title>\n\n","aioseo_head_json":{"title":"Oszilloskop AEGIS\u00ae Shaft Voltage Tester\u2122 | Electro Static Technology","description":"Mit dem digitalen Oszilloskop AEGIS\u00ae Shaft Voltage Tester\u2122 kann Anlagenwartungspersonal schnell Wellenspannungswerte an Motorwellen messen und das Vorhandensein von Wellenspannungsentladungen best\u00e4tigen, die Motorlager besch\u00e4digen k\u00f6nnen. Zu jedem Oscilloskop geh\u00f6ren eine Tastsonde mit speziellen leitf\u00e4higen Mikrofaserspitzen, ein Sondenhalter mit Magnetfu\u00df und eine Tragetasche. Es sind auch erweiterte Zubeh\u00f6rs\u00e4tze erh\u00e4ltlich. F\u00fcr weitere Informationen laden Sie das Produktblatt","canonical_url":"https:\/\/www.est-aegis.com\/de\/product\/mounting-accessories\/oszilloskop-aegis-shaft-voltage-tester\/","robots":"max-image-preview:large","keywords":"","webmasterTools":{"miscellaneous":""},"schema":{"@context":"https:\/\/schema.org","@graph":[{"@type":"BreadcrumbList","@id":"https:\/\/www.est-aegis.com\/de\/product\/mounting-accessories\/oszilloskop-aegis-shaft-voltage-tester\/#breadcrumblist","itemListElement":[{"@type":"ListItem","@id":"https:\/\/www.est-aegis.com\/de\/#listItem","position":1,"name":"Home","item":"https:\/\/www.est-aegis.com\/de\/","nextItem":{"@type":"ListItem","@id":"https:\/\/www.est-aegis.com\/de\/product\/mounting-accessories\/#listItem","name":"Messger\u00e4te und Zubeh\u00f6r"}},{"@type":"ListItem","@id":"https:\/\/www.est-aegis.com\/de\/product\/mounting-accessories\/#listItem","position":2,"name":"Messger\u00e4te und Zubeh\u00f6r","item":"https:\/\/www.est-aegis.com\/de\/product\/mounting-accessories\/","nextItem":{"@type":"ListItem","@id":"https:\/\/www.est-aegis.com\/de\/product\/mounting-accessories\/oszilloskop-aegis-shaft-voltage-tester\/#listItem","name":"Oszilloskop AEGIS\u00ae Shaft Voltage Tester\u2122"},"previousItem":{"@type":"ListItem","@id":"https:\/\/www.est-aegis.com\/de\/#listItem","name":"Home"}},{"@type":"ListItem","@id":"https:\/\/www.est-aegis.com\/de\/product\/mounting-accessories\/oszilloskop-aegis-shaft-voltage-tester\/#listItem","position":3,"name":"Oszilloskop AEGIS\u00ae Shaft Voltage Tester\u2122","previousItem":{"@type":"ListItem","@id":"https:\/\/www.est-aegis.com\/de\/product\/mounting-accessories\/#listItem","name":"Messger\u00e4te und Zubeh\u00f6r"}}]},{"@type":"Organization","@id":"https:\/\/www.est-aegis.com\/de\/#organization","name":"Electro Static Technology","url":"https:\/\/www.est-aegis.com\/de\/","logo":{"@type":"ImageObject","url":"https:\/\/www.est-aegis.com\/wp-content\/uploads\/logo-aegis-1.svg","@id":"https:\/\/www.est-aegis.com\/de\/product\/mounting-accessories\/oszilloskop-aegis-shaft-voltage-tester\/#organizationLogo","width":244,"height":73,"caption":"aegis logo"},"image":{"@id":"https:\/\/www.est-aegis.com\/de\/product\/mounting-accessories\/oszilloskop-aegis-shaft-voltage-tester\/#organizationLogo"},"sameAs":["https:\/\/x.com\/AEGIS_rings"],"address":{"@id":"https:\/\/www.est-aegis.com\/de\/#postaladdress","@type":"PostalAddress","streetAddress":"31 Winterbrook Road,","postalCode":"04256","addressLocality":"Mechanic Falls","addressRegion":"ME","addressCountry":"US"}},{"@type":"WebPage","@id":"https:\/\/www.est-aegis.com\/de\/product\/mounting-accessories\/oszilloskop-aegis-shaft-voltage-tester\/#webpage","url":"https:\/\/www.est-aegis.com\/de\/product\/mounting-accessories\/oszilloskop-aegis-shaft-voltage-tester\/","name":"Oszilloskop AEGIS\u00ae Shaft Voltage Tester\u2122 | Electro Static Technology","description":"Mit dem digitalen Oszilloskop AEGIS\u00ae Shaft Voltage Tester\u2122 kann Anlagenwartungspersonal schnell Wellenspannungswerte an Motorwellen messen und das Vorhandensein von Wellenspannungsentladungen best\u00e4tigen, die Motorlager besch\u00e4digen k\u00f6nnen. Zu jedem Oscilloskop geh\u00f6ren eine Tastsonde mit speziellen leitf\u00e4higen Mikrofaserspitzen, ein Sondenhalter mit Magnetfu\u00df und eine Tragetasche. Es sind auch erweiterte Zubeh\u00f6rs\u00e4tze erh\u00e4ltlich. F\u00fcr weitere Informationen laden Sie das Produktblatt","inLanguage":"de-DE","isPartOf":{"@id":"https:\/\/www.est-aegis.com\/de\/#website"},"breadcrumb":{"@id":"https:\/\/www.est-aegis.com\/de\/product\/mounting-accessories\/oszilloskop-aegis-shaft-voltage-tester\/#breadcrumblist"},"image":{"@type":"ImageObject","url":"https:\/\/www.est-aegis.com\/wp-content\/uploads\/AEGIS-OSC-9200MB-est.png","@id":"https:\/\/www.est-aegis.com\/de\/product\/mounting-accessories\/oszilloskop-aegis-shaft-voltage-tester\/#mainImage","width":800,"height":569},"primaryImageOfPage":{"@id":"https:\/\/www.est-aegis.com\/de\/product\/mounting-accessories\/oszilloskop-aegis-shaft-voltage-tester\/#mainImage"},"datePublished":"2022-01-06T11:23:49-05:00","dateModified":"2024-03-06T09:43:22-05:00"},{"@type":"WebSite","@id":"https:\/\/www.est-aegis.com\/de\/#website","url":"https:\/\/www.est-aegis.com\/de\/","name":"Electro Static Technology","inLanguage":"de-DE","publisher":{"@id":"https:\/\/www.est-aegis.com\/de\/#organization"}}]},"og:locale":"de_DE","og:site_name":"Electro Static Technology","og:type":"article","og:title":"Oszilloskop AEGIS\u00ae Shaft Voltage Tester\u2122 | Electro Static Technology","og:description":"Mit dem digitalen Oszilloskop AEGIS\u00ae Shaft Voltage Tester\u2122 kann Anlagenwartungspersonal schnell Wellenspannungswerte an Motorwellen messen und das Vorhandensein von Wellenspannungsentladungen best\u00e4tigen, die Motorlager besch\u00e4digen k\u00f6nnen. Zu jedem Oscilloskop geh\u00f6ren eine Tastsonde mit speziellen leitf\u00e4higen Mikrofaserspitzen, ein Sondenhalter mit Magnetfu\u00df und eine Tragetasche. Es sind auch erweiterte Zubeh\u00f6rs\u00e4tze erh\u00e4ltlich. F\u00fcr weitere Informationen laden Sie das Produktblatt","og:url":"https:\/\/www.est-aegis.com\/de\/product\/mounting-accessories\/oszilloskop-aegis-shaft-voltage-tester\/","og:image":"https:\/\/www.est-aegis.com\/wp-content\/uploads\/AEGIS-OSC-9200MB-est.png","og:image:secure_url":"https:\/\/www.est-aegis.com\/wp-content\/uploads\/AEGIS-OSC-9200MB-est.png","og:image:width":800,"og:image:height":569,"article:published_time":"2022-01-06T16:23:49+00:00","article:modified_time":"2024-03-06T14:43:22+00:00","twitter:card":"summary_large_image","twitter:site":"@AEGIS_rings","twitter:title":"Oszilloskop AEGIS\u00ae Shaft Voltage Tester\u2122 | Electro Static Technology","twitter:description":"Mit dem digitalen Oszilloskop AEGIS\u00ae Shaft Voltage Tester\u2122 kann Anlagenwartungspersonal schnell Wellenspannungswerte an Motorwellen messen und das Vorhandensein von Wellenspannungsentladungen best\u00e4tigen, die Motorlager besch\u00e4digen k\u00f6nnen. Zu jedem Oscilloskop geh\u00f6ren eine Tastsonde mit speziellen leitf\u00e4higen Mikrofaserspitzen, ein Sondenhalter mit Magnetfu\u00df und eine Tragetasche. Es sind auch erweiterte Zubeh\u00f6rs\u00e4tze erh\u00e4ltlich. F\u00fcr weitere Informationen laden Sie das Produktblatt","twitter:image":"https:\/\/www.est-aegis.com\/wp-content\/uploads\/AEGIS-OSC-9200MB-est.png"},"aioseo_meta_data":{"post_id":"7174","title":"","description":"","keywords":null,"keyphrases":null,"primary_term":null,"canonical_url":"","og_title":"","og_description":"","og_object_type":"default","og_image_type":"featured","og_image_url":null,"og_image_width":null,"og_image_height":null,"og_image_custom_url":"","og_image_custom_fields":null,"og_video":null,"og_custom_url":null,"og_article_section":null,"og_article_tags":null,"twitter_use_og":true,"twitter_card":"default","twitter_image_type":"default","twitter_image_url":null,"twitter_image_custom_url":"","twitter_image_custom_fields":null,"twitter_title":"","twitter_description":"","schema":{"blockGraphs":[],"customGraphs":[],"default":{"data":{"Article":[],"Course":[],"Dataset":[],"FAQPage":[],"Movie":[],"Person":[],"Product":[],"ProductReview":[],"Car":[],"Recipe":[],"Service":[],"SoftwareApplication":[],"WebPage":[]},"graphName":"","isEnabled":true},"graphs":[]},"schema_type":"default","schema_type_options":null,"pillar_content":false,"robots_default":true,"robots_noindex":false,"robots_noarchive":false,"robots_nosnippet":false,"robots_nofollow":false,"robots_noimageindex":false,"robots_noodp":false,"robots_notranslate":false,"robots_max_snippet":null,"robots_max_videopreview":null,"robots_max_imagepreview":"large","priority":null,"frequency":null,"local_seo":null,"seo_analyzer_scan_date":"2026-02-19 00:22:46","breadcrumb_settings":null,"limit_modified_date":false,"reviewed_by":null,"open_ai":null,"ai":null,"created":"2026-02-18 20:34:10","updated":"2026-02-19 00:22:46"},"aioseo_breadcrumb":"<div class=\"aioseo-breadcrumbs\"><span class=\"aioseo-breadcrumb\">\n\t<a href=\"https:\/\/www.est-aegis.com\/de\/\" title=\"Home\">Home<\/a>\n<\/span><span class=\"aioseo-breadcrumb-separator\">&raquo;<\/span><span class=\"aioseo-breadcrumb\">\n\t<a href=\"https:\/\/www.est-aegis.com\/de\/product\/mounting-accessories\/\" title=\"Messger\u00e4te und Zubeh\u00f6r\">Messger\u00e4te und Zubeh\u00f6r<\/a>\n<\/span><span class=\"aioseo-breadcrumb-separator\">&raquo;<\/span><span class=\"aioseo-breadcrumb\">\n\tOszilloskop AEGIS\u00ae Shaft Voltage Tester\u2122\n<\/span><\/div>","aioseo_breadcrumb_json":[{"label":"Home","link":"https:\/\/www.est-aegis.com\/de\/"},{"label":"Messger\u00e4te und Zubeh\u00f6r","link":"https:\/\/www.est-aegis.com\/de\/product\/mounting-accessories\/"},{"label":"Oszilloskop AEGIS\u00ae Shaft Voltage Tester\u2122","link":"https:\/\/www.est-aegis.com\/de\/product\/mounting-accessories\/oszilloskop-aegis-shaft-voltage-tester\/"}],"jetpack_sharing_enabled":true,"_links":{"self":[{"href":"https:\/\/www.est-aegis.com\/de\/wp-json\/wp\/v2\/product\/7174","targetHints":{"allow":["GET"]}}],"collection":[{"href":"https:\/\/www.est-aegis.com\/de\/wp-json\/wp\/v2\/product"}],"about":[{"href":"https:\/\/www.est-aegis.com\/de\/wp-json\/wp\/v2\/types\/product"}],"up":[{"embeddable":true,"href":"https:\/\/www.est-aegis.com\/de\/wp-json\/wp\/v2\/product\/6783"}],"wp:featuredmedia":[{"embeddable":true,"href":"https:\/\/www.est-aegis.com\/de\/wp-json\/wp\/v2\/media\/6785"}],"wp:attachment":[{"href":"https:\/\/www.est-aegis.com\/de\/wp-json\/wp\/v2\/media?parent=7174"}],"curies":[{"name":"wp","href":"https:\/\/api.w.org\/{rel}","templated":true}]}}