{"id":6613,"date":"2022-01-03T22:31:47","date_gmt":"2022-01-04T03:31:47","guid":{"rendered":"https:\/\/www.est-aegis.com\/bearing-protection\/"},"modified":"2023-10-23T15:01:01","modified_gmt":"2023-10-23T19:01:01","slug":"bearing-protection","status":"publish","type":"page","link":"https:\/\/www.est-aegis.com\/es\/bearing-protection\/","title":{"rendered":"Protecci\u00f3n de Rodamientos"},"content":{"rendered":"\n\n\n<p>\u00bfQu\u00e9 causa el da\u00f1o el\u00e9ctrico en los rodamientos de los motores accionados por VFD? \u00bfC\u00f3mo se puede diagnosticar que un rodamiento fall\u00f3 debido a un da\u00f1o el\u00e9ctrico? \u00bfCu\u00e1les son las pr\u00e1cticas recomendadas para proteger el motor contra da\u00f1os el\u00e9ctricos en los rodamientos? Compru\u00e9belo a continuaci\u00f3n.<\/p>\n\n\n\n<div style=\"height:25px\" aria-hidden=\"true\" class=\"wp-block-spacer\"><\/div>\n\n\n\n<center><iframe loading=\"lazy\" src=\"https:\/\/www.youtube.com\/embed\/Yrrwi7lGWcs\" title=\"YouTube video player\" allow=\"accelerometer; autoplay; clipboard-write; encrypted-media; gyroscope; picture-in-picture\" allowfullscreen=\"\" width=\"560\" height=\"315\" frameborder=\"0\"><\/iframe><div style=\"font-size: 0.8em\"><a href=\"http:\/\/codegena.com\/generator\/Youtube-Embed-Code-Generator.html\"><\/a><\/div><\/center>\n","protected":false},"excerpt":{"rendered":"<p>\u00bfQu\u00e9 causa el da\u00f1o el\u00e9ctrico en los rodamientos de los motores accionados por VFD? \u00bfC\u00f3mo se puede diagnosticar que un rodamiento fall\u00f3 debido a un da\u00f1o el\u00e9ctrico? \u00bfCu\u00e1les son las pr\u00e1cticas recomendadas para proteger el motor contra da\u00f1os el\u00e9ctricos en los rodamientos? Compru\u00e9belo a continuaci\u00f3n.<\/p>\n","protected":false},"author":1,"featured_media":0,"parent":0,"menu_order":6,"comment_status":"closed","ping_status":"closed","template":"","meta":{"_acf_changed":false,"content-type":"","_relevanssi_hide_post":"","_relevanssi_hide_content":"","_relevanssi_pin_for_all":"","_relevanssi_pin_keywords":"","_relevanssi_unpin_keywords":"","_relevanssi_related_keywords":"","_relevanssi_related_include_ids":"","_relevanssi_related_exclude_ids":"","_relevanssi_related_no_append":"","_relevanssi_related_not_related":"","_relevanssi_related_posts":"1,426,427","_relevanssi_noindex_reason":"","footnotes":""},"class_list":["post-6613","page","type-page","status-publish","hentry"],"acf":[],"aioseo_notices":[],"aioseo_head":"\n\t\t<!-- All in One SEO Pro 4.9.5.2 - aioseo.com -->\n\t<meta name=\"description\" content=\"How do you test for bearing currents, prevent failure, inspect, and more? Discover best practices for motor bearing protection here.\" \/>\n\t<meta name=\"robots\" content=\"max-image-preview:large\" \/>\n\t<link rel=\"canonical\" href=\"https:\/\/www.est-aegis.com\/es\/bearing-protection\/\" \/>\n\t<meta name=\"generator\" content=\"All in One SEO Pro (AIOSEO) 4.9.5.2\" \/>\n\t\t<meta property=\"og:locale\" content=\"es_ES\" \/>\n\t\t<meta property=\"og:site_name\" content=\"Electro Static Technology\" \/>\n\t\t<meta property=\"og:type\" content=\"article\" \/>\n\t\t<meta property=\"og:title\" content=\"Motor Bearing Protection, Inspection, and Best Practices\" \/>\n\t\t<meta property=\"og:description\" content=\"How do you test for bearing currents, prevent failure, inspect, and more? Discover best practices for motor bearing protection here.\" \/>\n\t\t<meta property=\"og:url\" content=\"https:\/\/www.est-aegis.com\/es\/bearing-protection\/\" \/>\n\t\t<meta property=\"article:published_time\" content=\"2022-01-04T03:31:47+00:00\" \/>\n\t\t<meta property=\"article:modified_time\" content=\"2023-10-23T19:01:01+00:00\" \/>\n\t\t<meta name=\"twitter:card\" content=\"summary_large_image\" \/>\n\t\t<meta name=\"twitter:site\" content=\"@AEGIS_rings\" \/>\n\t\t<meta name=\"twitter:title\" content=\"Motor Bearing Protection, Inspection, and Best Practices\" \/>\n\t\t<meta name=\"twitter:description\" content=\"How do you test for bearing currents, prevent failure, inspect, and more? Discover best practices for motor bearing protection here.\" \/>\n\t\t<meta name=\"twitter:creator\" content=\"@AEGIS_rings\" \/>\n\t\t<meta name=\"twitter:label1\" content=\"Written by\" \/>\n\t\t<meta name=\"twitter:data1\" content=\"p1ws\" \/>\n\t\t<script type=\"application\/ld+json\" class=\"aioseo-schema\">\n\t\t\t{\"@context\":\"https:\\\/\\\/schema.org\",\"@graph\":[{\"@type\":\"BreadcrumbList\",\"@id\":\"https:\\\/\\\/www.est-aegis.com\\\/es\\\/bearing-protection\\\/#breadcrumblist\",\"itemListElement\":[{\"@type\":\"ListItem\",\"@id\":\"https:\\\/\\\/www.est-aegis.com\\\/es\\\/#listItem\",\"position\":1,\"name\":\"Home\",\"item\":\"https:\\\/\\\/www.est-aegis.com\\\/es\\\/\",\"nextItem\":{\"@type\":\"ListItem\",\"@id\":\"https:\\\/\\\/www.est-aegis.com\\\/es\\\/bearing-protection\\\/#listItem\",\"name\":\"Protecci\\u00f3n de Rodamientos\"}},{\"@type\":\"ListItem\",\"@id\":\"https:\\\/\\\/www.est-aegis.com\\\/es\\\/bearing-protection\\\/#listItem\",\"position\":2,\"name\":\"Protecci\\u00f3n de Rodamientos\",\"previousItem\":{\"@type\":\"ListItem\",\"@id\":\"https:\\\/\\\/www.est-aegis.com\\\/es\\\/#listItem\",\"name\":\"Home\"}}]},{\"@type\":\"Organization\",\"@id\":\"https:\\\/\\\/www.est-aegis.com\\\/es\\\/#organization\",\"name\":\"Electro Static Technology\",\"url\":\"https:\\\/\\\/www.est-aegis.com\\\/es\\\/\",\"logo\":{\"@type\":\"ImageObject\",\"url\":\"https:\\\/\\\/www.est-aegis.com\\\/wp-content\\\/uploads\\\/logo-aegis-1.svg\",\"@id\":\"https:\\\/\\\/www.est-aegis.com\\\/es\\\/bearing-protection\\\/#organizationLogo\",\"width\":244,\"height\":73,\"caption\":\"aegis logo\"},\"image\":{\"@id\":\"https:\\\/\\\/www.est-aegis.com\\\/es\\\/bearing-protection\\\/#organizationLogo\"},\"sameAs\":[\"https:\\\/\\\/x.com\\\/AEGIS_rings\"],\"address\":{\"@id\":\"https:\\\/\\\/www.est-aegis.com\\\/es\\\/#postaladdress\",\"@type\":\"PostalAddress\",\"streetAddress\":\"31 Winterbrook Road,\",\"postalCode\":\"04256\",\"addressLocality\":\"Mechanic Falls\",\"addressRegion\":\"ME\",\"addressCountry\":\"US\"}},{\"@type\":\"WebPage\",\"@id\":\"https:\\\/\\\/www.est-aegis.com\\\/es\\\/bearing-protection\\\/#webpage\",\"url\":\"https:\\\/\\\/www.est-aegis.com\\\/es\\\/bearing-protection\\\/\",\"name\":\"Motor Bearing Protection, Inspection, and Best Practices\",\"description\":\"How do you test for bearing currents, prevent failure, inspect, and more? Discover best practices for motor bearing protection here.\",\"inLanguage\":\"es-ES\",\"isPartOf\":{\"@id\":\"https:\\\/\\\/www.est-aegis.com\\\/es\\\/#website\"},\"breadcrumb\":{\"@id\":\"https:\\\/\\\/www.est-aegis.com\\\/es\\\/bearing-protection\\\/#breadcrumblist\"},\"datePublished\":\"2022-01-03T22:31:47-05:00\",\"dateModified\":\"2023-10-23T15:01:01-04:00\"},{\"@type\":\"WebSite\",\"@id\":\"https:\\\/\\\/www.est-aegis.com\\\/es\\\/#website\",\"url\":\"https:\\\/\\\/www.est-aegis.com\\\/es\\\/\",\"name\":\"Electro Static Technology\",\"inLanguage\":\"es-ES\",\"publisher\":{\"@id\":\"https:\\\/\\\/www.est-aegis.com\\\/es\\\/#organization\"}}]}\n\t\t<\/script>\n\t\t<!-- All in One SEO Pro -->\r\n\t\t<title>Motor Bearing Protection, Inspection, and Best Practices<\/title>\n\n","aioseo_head_json":{"title":"Motor Bearing Protection, Inspection, and Best Practices","description":"How do you test for bearing currents, prevent failure, inspect, and more? Discover best practices for motor bearing protection here.","canonical_url":"https:\/\/www.est-aegis.com\/es\/bearing-protection\/","robots":"max-image-preview:large","keywords":"","webmasterTools":{"miscellaneous":""},"schema":{"@context":"https:\/\/schema.org","@graph":[{"@type":"BreadcrumbList","@id":"https:\/\/www.est-aegis.com\/es\/bearing-protection\/#breadcrumblist","itemListElement":[{"@type":"ListItem","@id":"https:\/\/www.est-aegis.com\/es\/#listItem","position":1,"name":"Home","item":"https:\/\/www.est-aegis.com\/es\/","nextItem":{"@type":"ListItem","@id":"https:\/\/www.est-aegis.com\/es\/bearing-protection\/#listItem","name":"Protecci\u00f3n de Rodamientos"}},{"@type":"ListItem","@id":"https:\/\/www.est-aegis.com\/es\/bearing-protection\/#listItem","position":2,"name":"Protecci\u00f3n de Rodamientos","previousItem":{"@type":"ListItem","@id":"https:\/\/www.est-aegis.com\/es\/#listItem","name":"Home"}}]},{"@type":"Organization","@id":"https:\/\/www.est-aegis.com\/es\/#organization","name":"Electro Static Technology","url":"https:\/\/www.est-aegis.com\/es\/","logo":{"@type":"ImageObject","url":"https:\/\/www.est-aegis.com\/wp-content\/uploads\/logo-aegis-1.svg","@id":"https:\/\/www.est-aegis.com\/es\/bearing-protection\/#organizationLogo","width":244,"height":73,"caption":"aegis logo"},"image":{"@id":"https:\/\/www.est-aegis.com\/es\/bearing-protection\/#organizationLogo"},"sameAs":["https:\/\/x.com\/AEGIS_rings"],"address":{"@id":"https:\/\/www.est-aegis.com\/es\/#postaladdress","@type":"PostalAddress","streetAddress":"31 Winterbrook Road,","postalCode":"04256","addressLocality":"Mechanic Falls","addressRegion":"ME","addressCountry":"US"}},{"@type":"WebPage","@id":"https:\/\/www.est-aegis.com\/es\/bearing-protection\/#webpage","url":"https:\/\/www.est-aegis.com\/es\/bearing-protection\/","name":"Motor Bearing Protection, Inspection, and Best Practices","description":"How do you test for bearing currents, prevent failure, inspect, and more? Discover best practices for motor bearing protection here.","inLanguage":"es-ES","isPartOf":{"@id":"https:\/\/www.est-aegis.com\/es\/#website"},"breadcrumb":{"@id":"https:\/\/www.est-aegis.com\/es\/bearing-protection\/#breadcrumblist"},"datePublished":"2022-01-03T22:31:47-05:00","dateModified":"2023-10-23T15:01:01-04:00"},{"@type":"WebSite","@id":"https:\/\/www.est-aegis.com\/es\/#website","url":"https:\/\/www.est-aegis.com\/es\/","name":"Electro Static Technology","inLanguage":"es-ES","publisher":{"@id":"https:\/\/www.est-aegis.com\/es\/#organization"}}]},"og:locale":"es_ES","og:site_name":"Electro Static Technology","og:type":"article","og:title":"Motor Bearing Protection, Inspection, and Best Practices","og:description":"How do you test for bearing currents, prevent failure, inspect, and more? Discover best practices for motor bearing protection here.","og:url":"https:\/\/www.est-aegis.com\/es\/bearing-protection\/","article:published_time":"2022-01-04T03:31:47+00:00","article:modified_time":"2023-10-23T19:01:01+00:00","twitter:card":"summary_large_image","twitter:site":"@AEGIS_rings","twitter:title":"Motor Bearing Protection, Inspection, and Best Practices","twitter:description":"How do you test for bearing currents, prevent failure, inspect, and more? Discover best practices for motor bearing protection here.","twitter:creator":"@AEGIS_rings","twitter:label1":"Written by","twitter:data1":"p1ws"},"aioseo_meta_data":{"post_id":"6613","title":"Motor Bearing Protection, Inspection, and Best Practices","description":"How do you test for bearing currents, prevent failure, inspect, and more? Discover best practices for motor bearing protection here.","keywords":null,"keyphrases":{"focus":{"keyphrase":"motor bearing protection"}},"primary_term":null,"canonical_url":"","og_title":"","og_description":"","og_object_type":"default","og_image_type":"content","og_image_url":null,"og_image_width":null,"og_image_height":null,"og_image_custom_url":"","og_image_custom_fields":null,"og_video":null,"og_custom_url":null,"og_article_section":null,"og_article_tags":null,"twitter_use_og":false,"twitter_card":"default","twitter_image_type":"default","twitter_image_url":null,"twitter_image_custom_url":"","twitter_image_custom_fields":null,"twitter_title":"Motor Bearing Protection, Inspection, and Best Practices","twitter_description":"","schema":{"blockGraphs":[],"customGraphs":[],"default":{"data":{"Article":[],"Course":[],"Dataset":[],"FAQPage":[],"Movie":[],"Person":[],"Product":[],"ProductReview":[],"Car":[],"Recipe":[],"Service":[],"SoftwareApplication":[],"WebPage":[]},"graphName":"","isEnabled":true},"graphs":[]},"schema_type":"default","schema_type_options":null,"pillar_content":false,"robots_default":true,"robots_noindex":false,"robots_noarchive":false,"robots_nosnippet":false,"robots_nofollow":false,"robots_noimageindex":false,"robots_noodp":false,"robots_notranslate":false,"robots_max_snippet":null,"robots_max_videopreview":null,"robots_max_imagepreview":"large","priority":null,"frequency":null,"local_seo":null,"seo_analyzer_scan_date":"2026-02-18 20:48:38","breadcrumb_settings":null,"limit_modified_date":false,"reviewed_by":null,"open_ai":null,"ai":null,"created":"2026-02-18 20:34:09","updated":"2026-02-18 21:57:01"},"aioseo_breadcrumb":"<div class=\"aioseo-breadcrumbs\"><span class=\"aioseo-breadcrumb\">\n\t<a href=\"https:\/\/www.est-aegis.com\/es\/\" title=\"Home\">Home<\/a>\n<\/span><span class=\"aioseo-breadcrumb-separator\">&raquo;<\/span><span class=\"aioseo-breadcrumb\">\n\tProtecci\u00f3n de Rodamientos\n<\/span><\/div>","aioseo_breadcrumb_json":[{"label":"Home","link":"https:\/\/www.est-aegis.com\/es\/"},{"label":"Protecci\u00f3n de Rodamientos","link":"https:\/\/www.est-aegis.com\/es\/bearing-protection\/"}],"jetpack_sharing_enabled":true,"_links":{"self":[{"href":"https:\/\/www.est-aegis.com\/es\/wp-json\/wp\/v2\/pages\/6613","targetHints":{"allow":["GET"]}}],"collection":[{"href":"https:\/\/www.est-aegis.com\/es\/wp-json\/wp\/v2\/pages"}],"about":[{"href":"https:\/\/www.est-aegis.com\/es\/wp-json\/wp\/v2\/types\/page"}],"author":[{"embeddable":true,"href":"https:\/\/www.est-aegis.com\/es\/wp-json\/wp\/v2\/users\/1"}],"replies":[{"embeddable":true,"href":"https:\/\/www.est-aegis.com\/es\/wp-json\/wp\/v2\/comments?post=6613"}],"version-history":[{"count":3,"href":"https:\/\/www.est-aegis.com\/es\/wp-json\/wp\/v2\/pages\/6613\/revisions"}],"predecessor-version":[{"id":7206,"href":"https:\/\/www.est-aegis.com\/es\/wp-json\/wp\/v2\/pages\/6613\/revisions\/7206"}],"wp:attachment":[{"href":"https:\/\/www.est-aegis.com\/es\/wp-json\/wp\/v2\/media?parent=6613"}],"curies":[{"name":"wp","href":"https:\/\/api.w.org\/{rel}","templated":true}]}}