{"id":6636,"date":"2022-01-03T22:38:51","date_gmt":"2022-01-04T03:38:51","guid":{"rendered":"https:\/\/www.est-aegis.com\/bearing-protection\/best-practices-and-installation\/"},"modified":"2023-09-07T11:26:48","modified_gmt":"2023-09-07T15:26:48","slug":"best-practices-and-installation","status":"publish","type":"page","link":"https:\/\/www.est-aegis.com\/es\/bearing-protection\/best-practices-and-installation\/","title":{"rendered":"Mejores Pr\u00e1cticas e Instalaci\u00f3n"},"content":{"rendered":"\n<p>En nuestro manual de protecci\u00f3n de rodamientos, le guiaremos a trav\u00e9s de todo lo que necesita saber sobre c\u00f3mo proteger los motores accionados por VFD contra da\u00f1os el\u00e9ctricos en los rodamientos y prevenir las costosas reparaciones, tiempo de inactividad y p\u00e9rdida de producci\u00f3n. En esta gu\u00eda detallada puede encontrar lo que necesita para identificar la causa del problema, la soluci\u00f3n y la instalaci\u00f3n.<br><img decoding=\"async\" class=\"alignright wp-image-2408 size-full\" src=\"https:\/\/www.est-aegis.com\/wp-content\/uploads\/best-practice.png\" alt=\"\" width=\"601\" height=\"396\" srcset=\"https:\/\/www.est-aegis.com\/wp-content\/uploads\/best-practice.png 601w, https:\/\/www.est-aegis.com\/wp-content\/uploads\/best-practice-300x198.png 300w\" sizes=\"(max-width: 601px) 100vw, 601px\" \/><\/p>\n<p><strong>Conozca las pr\u00e1cticas recomendadas para:<\/strong><\/p>\n<ul>\n<li>* Motores de hasta 75 kW: baja Tensi\u00f3n<\/li>\n<li>Motores de m\u00e1s de 75 kW<\/li>\n<li>Motores donde ambos rodamientos est\u00e1n aislados<\/li>\n<li>Motores donde ambos rodamientos est\u00e1n aislados<\/li>\n<li>Motores de eje vertical macizo<\/li>\n<li>Motores de eje vertical hueco<\/li>\n<li>Motores de DC<\/li>\n<li>Puesta a tierra<\/li>\n<\/ul>\n<p><a class=\"button\" href=\"https:\/\/www.est-aegis.com\/resources\/handbook\/\">Descargar manual de la protecci\u00f3n de rodamientos<\/a><\/p>\n\n\n","protected":false},"excerpt":{"rendered":"<p>En nuestro manual de protecci\u00f3n de rodamientos, le guiaremos a trav\u00e9s de todo lo que necesita saber sobre c\u00f3mo proteger los motores accionados por VFD contra da\u00f1os el\u00e9ctricos en los rodamientos y prevenir las costosas reparaciones, tiempo de inactividad y p\u00e9rdida de producci\u00f3n. En esta gu\u00eda detallada puede encontrar lo que necesita para identificar la&#8230;  <a class=\"excerpt-read-more\" href=\"https:\/\/www.est-aegis.com\/es\/bearing-protection\/best-practices-and-installation\/\" title=\"Read Mejores Pr\u00e1cticas e Instalaci\u00f3n\">Read more &raquo;<\/a><\/p>\n","protected":false},"author":1,"featured_media":5183,"parent":6613,"menu_order":2,"comment_status":"closed","ping_status":"closed","template":"","meta":{"_acf_changed":false,"content-type":"","_relevanssi_hide_post":"","_relevanssi_hide_content":"","_relevanssi_pin_for_all":"","_relevanssi_pin_keywords":"","_relevanssi_unpin_keywords":"","_relevanssi_related_keywords":"","_relevanssi_related_include_ids":"","_relevanssi_related_exclude_ids":"","_relevanssi_related_no_append":"","_relevanssi_related_not_related":"","_relevanssi_related_posts":"426,427,1","_relevanssi_noindex_reason":"","footnotes":""},"class_list":["post-6636","page","type-page","status-publish","has-post-thumbnail","hentry"],"acf":[],"aioseo_notices":[],"aioseo_head":"\n\t\t<!-- All in One SEO Pro 4.9.5.2 - aioseo.com -->\n\t<meta name=\"description\" content=\"Our Bearing Protection Handbook offers everything you need to know about protecting VFD-driven motors from electrical bearing damage.\" \/>\n\t<meta name=\"robots\" content=\"max-image-preview:large\" \/>\n\t<link rel=\"canonical\" href=\"https:\/\/www.est-aegis.com\/es\/bearing-protection\/best-practices-and-installation\/\" \/>\n\t<meta name=\"generator\" content=\"All in One SEO Pro (AIOSEO) 4.9.5.2\" \/>\n\t\t<meta property=\"og:locale\" content=\"es_ES\" \/>\n\t\t<meta property=\"og:site_name\" content=\"Electro Static Technology\" \/>\n\t\t<meta property=\"og:type\" content=\"article\" \/>\n\t\t<meta property=\"og:title\" content=\"Best Practices for Bearing Current Protection\" \/>\n\t\t<meta property=\"og:description\" content=\"Our Bearing Protection Handbook offers everything you need to know about protecting VFD-driven motors from electrical bearing damage.\" \/>\n\t\t<meta property=\"og:url\" content=\"https:\/\/www.est-aegis.com\/es\/bearing-protection\/best-practices-and-installation\/\" \/>\n\t\t<meta property=\"og:image\" content=\"https:\/\/www.est-aegis.com\/wp-content\/uploads\/best-practice.png\" \/>\n\t\t<meta property=\"og:image:secure_url\" content=\"https:\/\/www.est-aegis.com\/wp-content\/uploads\/best-practice.png\" \/>\n\t\t<meta property=\"og:image:width\" content=\"601\" \/>\n\t\t<meta property=\"og:image:height\" content=\"396\" \/>\n\t\t<meta property=\"article:published_time\" content=\"2022-01-04T03:38:51+00:00\" \/>\n\t\t<meta property=\"article:modified_time\" content=\"2023-09-07T15:26:48+00:00\" \/>\n\t\t<meta name=\"twitter:card\" content=\"summary_large_image\" \/>\n\t\t<meta name=\"twitter:site\" content=\"@AEGIS_rings\" \/>\n\t\t<meta name=\"twitter:title\" content=\"Best Practices for Bearing Current Protection\" \/>\n\t\t<meta name=\"twitter:description\" content=\"Our Bearing Protection Handbook offers everything you need to know about protecting VFD-driven motors from electrical bearing damage.\" \/>\n\t\t<meta name=\"twitter:creator\" content=\"@AEGIS_rings\" \/>\n\t\t<meta name=\"twitter:image\" content=\"https:\/\/www.est-aegis.com\/wp-content\/uploads\/best-practice.png\" \/>\n\t\t<meta name=\"twitter:label1\" content=\"Written by\" \/>\n\t\t<meta name=\"twitter:data1\" content=\"p1ws\" \/>\n\t\t<meta name=\"twitter:label2\" content=\"Est. reading time\" \/>\n\t\t<meta name=\"twitter:data2\" content=\"1 minute\" \/>\n\t\t<script type=\"application\/ld+json\" class=\"aioseo-schema\">\n\t\t\t{\"@context\":\"https:\\\/\\\/schema.org\",\"@graph\":[{\"@type\":\"BreadcrumbList\",\"@id\":\"https:\\\/\\\/www.est-aegis.com\\\/es\\\/bearing-protection\\\/best-practices-and-installation\\\/#breadcrumblist\",\"itemListElement\":[{\"@type\":\"ListItem\",\"@id\":\"https:\\\/\\\/www.est-aegis.com\\\/es\\\/#listItem\",\"position\":1,\"name\":\"Home\",\"item\":\"https:\\\/\\\/www.est-aegis.com\\\/es\\\/\",\"nextItem\":{\"@type\":\"ListItem\",\"@id\":\"https:\\\/\\\/www.est-aegis.com\\\/es\\\/bearing-protection\\\/#listItem\",\"name\":\"Protecci\\u00f3n de Rodamientos\"}},{\"@type\":\"ListItem\",\"@id\":\"https:\\\/\\\/www.est-aegis.com\\\/es\\\/bearing-protection\\\/#listItem\",\"position\":2,\"name\":\"Protecci\\u00f3n de Rodamientos\",\"item\":\"https:\\\/\\\/www.est-aegis.com\\\/es\\\/bearing-protection\\\/\",\"nextItem\":{\"@type\":\"ListItem\",\"@id\":\"https:\\\/\\\/www.est-aegis.com\\\/es\\\/bearing-protection\\\/best-practices-and-installation\\\/#listItem\",\"name\":\"Mejores Pr\\u00e1cticas e Instalaci\\u00f3n\"},\"previousItem\":{\"@type\":\"ListItem\",\"@id\":\"https:\\\/\\\/www.est-aegis.com\\\/es\\\/#listItem\",\"name\":\"Home\"}},{\"@type\":\"ListItem\",\"@id\":\"https:\\\/\\\/www.est-aegis.com\\\/es\\\/bearing-protection\\\/best-practices-and-installation\\\/#listItem\",\"position\":3,\"name\":\"Mejores Pr\\u00e1cticas e Instalaci\\u00f3n\",\"previousItem\":{\"@type\":\"ListItem\",\"@id\":\"https:\\\/\\\/www.est-aegis.com\\\/es\\\/bearing-protection\\\/#listItem\",\"name\":\"Protecci\\u00f3n de Rodamientos\"}}]},{\"@type\":\"Organization\",\"@id\":\"https:\\\/\\\/www.est-aegis.com\\\/es\\\/#organization\",\"name\":\"Electro Static Technology\",\"url\":\"https:\\\/\\\/www.est-aegis.com\\\/es\\\/\",\"logo\":{\"@type\":\"ImageObject\",\"url\":\"https:\\\/\\\/www.est-aegis.com\\\/wp-content\\\/uploads\\\/logo-aegis-1.svg\",\"@id\":\"https:\\\/\\\/www.est-aegis.com\\\/es\\\/bearing-protection\\\/best-practices-and-installation\\\/#organizationLogo\",\"width\":244,\"height\":73,\"caption\":\"aegis logo\"},\"image\":{\"@id\":\"https:\\\/\\\/www.est-aegis.com\\\/es\\\/bearing-protection\\\/best-practices-and-installation\\\/#organizationLogo\"},\"sameAs\":[\"https:\\\/\\\/x.com\\\/AEGIS_rings\"],\"address\":{\"@id\":\"https:\\\/\\\/www.est-aegis.com\\\/es\\\/#postaladdress\",\"@type\":\"PostalAddress\",\"streetAddress\":\"31 Winterbrook Road,\",\"postalCode\":\"04256\",\"addressLocality\":\"Mechanic Falls\",\"addressRegion\":\"ME\",\"addressCountry\":\"US\"}},{\"@type\":\"WebPage\",\"@id\":\"https:\\\/\\\/www.est-aegis.com\\\/es\\\/bearing-protection\\\/best-practices-and-installation\\\/#webpage\",\"url\":\"https:\\\/\\\/www.est-aegis.com\\\/es\\\/bearing-protection\\\/best-practices-and-installation\\\/\",\"name\":\"Best Practices for Bearing Current Protection\",\"description\":\"Our Bearing Protection Handbook offers everything you need to know about protecting VFD-driven motors from electrical bearing damage.\",\"inLanguage\":\"es-ES\",\"isPartOf\":{\"@id\":\"https:\\\/\\\/www.est-aegis.com\\\/es\\\/#website\"},\"breadcrumb\":{\"@id\":\"https:\\\/\\\/www.est-aegis.com\\\/es\\\/bearing-protection\\\/best-practices-and-installation\\\/#breadcrumblist\"},\"image\":{\"@type\":\"ImageObject\",\"url\":\"https:\\\/\\\/www.est-aegis.com\\\/wp-content\\\/uploads\\\/best-practice.png\",\"@id\":\"https:\\\/\\\/www.est-aegis.com\\\/es\\\/bearing-protection\\\/best-practices-and-installation\\\/#mainImage\",\"width\":601,\"height\":396},\"primaryImageOfPage\":{\"@id\":\"https:\\\/\\\/www.est-aegis.com\\\/es\\\/bearing-protection\\\/best-practices-and-installation\\\/#mainImage\"},\"datePublished\":\"2022-01-03T22:38:51-05:00\",\"dateModified\":\"2023-09-07T11:26:48-04:00\"},{\"@type\":\"WebSite\",\"@id\":\"https:\\\/\\\/www.est-aegis.com\\\/es\\\/#website\",\"url\":\"https:\\\/\\\/www.est-aegis.com\\\/es\\\/\",\"name\":\"Electro Static Technology\",\"inLanguage\":\"es-ES\",\"publisher\":{\"@id\":\"https:\\\/\\\/www.est-aegis.com\\\/es\\\/#organization\"}}]}\n\t\t<\/script>\n\t\t<!-- All in One SEO Pro -->\r\n\t\t<title>Best Practices for Bearing Current Protection<\/title>\n\n","aioseo_head_json":{"title":"Best Practices for Bearing Current Protection","description":"Our Bearing Protection Handbook offers everything you need to know about protecting VFD-driven motors from electrical bearing damage.","canonical_url":"https:\/\/www.est-aegis.com\/es\/bearing-protection\/best-practices-and-installation\/","robots":"max-image-preview:large","keywords":"","webmasterTools":{"miscellaneous":""},"schema":{"@context":"https:\/\/schema.org","@graph":[{"@type":"BreadcrumbList","@id":"https:\/\/www.est-aegis.com\/es\/bearing-protection\/best-practices-and-installation\/#breadcrumblist","itemListElement":[{"@type":"ListItem","@id":"https:\/\/www.est-aegis.com\/es\/#listItem","position":1,"name":"Home","item":"https:\/\/www.est-aegis.com\/es\/","nextItem":{"@type":"ListItem","@id":"https:\/\/www.est-aegis.com\/es\/bearing-protection\/#listItem","name":"Protecci\u00f3n de Rodamientos"}},{"@type":"ListItem","@id":"https:\/\/www.est-aegis.com\/es\/bearing-protection\/#listItem","position":2,"name":"Protecci\u00f3n de Rodamientos","item":"https:\/\/www.est-aegis.com\/es\/bearing-protection\/","nextItem":{"@type":"ListItem","@id":"https:\/\/www.est-aegis.com\/es\/bearing-protection\/best-practices-and-installation\/#listItem","name":"Mejores Pr\u00e1cticas e Instalaci\u00f3n"},"previousItem":{"@type":"ListItem","@id":"https:\/\/www.est-aegis.com\/es\/#listItem","name":"Home"}},{"@type":"ListItem","@id":"https:\/\/www.est-aegis.com\/es\/bearing-protection\/best-practices-and-installation\/#listItem","position":3,"name":"Mejores Pr\u00e1cticas e Instalaci\u00f3n","previousItem":{"@type":"ListItem","@id":"https:\/\/www.est-aegis.com\/es\/bearing-protection\/#listItem","name":"Protecci\u00f3n de Rodamientos"}}]},{"@type":"Organization","@id":"https:\/\/www.est-aegis.com\/es\/#organization","name":"Electro Static Technology","url":"https:\/\/www.est-aegis.com\/es\/","logo":{"@type":"ImageObject","url":"https:\/\/www.est-aegis.com\/wp-content\/uploads\/logo-aegis-1.svg","@id":"https:\/\/www.est-aegis.com\/es\/bearing-protection\/best-practices-and-installation\/#organizationLogo","width":244,"height":73,"caption":"aegis logo"},"image":{"@id":"https:\/\/www.est-aegis.com\/es\/bearing-protection\/best-practices-and-installation\/#organizationLogo"},"sameAs":["https:\/\/x.com\/AEGIS_rings"],"address":{"@id":"https:\/\/www.est-aegis.com\/es\/#postaladdress","@type":"PostalAddress","streetAddress":"31 Winterbrook Road,","postalCode":"04256","addressLocality":"Mechanic Falls","addressRegion":"ME","addressCountry":"US"}},{"@type":"WebPage","@id":"https:\/\/www.est-aegis.com\/es\/bearing-protection\/best-practices-and-installation\/#webpage","url":"https:\/\/www.est-aegis.com\/es\/bearing-protection\/best-practices-and-installation\/","name":"Best Practices for Bearing Current Protection","description":"Our Bearing Protection Handbook offers everything you need to know about protecting VFD-driven motors from electrical bearing damage.","inLanguage":"es-ES","isPartOf":{"@id":"https:\/\/www.est-aegis.com\/es\/#website"},"breadcrumb":{"@id":"https:\/\/www.est-aegis.com\/es\/bearing-protection\/best-practices-and-installation\/#breadcrumblist"},"image":{"@type":"ImageObject","url":"https:\/\/www.est-aegis.com\/wp-content\/uploads\/best-practice.png","@id":"https:\/\/www.est-aegis.com\/es\/bearing-protection\/best-practices-and-installation\/#mainImage","width":601,"height":396},"primaryImageOfPage":{"@id":"https:\/\/www.est-aegis.com\/es\/bearing-protection\/best-practices-and-installation\/#mainImage"},"datePublished":"2022-01-03T22:38:51-05:00","dateModified":"2023-09-07T11:26:48-04:00"},{"@type":"WebSite","@id":"https:\/\/www.est-aegis.com\/es\/#website","url":"https:\/\/www.est-aegis.com\/es\/","name":"Electro Static Technology","inLanguage":"es-ES","publisher":{"@id":"https:\/\/www.est-aegis.com\/es\/#organization"}}]},"og:locale":"es_ES","og:site_name":"Electro Static Technology","og:type":"article","og:title":"Best Practices for Bearing Current Protection","og:description":"Our Bearing Protection Handbook offers everything you need to know about protecting VFD-driven motors from electrical bearing damage.","og:url":"https:\/\/www.est-aegis.com\/es\/bearing-protection\/best-practices-and-installation\/","og:image":"https:\/\/www.est-aegis.com\/wp-content\/uploads\/best-practice.png","og:image:secure_url":"https:\/\/www.est-aegis.com\/wp-content\/uploads\/best-practice.png","og:image:width":601,"og:image:height":396,"article:published_time":"2022-01-04T03:38:51+00:00","article:modified_time":"2023-09-07T15:26:48+00:00","twitter:card":"summary_large_image","twitter:site":"@AEGIS_rings","twitter:title":"Best Practices for Bearing Current Protection","twitter:description":"Our Bearing Protection Handbook offers everything you need to know about protecting VFD-driven motors from electrical bearing damage.","twitter:creator":"@AEGIS_rings","twitter:image":"https:\/\/www.est-aegis.com\/wp-content\/uploads\/best-practice.png","twitter:label1":"Written by","twitter:data1":"p1ws","twitter:label2":"Est. reading time","twitter:data2":"1 minute"},"aioseo_meta_data":{"post_id":"6636","title":"Best Practices for Bearing Current Protection","description":"Our Bearing Protection Handbook offers everything you need to know about protecting VFD-driven motors from electrical bearing damage.","keywords":null,"keyphrases":{"focus":{"keyphrase":"bearing current protection"}},"primary_term":null,"canonical_url":"","og_title":"","og_description":"","og_object_type":"default","og_image_type":"featured","og_image_url":null,"og_image_width":null,"og_image_height":null,"og_image_custom_url":"","og_image_custom_fields":null,"og_video":null,"og_custom_url":null,"og_article_section":null,"og_article_tags":null,"twitter_use_og":false,"twitter_card":"default","twitter_image_type":"default","twitter_image_url":null,"twitter_image_custom_url":"","twitter_image_custom_fields":null,"twitter_title":"Best Practices for Bearing Current Protection","twitter_description":"","schema":{"blockGraphs":[],"customGraphs":[],"default":{"data":{"Article":[],"Course":[],"Dataset":[],"FAQPage":[],"Movie":[],"Person":[],"Product":[],"ProductReview":[],"Car":[],"Recipe":[],"Service":[],"SoftwareApplication":[],"WebPage":[]},"graphName":"","isEnabled":true},"graphs":[]},"schema_type":"default","schema_type_options":null,"pillar_content":false,"robots_default":true,"robots_noindex":false,"robots_noarchive":false,"robots_nosnippet":false,"robots_nofollow":false,"robots_noimageindex":false,"robots_noodp":false,"robots_notranslate":false,"robots_max_snippet":null,"robots_max_videopreview":null,"robots_max_imagepreview":"large","priority":null,"frequency":null,"local_seo":null,"seo_analyzer_scan_date":"2026-02-18 20:36:12","breadcrumb_settings":null,"limit_modified_date":false,"reviewed_by":null,"open_ai":null,"ai":null,"created":"2026-02-18 20:34:09","updated":"2026-02-18 21:57:01"},"aioseo_breadcrumb":"<div class=\"aioseo-breadcrumbs\"><span class=\"aioseo-breadcrumb\">\n\t<a href=\"https:\/\/www.est-aegis.com\/es\/\" title=\"Home\">Home<\/a>\n<\/span><span class=\"aioseo-breadcrumb-separator\">&raquo;<\/span><span class=\"aioseo-breadcrumb\">\n\t<a href=\"https:\/\/www.est-aegis.com\/es\/bearing-protection\/\" title=\"Protecci\u00f3n de Rodamientos\">Protecci\u00f3n de Rodamientos<\/a>\n<\/span><span class=\"aioseo-breadcrumb-separator\">&raquo;<\/span><span class=\"aioseo-breadcrumb\">\n\tMejores Pr\u00e1cticas e Instalaci\u00f3n\n<\/span><\/div>","aioseo_breadcrumb_json":[{"label":"Home","link":"https:\/\/www.est-aegis.com\/es\/"},{"label":"Protecci\u00f3n de Rodamientos","link":"https:\/\/www.est-aegis.com\/es\/bearing-protection\/"},{"label":"Mejores Pr\u00e1cticas e Instalaci\u00f3n","link":"https:\/\/www.est-aegis.com\/es\/bearing-protection\/best-practices-and-installation\/"}],"jetpack_sharing_enabled":true,"_links":{"self":[{"href":"https:\/\/www.est-aegis.com\/es\/wp-json\/wp\/v2\/pages\/6636","targetHints":{"allow":["GET"]}}],"collection":[{"href":"https:\/\/www.est-aegis.com\/es\/wp-json\/wp\/v2\/pages"}],"about":[{"href":"https:\/\/www.est-aegis.com\/es\/wp-json\/wp\/v2\/types\/page"}],"author":[{"embeddable":true,"href":"https:\/\/www.est-aegis.com\/es\/wp-json\/wp\/v2\/users\/1"}],"replies":[{"embeddable":true,"href":"https:\/\/www.est-aegis.com\/es\/wp-json\/wp\/v2\/comments?post=6636"}],"version-history":[{"count":2,"href":"https:\/\/www.est-aegis.com\/es\/wp-json\/wp\/v2\/pages\/6636\/revisions"}],"predecessor-version":[{"id":7088,"href":"https:\/\/www.est-aegis.com\/es\/wp-json\/wp\/v2\/pages\/6636\/revisions\/7088"}],"up":[{"embeddable":true,"href":"https:\/\/www.est-aegis.com\/es\/wp-json\/wp\/v2\/pages\/6613"}],"wp:featuredmedia":[{"embeddable":true,"href":"https:\/\/www.est-aegis.com\/es\/wp-json\/wp\/v2\/media\/5183"}],"wp:attachment":[{"href":"https:\/\/www.est-aegis.com\/es\/wp-json\/wp\/v2\/media?parent=6636"}],"curies":[{"name":"wp","href":"https:\/\/api.w.org\/{rel}","templated":true}]}}