{"id":6654,"date":"2022-08-30T16:42:00","date_gmt":"2022-08-30T20:42:00","guid":{"rendered":"https:\/\/www.est-aegis.com\/applications\/electric-vehicle-solutions\/"},"modified":"2023-09-07T11:23:02","modified_gmt":"2023-09-07T15:23:02","slug":"electric-vehicle-solutions","status":"publish","type":"page","link":"https:\/\/www.est-aegis.com\/es\/applications\/electric-vehicle-solutions\/","title":{"rendered":"Soluciones Para Veh\u00edculos El\u00e9ctricos"},"content":{"rendered":"\n<div class=\"wp-block-columns is-layout-flex wp-container-core-columns-is-layout-9d6595d7 wp-block-columns-is-layout-flex\">\n<div class=\"wp-block-column is-layout-flow wp-block-column-is-layout-flow\">\n<h2 class=\"wp-block-heading\">Prevenci\u00f3n de da\u00f1os en los rodamientos de los veh\u00edculos el\u00e9ctricos<\/h2>\n\n\n\n<h3>Anillos de puesta a tierra de veh\u00edculos el\u00e9ctricos<\/h3>\n\n\n\n<p>Nuestros anillos de puesta a tierra de ejes de veh\u00edculos el\u00e9ctricos est\u00e1n especialmente dise\u00f1ados para ofrecer protecci\u00f3n a los rodamientos contra el mecanizado por descarga el\u00e9ctrica (EDM) y mejorar la compatibilidad electromagn\u00e9tica (EMC) en los veh\u00edculos el\u00e9ctricos.<\/p>\n\n\n\n<p>Obtenga m\u00e1s informaci\u00f3n sobre por qu\u00e9 nuestros socios de todo el mundo utilizan esta soluci\u00f3n para proteger sus veh\u00edculos el\u00e9ctricos de efectos el\u00e9ctricos no deseados.<\/p>\n\n\n\n<figure class=\"wp-block-embed aligncenter is-type-video is-provider-youtube wp-block-embed-youtube wp-embed-aspect-16-9 wp-has-aspect-ratio\"><div class=\"wp-block-embed__wrapper\">\n<iframe loading=\"lazy\" title=\"AEGIS Rings for Electric Vehicles\" width=\"680\" height=\"383\" src=\"https:\/\/www.youtube.com\/embed\/wdPWY1zaWi4?feature=oembed\" frameborder=\"0\" allow=\"accelerometer; autoplay; clipboard-write; encrypted-media; gyroscope; picture-in-picture; web-share\" allowfullscreen><\/iframe>\n<\/div><\/figure>\n<\/div>\n\n\n\n<div class=\"wp-block-column is-layout-flow wp-block-column-is-layout-flow\" style=\"flex-basis:33%\">\n<script charset=\"utf-8\" type=\"text\/javascript\" src=\"\/\/js.hsforms.net\/forms\/v2.js\"><\/script>\n<script>\nhbspt.forms.create({\nregion: \"na1\",\nportalId: \"20974229\",\nformId: \"d4434d35-cf00-49ca-a9d8-e643e7e2363f\"\n});\n<\/script>\n<\/div>\n<\/div>\n\n\n\n\n\n<div class=\"wp-block-columns is-layout-flex wp-container-core-columns-is-layout-9d6595d7 wp-block-columns-is-layout-flex\">\n<div class=\"wp-block-column is-layout-flow wp-block-column-is-layout-flow\" style=\"flex-basis:66.66%\">\n<h3 class=\"wp-block-heading\">Descubra por qu\u00e9 los fabricantes de movilidad el\u00e9ctrica de primer nivel utilizan los anillos de puesta a tierra de ejes AEGIS(r) <\/h3>\n\n\n\n<p>Electro Static Technology desarroll\u00f3 el anillo de veh\u00edculos el\u00e9ctricos AEGIS(r) utilizado por los principales fabricantes de autom\u00f3viles de todo el mundo. Descubra por qu\u00e9 estos gigantes del sector automovil\u00edstico reconocieron la importancia de la puesta a tierra de los ejes y por qu\u00e9 decidieron que los anillos AEGIS(r) eran la forma m\u00e1s efectiva de hacerlo.&nbsp;<\/p>\n\n\n\n<p>Para obtener m\u00e1s informaci\u00f3n, rellene el formulario de arriba para descargar nuestra documentaci\u00f3n t\u00e9cnica de veh\u00edculos el\u00e9ctricos.<\/p>\n<\/div>\n\n\n\n<div class=\"wp-block-column is-layout-flow wp-block-column-is-layout-flow\" style=\"flex-basis:33.33%\">\n<figure class=\"wp-block-image size-full is-resized\"><img decoding=\"async\" src=\"https:\/\/www.est-aegis.com\/wp-content\/uploads\/EV_Video_Shot-1.jpg\" alt=\"\" class=\"wp-image-2673\" width=\"400\" height=\"206\" srcset=\"https:\/\/www.est-aegis.com\/wp-content\/uploads\/EV_Video_Shot-1.jpg 800w, https:\/\/www.est-aegis.com\/wp-content\/uploads\/EV_Video_Shot-1-300x154.jpg 300w, https:\/\/www.est-aegis.com\/wp-content\/uploads\/EV_Video_Shot-1-768x395.jpg 768w\" sizes=\"(max-width: 400px) 100vw, 400px\" \/><\/figure>\n<\/div>\n<\/div>\n","protected":false},"excerpt":{"rendered":"<p>Prevenci\u00f3n de da\u00f1os en los rodamientos de los veh\u00edculos el\u00e9ctricos Anillos de puesta a tierra de veh\u00edculos el\u00e9ctricos Nuestros anillos de puesta a tierra de ejes de veh\u00edculos el\u00e9ctricos est\u00e1n especialmente dise\u00f1ados para ofrecer protecci\u00f3n a los rodamientos contra el mecanizado por descarga el\u00e9ctrica (EDM) y mejorar la compatibilidad electromagn\u00e9tica (EMC) en los veh\u00edculos el\u00e9ctricos&#8230;.  <a class=\"excerpt-read-more\" href=\"https:\/\/www.est-aegis.com\/es\/applications\/electric-vehicle-solutions\/\" title=\"Read Soluciones Para Veh\u00edculos El\u00e9ctricos\">Read more &raquo;<\/a><\/p>\n","protected":false},"author":1,"featured_media":5558,"parent":6646,"menu_order":0,"comment_status":"closed","ping_status":"closed","template":"","meta":{"_acf_changed":false,"content-type":"","_relevanssi_hide_post":"","_relevanssi_hide_content":"","_relevanssi_pin_for_all":"","_relevanssi_pin_keywords":"","_relevanssi_unpin_keywords":"","_relevanssi_related_keywords":"","_relevanssi_related_include_ids":"","_relevanssi_related_exclude_ids":"","_relevanssi_related_no_append":"","_relevanssi_related_not_related":"","_relevanssi_related_posts":"426,427,1","_relevanssi_noindex_reason":"","footnotes":""},"class_list":["post-6654","page","type-page","status-publish","has-post-thumbnail","hentry"],"acf":[],"aioseo_notices":[],"aioseo_head":"\n\t\t<!-- All in One SEO Pro 4.9.6.2 - aioseo.com -->\n\t<meta name=\"description\" content=\"EV shaft grounding rings are specially designed to provide bearing protection from EDM and improve EMC in electric vehicles.\" \/>\n\t<meta name=\"robots\" content=\"max-image-preview:large\" \/>\n\t<link rel=\"canonical\" href=\"https:\/\/www.est-aegis.com\/es\/applications\/electric-vehicle-solutions\/\" \/>\n\t<meta name=\"generator\" content=\"All in One SEO Pro (AIOSEO) 4.9.6.2\" \/>\n\t\t<meta property=\"og:locale\" content=\"es_ES\" \/>\n\t\t<meta property=\"og:site_name\" content=\"Electro Static Technology\" \/>\n\t\t<meta property=\"og:type\" content=\"article\" \/>\n\t\t<meta property=\"og:title\" content=\"Shaft Grounding Rings for Electric Vehicle Motor Protection\" \/>\n\t\t<meta property=\"og:description\" content=\"EV shaft grounding rings are specially designed to provide bearing protection from EDM and improve EMC in electric vehicles.\" \/>\n\t\t<meta property=\"og:url\" content=\"https:\/\/www.est-aegis.com\/es\/applications\/electric-vehicle-solutions\/\" \/>\n\t\t<meta property=\"og:image\" content=\"https:\/\/www.est-aegis.com\/wp-content\/uploads\/EV_Video_Shot-1.jpg\" \/>\n\t\t<meta property=\"og:image:secure_url\" content=\"https:\/\/www.est-aegis.com\/wp-content\/uploads\/EV_Video_Shot-1.jpg\" \/>\n\t\t<meta property=\"og:image:width\" content=\"800\" \/>\n\t\t<meta property=\"og:image:height\" content=\"411\" \/>\n\t\t<meta property=\"article:published_time\" content=\"2022-08-30T20:42:00+00:00\" \/>\n\t\t<meta property=\"article:modified_time\" content=\"2023-09-07T15:23:02+00:00\" \/>\n\t\t<meta name=\"twitter:card\" content=\"summary_large_image\" \/>\n\t\t<meta name=\"twitter:site\" content=\"@AEGIS_rings\" \/>\n\t\t<meta name=\"twitter:title\" content=\"Shaft Grounding Rings for Electric Vehicle Motor Protection\" \/>\n\t\t<meta name=\"twitter:description\" content=\"EV shaft grounding rings are specially designed to provide bearing protection from EDM and improve EMC in electric vehicles.\" \/>\n\t\t<meta name=\"twitter:creator\" content=\"@AEGIS_rings\" \/>\n\t\t<meta name=\"twitter:image\" content=\"https:\/\/www.est-aegis.com\/wp-content\/uploads\/EV_Video_Shot-1.jpg\" \/>\n\t\t<meta name=\"twitter:label1\" content=\"Written by\" \/>\n\t\t<meta name=\"twitter:data1\" content=\"p1ws\" \/>\n\t\t<meta name=\"twitter:label2\" content=\"Est. reading time\" \/>\n\t\t<meta name=\"twitter:data2\" content=\"1 minute\" \/>\n\t\t<script type=\"application\/ld+json\" class=\"aioseo-schema\">\n\t\t\t{\"@context\":\"https:\\\/\\\/schema.org\",\"@graph\":[{\"@type\":\"BreadcrumbList\",\"@id\":\"https:\\\/\\\/www.est-aegis.com\\\/es\\\/applications\\\/electric-vehicle-solutions\\\/#breadcrumblist\",\"itemListElement\":[{\"@type\":\"ListItem\",\"@id\":\"https:\\\/\\\/www.est-aegis.com\\\/es\\\/#listItem\",\"position\":1,\"name\":\"Home\",\"item\":\"https:\\\/\\\/www.est-aegis.com\\\/es\\\/\",\"nextItem\":{\"@type\":\"ListItem\",\"@id\":\"https:\\\/\\\/www.est-aegis.com\\\/es\\\/applications\\\/#listItem\",\"name\":\"Aplicaciones\"}},{\"@type\":\"ListItem\",\"@id\":\"https:\\\/\\\/www.est-aegis.com\\\/es\\\/applications\\\/#listItem\",\"position\":2,\"name\":\"Aplicaciones\",\"item\":\"https:\\\/\\\/www.est-aegis.com\\\/es\\\/applications\\\/\",\"nextItem\":{\"@type\":\"ListItem\",\"@id\":\"https:\\\/\\\/www.est-aegis.com\\\/es\\\/applications\\\/electric-vehicle-solutions\\\/#listItem\",\"name\":\"Soluciones Para Veh\\u00edculos El\\u00e9ctricos\"},\"previousItem\":{\"@type\":\"ListItem\",\"@id\":\"https:\\\/\\\/www.est-aegis.com\\\/es\\\/#listItem\",\"name\":\"Home\"}},{\"@type\":\"ListItem\",\"@id\":\"https:\\\/\\\/www.est-aegis.com\\\/es\\\/applications\\\/electric-vehicle-solutions\\\/#listItem\",\"position\":3,\"name\":\"Soluciones Para Veh\\u00edculos El\\u00e9ctricos\",\"previousItem\":{\"@type\":\"ListItem\",\"@id\":\"https:\\\/\\\/www.est-aegis.com\\\/es\\\/applications\\\/#listItem\",\"name\":\"Aplicaciones\"}}]},{\"@type\":\"Organization\",\"@id\":\"https:\\\/\\\/www.est-aegis.com\\\/es\\\/#organization\",\"name\":\"Electro Static Technology\",\"url\":\"https:\\\/\\\/www.est-aegis.com\\\/es\\\/\",\"logo\":{\"@type\":\"ImageObject\",\"url\":\"https:\\\/\\\/www.est-aegis.com\\\/wp-content\\\/uploads\\\/logo-aegis-1.svg\",\"@id\":\"https:\\\/\\\/www.est-aegis.com\\\/es\\\/applications\\\/electric-vehicle-solutions\\\/#organizationLogo\",\"width\":244,\"height\":73,\"caption\":\"aegis logo\"},\"image\":{\"@id\":\"https:\\\/\\\/www.est-aegis.com\\\/es\\\/applications\\\/electric-vehicle-solutions\\\/#organizationLogo\"},\"sameAs\":[\"https:\\\/\\\/x.com\\\/AEGIS_rings\"],\"address\":{\"@id\":\"https:\\\/\\\/www.est-aegis.com\\\/es\\\/#postaladdress\",\"@type\":\"PostalAddress\",\"streetAddress\":\"31 Winterbrook Road,\",\"postalCode\":\"04256\",\"addressLocality\":\"Mechanic Falls\",\"addressRegion\":\"ME\",\"addressCountry\":\"US\"}},{\"@type\":\"WebPage\",\"@id\":\"https:\\\/\\\/www.est-aegis.com\\\/es\\\/applications\\\/electric-vehicle-solutions\\\/#webpage\",\"url\":\"https:\\\/\\\/www.est-aegis.com\\\/es\\\/applications\\\/electric-vehicle-solutions\\\/\",\"name\":\"Shaft Grounding Rings for Electric Vehicle Motor Protection\",\"description\":\"EV shaft grounding rings are specially designed to provide bearing protection from EDM and improve EMC in electric vehicles.\",\"inLanguage\":\"es-ES\",\"isPartOf\":{\"@id\":\"https:\\\/\\\/www.est-aegis.com\\\/es\\\/#website\"},\"breadcrumb\":{\"@id\":\"https:\\\/\\\/www.est-aegis.com\\\/es\\\/applications\\\/electric-vehicle-solutions\\\/#breadcrumblist\"},\"image\":{\"@type\":\"ImageObject\",\"url\":\"https:\\\/\\\/www.est-aegis.com\\\/wp-content\\\/uploads\\\/EV_Video_Shot-1.jpg\",\"@id\":\"https:\\\/\\\/www.est-aegis.com\\\/es\\\/applications\\\/electric-vehicle-solutions\\\/#mainImage\",\"width\":800,\"height\":411},\"primaryImageOfPage\":{\"@id\":\"https:\\\/\\\/www.est-aegis.com\\\/es\\\/applications\\\/electric-vehicle-solutions\\\/#mainImage\"},\"datePublished\":\"2022-08-30T16:42:00-04:00\",\"dateModified\":\"2023-09-07T11:23:02-04:00\"},{\"@type\":\"WebSite\",\"@id\":\"https:\\\/\\\/www.est-aegis.com\\\/es\\\/#website\",\"url\":\"https:\\\/\\\/www.est-aegis.com\\\/es\\\/\",\"name\":\"Electro Static Technology\",\"inLanguage\":\"es-ES\",\"publisher\":{\"@id\":\"https:\\\/\\\/www.est-aegis.com\\\/es\\\/#organization\"}}]}\n\t\t<\/script>\n\t\t<!-- All in One SEO Pro -->\r\n\t\t<title>Shaft Grounding Rings for Electric Vehicle Motor Protection<\/title>\n\n","aioseo_head_json":{"title":"Shaft Grounding Rings for Electric Vehicle Motor Protection","description":"EV shaft grounding rings are specially designed to provide bearing protection from EDM and improve EMC in electric vehicles.","canonical_url":"https:\/\/www.est-aegis.com\/es\/applications\/electric-vehicle-solutions\/","robots":"max-image-preview:large","keywords":"","webmasterTools":{"miscellaneous":""},"schema":{"@context":"https:\/\/schema.org","@graph":[{"@type":"BreadcrumbList","@id":"https:\/\/www.est-aegis.com\/es\/applications\/electric-vehicle-solutions\/#breadcrumblist","itemListElement":[{"@type":"ListItem","@id":"https:\/\/www.est-aegis.com\/es\/#listItem","position":1,"name":"Home","item":"https:\/\/www.est-aegis.com\/es\/","nextItem":{"@type":"ListItem","@id":"https:\/\/www.est-aegis.com\/es\/applications\/#listItem","name":"Aplicaciones"}},{"@type":"ListItem","@id":"https:\/\/www.est-aegis.com\/es\/applications\/#listItem","position":2,"name":"Aplicaciones","item":"https:\/\/www.est-aegis.com\/es\/applications\/","nextItem":{"@type":"ListItem","@id":"https:\/\/www.est-aegis.com\/es\/applications\/electric-vehicle-solutions\/#listItem","name":"Soluciones Para Veh\u00edculos El\u00e9ctricos"},"previousItem":{"@type":"ListItem","@id":"https:\/\/www.est-aegis.com\/es\/#listItem","name":"Home"}},{"@type":"ListItem","@id":"https:\/\/www.est-aegis.com\/es\/applications\/electric-vehicle-solutions\/#listItem","position":3,"name":"Soluciones Para Veh\u00edculos El\u00e9ctricos","previousItem":{"@type":"ListItem","@id":"https:\/\/www.est-aegis.com\/es\/applications\/#listItem","name":"Aplicaciones"}}]},{"@type":"Organization","@id":"https:\/\/www.est-aegis.com\/es\/#organization","name":"Electro Static Technology","url":"https:\/\/www.est-aegis.com\/es\/","logo":{"@type":"ImageObject","url":"https:\/\/www.est-aegis.com\/wp-content\/uploads\/logo-aegis-1.svg","@id":"https:\/\/www.est-aegis.com\/es\/applications\/electric-vehicle-solutions\/#organizationLogo","width":244,"height":73,"caption":"aegis logo"},"image":{"@id":"https:\/\/www.est-aegis.com\/es\/applications\/electric-vehicle-solutions\/#organizationLogo"},"sameAs":["https:\/\/x.com\/AEGIS_rings"],"address":{"@id":"https:\/\/www.est-aegis.com\/es\/#postaladdress","@type":"PostalAddress","streetAddress":"31 Winterbrook Road,","postalCode":"04256","addressLocality":"Mechanic Falls","addressRegion":"ME","addressCountry":"US"}},{"@type":"WebPage","@id":"https:\/\/www.est-aegis.com\/es\/applications\/electric-vehicle-solutions\/#webpage","url":"https:\/\/www.est-aegis.com\/es\/applications\/electric-vehicle-solutions\/","name":"Shaft Grounding Rings for Electric Vehicle Motor Protection","description":"EV shaft grounding rings are specially designed to provide bearing protection from EDM and improve EMC in electric vehicles.","inLanguage":"es-ES","isPartOf":{"@id":"https:\/\/www.est-aegis.com\/es\/#website"},"breadcrumb":{"@id":"https:\/\/www.est-aegis.com\/es\/applications\/electric-vehicle-solutions\/#breadcrumblist"},"image":{"@type":"ImageObject","url":"https:\/\/www.est-aegis.com\/wp-content\/uploads\/EV_Video_Shot-1.jpg","@id":"https:\/\/www.est-aegis.com\/es\/applications\/electric-vehicle-solutions\/#mainImage","width":800,"height":411},"primaryImageOfPage":{"@id":"https:\/\/www.est-aegis.com\/es\/applications\/electric-vehicle-solutions\/#mainImage"},"datePublished":"2022-08-30T16:42:00-04:00","dateModified":"2023-09-07T11:23:02-04:00"},{"@type":"WebSite","@id":"https:\/\/www.est-aegis.com\/es\/#website","url":"https:\/\/www.est-aegis.com\/es\/","name":"Electro Static Technology","inLanguage":"es-ES","publisher":{"@id":"https:\/\/www.est-aegis.com\/es\/#organization"}}]},"og:locale":"es_ES","og:site_name":"Electro Static Technology","og:type":"article","og:title":"Shaft Grounding Rings for Electric Vehicle Motor Protection","og:description":"EV shaft grounding rings are specially designed to provide bearing protection from EDM and improve EMC in electric vehicles.","og:url":"https:\/\/www.est-aegis.com\/es\/applications\/electric-vehicle-solutions\/","og:image":"https:\/\/www.est-aegis.com\/wp-content\/uploads\/EV_Video_Shot-1.jpg","og:image:secure_url":"https:\/\/www.est-aegis.com\/wp-content\/uploads\/EV_Video_Shot-1.jpg","og:image:width":800,"og:image:height":411,"article:published_time":"2022-08-30T20:42:00+00:00","article:modified_time":"2023-09-07T15:23:02+00:00","twitter:card":"summary_large_image","twitter:site":"@AEGIS_rings","twitter:title":"Shaft Grounding Rings for Electric Vehicle Motor Protection","twitter:description":"EV shaft grounding rings are specially designed to provide bearing protection from EDM and improve EMC in electric vehicles.","twitter:creator":"@AEGIS_rings","twitter:image":"https:\/\/www.est-aegis.com\/wp-content\/uploads\/EV_Video_Shot-1.jpg","twitter:label1":"Written by","twitter:data1":"p1ws","twitter:label2":"Est. reading time","twitter:data2":"1 minute"},"aioseo_meta_data":{"post_id":"6654","title":"Shaft Grounding Rings for Electric Vehicle Motor Protection","description":"EV shaft grounding rings are specially designed to provide bearing protection from EDM and improve EMC in electric vehicles.","keywords":null,"keyphrases":{"focus":{"keyphrase":"electric vehicle motor"}},"primary_term":null,"canonical_url":"","og_title":"","og_description":"","og_object_type":"default","og_image_type":"featured","og_image_url":null,"og_image_width":null,"og_image_height":null,"og_image_custom_url":"","og_image_custom_fields":null,"og_video":null,"og_custom_url":null,"og_article_section":null,"og_article_tags":null,"twitter_use_og":false,"twitter_card":"default","twitter_image_type":"default","twitter_image_url":null,"twitter_image_custom_url":"","twitter_image_custom_fields":null,"twitter_title":"Shaft Grounding Rings for Electric Vehicle Motor Protection","twitter_description":"","schema":{"blockGraphs":[],"customGraphs":[],"default":{"data":{"Article":[],"Course":[],"Dataset":[],"FAQPage":[],"Movie":[],"Person":[],"Product":[],"ProductReview":[],"Car":[],"Recipe":[],"Service":[],"SoftwareApplication":[],"WebPage":[]},"graphName":"","isEnabled":true},"graphs":[]},"schema_type":"default","schema_type_options":null,"pillar_content":false,"robots_default":true,"robots_noindex":false,"robots_noarchive":false,"robots_nosnippet":false,"robots_nofollow":false,"robots_noimageindex":false,"robots_noodp":false,"robots_notranslate":false,"robots_max_snippet":null,"robots_max_videopreview":null,"robots_max_imagepreview":"large","priority":null,"frequency":null,"local_seo":null,"seo_analyzer_scan_date":"2026-02-18 20:33:15","breadcrumb_settings":null,"limit_modified_date":false,"reviewed_by":null,"open_ai":null,"ai":null,"created":"2026-02-18 20:33:15","updated":"2026-02-18 21:57:00"},"aioseo_breadcrumb":"<div class=\"aioseo-breadcrumbs\"><span class=\"aioseo-breadcrumb\">\n\t<a href=\"https:\/\/www.est-aegis.com\/es\/\" title=\"Home\">Home<\/a>\n<\/span><span class=\"aioseo-breadcrumb-separator\">&raquo;<\/span><span class=\"aioseo-breadcrumb\">\n\t<a href=\"https:\/\/www.est-aegis.com\/es\/applications\/\" title=\"Aplicaciones\">Aplicaciones<\/a>\n<\/span><span class=\"aioseo-breadcrumb-separator\">&raquo;<\/span><span class=\"aioseo-breadcrumb\">\n\tSoluciones Para Veh\u00edculos El\u00e9ctricos\n<\/span><\/div>","aioseo_breadcrumb_json":[{"label":"Home","link":"https:\/\/www.est-aegis.com\/es\/"},{"label":"Aplicaciones","link":"https:\/\/www.est-aegis.com\/es\/applications\/"},{"label":"Soluciones Para Veh\u00edculos El\u00e9ctricos","link":"https:\/\/www.est-aegis.com\/es\/applications\/electric-vehicle-solutions\/"}],"jetpack_sharing_enabled":true,"_links":{"self":[{"href":"https:\/\/www.est-aegis.com\/es\/wp-json\/wp\/v2\/pages\/6654","targetHints":{"allow":["GET"]}}],"collection":[{"href":"https:\/\/www.est-aegis.com\/es\/wp-json\/wp\/v2\/pages"}],"about":[{"href":"https:\/\/www.est-aegis.com\/es\/wp-json\/wp\/v2\/types\/page"}],"author":[{"embeddable":true,"href":"https:\/\/www.est-aegis.com\/es\/wp-json\/wp\/v2\/users\/1"}],"replies":[{"embeddable":true,"href":"https:\/\/www.est-aegis.com\/es\/wp-json\/wp\/v2\/comments?post=6654"}],"version-history":[{"count":3,"href":"https:\/\/www.est-aegis.com\/es\/wp-json\/wp\/v2\/pages\/6654\/revisions"}],"predecessor-version":[{"id":7079,"href":"https:\/\/www.est-aegis.com\/es\/wp-json\/wp\/v2\/pages\/6654\/revisions\/7079"}],"up":[{"embeddable":true,"href":"https:\/\/www.est-aegis.com\/es\/wp-json\/wp\/v2\/pages\/6646"}],"wp:featuredmedia":[{"embeddable":true,"href":"https:\/\/www.est-aegis.com\/es\/wp-json\/wp\/v2\/media\/5558"}],"wp:attachment":[{"href":"https:\/\/www.est-aegis.com\/es\/wp-json\/wp\/v2\/media?parent=6654"}],"curies":[{"name":"wp","href":"https:\/\/api.w.org\/{rel}","templated":true}]}}