{"id":6591,"date":"2022-01-07T09:11:24","date_gmt":"2022-01-07T14:11:24","guid":{"rendered":"https:\/\/www.est-aegis.com\/product\/aegis-conductive-epoxy\/"},"modified":"2023-07-27T14:53:24","modified_gmt":"2023-07-27T18:53:24","slug":"aegis-conductive-epoxy","status":"publish","type":"product","link":"https:\/\/www.est-aegis.com\/es\/product\/mounting-accessories\/aegis-conductive-epoxy\/","title":{"rendered":"Epoxi conductivo AEGIS\u00ae"},"content":{"rendered":"\n<p><\/p>\n\n\n\n<div class=\"wp-block-columns is-layout-flex wp-container-core-columns-is-layout-9d6595d7 wp-block-columns-is-layout-flex\">\n<div class=\"wp-block-column is-layout-flow wp-block-column-is-layout-flow\" style=\"flex-basis:66.66%\">\n<p>El epoxi conductivo AEGIS(r) se puede utilizar para el montaje interno y externo. Fue especialmente desarrollado y sometido a los requisitos de las pruebas de vibraci\u00f3n y tracci\u00f3n m\u00e1s exigentes, para asegurar una uni\u00f3n adhesiva duradera, fuerte y de confianza.<\/p>\n\n\n\n<h3 class=\"wp-block-heading\">Especificaciones:<\/h3>\n\n\n\n<ul class=\"wp-block-list\">\n<li>N\u00famero de referencia: EP2400<\/li>\n\n\n\n<li>Formulado a medida para la instalaci\u00f3n del anillo AEGIS(r)<\/li>\n\n\n\n<li>El contacto conductivo de alta resistencia proporciona una excelente conductividad el\u00e9ctrica<\/li>\n\n\n\n<li>Volumen: epoxi de 2 componentes; cada tubo contiene 7 g<\/li>\n\n\n\n<li>Cobertura: 2-3 aplicaciones<\/li>\n\n\n\n<li>Vida \u00fatil: 9 meses<\/li>\n\n\n\n<li>Evite la exposici\u00f3n a temperaturas extremas.<\/li>\n\n\n\n<li>Almacenamiento: conservar en un lugar fresco y seco, alejado del calor, chispas o llamas. Para obtener la m\u00e1xima vida \u00fatil, el producto debe almacenarse por debajo de 25 \u00b0C (77 \u00b0F).<\/li>\n<\/ul>\n\n\n\n<p>Data Safety Sheets:<\/p>\n\n\n\n<ul class=\"wp-block-list\">\n<li><a href=\"https:\/\/www.est-aegis.com\/datasheets\/EP2400-PartA_SDS.pdf\">Part A<\/a><\/li>\n\n\n\n<li><a href=\"ttps:\/\/est-aegis.com\/datasheets\/EP2400-PartB_SDS.pdf\">Part B<\/a><\/li>\n<\/ul>\n<\/div>\n\n\n\n<div class=\"wp-block-column is-layout-flow wp-block-column-is-layout-flow\" style=\"flex-basis:33.33%\">\n<figure class=\"wp-block-image size-full\"><img decoding=\"async\" width=\"800\" height=\"800\" src=\"https:\/\/www.est-aegis.com\/wp-content\/uploads\/epoxy_transparent-1.png\" alt=\"\" class=\"wp-image-6477\" srcset=\"https:\/\/www.est-aegis.com\/wp-content\/uploads\/epoxy_transparent-1.png 800w, https:\/\/www.est-aegis.com\/wp-content\/uploads\/epoxy_transparent-1-300x300.png 300w, https:\/\/www.est-aegis.com\/wp-content\/uploads\/epoxy_transparent-1-150x150.png 150w, https:\/\/www.est-aegis.com\/wp-content\/uploads\/epoxy_transparent-1-768x768.png 768w, https:\/\/www.est-aegis.com\/wp-content\/uploads\/epoxy_transparent-1-125x125.png 125w\" sizes=\"(max-width: 800px) 100vw, 800px\" \/><\/figure>\n<\/div>\n<\/div>\n\n\n\n<div class=\"wp-block-buttons is-horizontal is-content-justification-center is-layout-flex wp-container-core-buttons-is-layout-499968f5 wp-block-buttons-is-layout-flex\">\n<div class=\"wp-block-button\"><a class=\"wp-block-button__link wp-element-button\" href=\"https:\/\/catalog.est-aegis.com\/products\/conductive-epoxy\" target=\"_blank\" rel=\"noreferrer noopener\">Se puede encontrar aqu\u00ed<\/a><\/div>\n<\/div>\n","protected":false},"excerpt":{"rendered":"<p>El epoxi conductivo AEGIS(r) se puede utilizar para el montaje interno y externo. Fue especialmente desarrollado y sometido a los requisitos de las pruebas de vibraci\u00f3n y tracci\u00f3n m\u00e1s exigentes, para asegurar una uni\u00f3n adhesiva duradera, fuerte y de confianza. Especificaciones: Data Safety Sheets:<\/p>\n","protected":false},"featured_media":6482,"parent":6786,"template":"","class_list":["post-6591","product","type-product","status-publish","has-post-thumbnail","hentry"],"acf":[],"aioseo_notices":[],"aioseo_head":"\n\t\t<!-- All in One SEO Pro 4.9.6.2 - aioseo.com -->\n\t<meta name=\"description\" content=\"High strength Conductive Silver Epoxy provides excellent electrical conductivity. Included with the AEGIS\u00ae Conductive Epoxy Ring or can be sold separately.\" \/>\n\t<meta name=\"robots\" content=\"max-image-preview:large\" \/>\n\t<link rel=\"canonical\" href=\"https:\/\/www.est-aegis.com\/es\/product\/mounting-accessories\/aegis-conductive-epoxy\/\" \/>\n\t<meta name=\"generator\" content=\"All in One SEO Pro (AIOSEO) 4.9.6.2\" \/>\n\t\t<meta property=\"og:locale\" content=\"es_ES\" \/>\n\t\t<meta property=\"og:site_name\" content=\"Electro Static Technology\" \/>\n\t\t<meta property=\"og:type\" content=\"article\" \/>\n\t\t<meta property=\"og:title\" content=\"AEGIS\u00ae EP2400 Conductive Epoxy\" \/>\n\t\t<meta property=\"og:description\" content=\"High strength Conductive Silver Epoxy provides excellent electrical conductivity. Included with the AEGIS\u00ae Conductive Epoxy Ring or can be sold separately.\" \/>\n\t\t<meta property=\"og:url\" content=\"https:\/\/www.est-aegis.com\/es\/product\/mounting-accessories\/aegis-conductive-epoxy\/\" \/>\n\t\t<meta property=\"og:image\" content=\"https:\/\/www.est-aegis.com\/wp-content\/uploads\/epoxy_transparent-1.png\" \/>\n\t\t<meta property=\"og:image:secure_url\" content=\"https:\/\/www.est-aegis.com\/wp-content\/uploads\/epoxy_transparent-1.png\" \/>\n\t\t<meta property=\"og:image:width\" content=\"800\" \/>\n\t\t<meta property=\"og:image:height\" content=\"800\" \/>\n\t\t<meta property=\"article:published_time\" content=\"2022-01-07T14:11:24+00:00\" \/>\n\t\t<meta property=\"article:modified_time\" content=\"2023-07-27T18:53:24+00:00\" \/>\n\t\t<meta name=\"twitter:card\" content=\"summary_large_image\" \/>\n\t\t<meta name=\"twitter:site\" content=\"@AEGIS_rings\" \/>\n\t\t<meta name=\"twitter:title\" content=\"AEGIS\u00ae EP2400 Conductive Epoxy\" \/>\n\t\t<meta name=\"twitter:description\" content=\"High strength Conductive Silver Epoxy provides excellent electrical conductivity. Included with the AEGIS\u00ae Conductive Epoxy Ring or can be sold separately.\" \/>\n\t\t<meta name=\"twitter:image\" content=\"https:\/\/www.est-aegis.com\/wp-content\/uploads\/epoxy_transparent-1.png\" \/>\n\t\t<meta name=\"twitter:label1\" content=\"Est. reading time\" \/>\n\t\t<meta name=\"twitter:data1\" content=\"1 minute\" \/>\n\t\t<script type=\"application\/ld+json\" class=\"aioseo-schema\">\n\t\t\t{\"@context\":\"https:\\\/\\\/schema.org\",\"@graph\":[{\"@type\":\"BreadcrumbList\",\"@id\":\"https:\\\/\\\/www.est-aegis.com\\\/es\\\/product\\\/mounting-accessories\\\/aegis-conductive-epoxy\\\/#breadcrumblist\",\"itemListElement\":[{\"@type\":\"ListItem\",\"@id\":\"https:\\\/\\\/www.est-aegis.com\\\/es\\\/#listItem\",\"position\":1,\"name\":\"Home\",\"item\":\"https:\\\/\\\/www.est-aegis.com\\\/es\\\/\",\"nextItem\":{\"@type\":\"ListItem\",\"@id\":\"https:\\\/\\\/www.est-aegis.com\\\/es\\\/product\\\/mounting-accessories\\\/#listItem\",\"name\":\"Pruebas y Accesorios\"}},{\"@type\":\"ListItem\",\"@id\":\"https:\\\/\\\/www.est-aegis.com\\\/es\\\/product\\\/mounting-accessories\\\/#listItem\",\"position\":2,\"name\":\"Pruebas y Accesorios\",\"item\":\"https:\\\/\\\/www.est-aegis.com\\\/es\\\/product\\\/mounting-accessories\\\/\",\"nextItem\":{\"@type\":\"ListItem\",\"@id\":\"https:\\\/\\\/www.est-aegis.com\\\/es\\\/product\\\/mounting-accessories\\\/aegis-conductive-epoxy\\\/#listItem\",\"name\":\"Epoxi conductivo AEGIS\\u00ae\"},\"previousItem\":{\"@type\":\"ListItem\",\"@id\":\"https:\\\/\\\/www.est-aegis.com\\\/es\\\/#listItem\",\"name\":\"Home\"}},{\"@type\":\"ListItem\",\"@id\":\"https:\\\/\\\/www.est-aegis.com\\\/es\\\/product\\\/mounting-accessories\\\/aegis-conductive-epoxy\\\/#listItem\",\"position\":3,\"name\":\"Epoxi conductivo AEGIS\\u00ae\",\"previousItem\":{\"@type\":\"ListItem\",\"@id\":\"https:\\\/\\\/www.est-aegis.com\\\/es\\\/product\\\/mounting-accessories\\\/#listItem\",\"name\":\"Pruebas y Accesorios\"}}]},{\"@type\":\"Organization\",\"@id\":\"https:\\\/\\\/www.est-aegis.com\\\/es\\\/#organization\",\"name\":\"Electro Static Technology\",\"url\":\"https:\\\/\\\/www.est-aegis.com\\\/es\\\/\",\"logo\":{\"@type\":\"ImageObject\",\"url\":\"https:\\\/\\\/www.est-aegis.com\\\/wp-content\\\/uploads\\\/logo-aegis-1.svg\",\"@id\":\"https:\\\/\\\/www.est-aegis.com\\\/es\\\/product\\\/mounting-accessories\\\/aegis-conductive-epoxy\\\/#organizationLogo\",\"width\":244,\"height\":73,\"caption\":\"aegis logo\"},\"image\":{\"@id\":\"https:\\\/\\\/www.est-aegis.com\\\/es\\\/product\\\/mounting-accessories\\\/aegis-conductive-epoxy\\\/#organizationLogo\"},\"sameAs\":[\"https:\\\/\\\/x.com\\\/AEGIS_rings\"],\"address\":{\"@id\":\"https:\\\/\\\/www.est-aegis.com\\\/es\\\/#postaladdress\",\"@type\":\"PostalAddress\",\"streetAddress\":\"31 Winterbrook Road,\",\"postalCode\":\"04256\",\"addressLocality\":\"Mechanic Falls\",\"addressRegion\":\"ME\",\"addressCountry\":\"US\"}},{\"@type\":\"WebPage\",\"@id\":\"https:\\\/\\\/www.est-aegis.com\\\/es\\\/product\\\/mounting-accessories\\\/aegis-conductive-epoxy\\\/#webpage\",\"url\":\"https:\\\/\\\/www.est-aegis.com\\\/es\\\/product\\\/mounting-accessories\\\/aegis-conductive-epoxy\\\/\",\"name\":\"AEGIS\\u00ae EP2400 Conductive Epoxy\",\"description\":\"High strength Conductive Silver Epoxy provides excellent electrical conductivity. Included with the AEGIS\\u00ae Conductive Epoxy Ring or can be sold separately.\",\"inLanguage\":\"es-ES\",\"isPartOf\":{\"@id\":\"https:\\\/\\\/www.est-aegis.com\\\/es\\\/#website\"},\"breadcrumb\":{\"@id\":\"https:\\\/\\\/www.est-aegis.com\\\/es\\\/product\\\/mounting-accessories\\\/aegis-conductive-epoxy\\\/#breadcrumblist\"},\"image\":{\"@type\":\"ImageObject\",\"url\":\"https:\\\/\\\/www.est-aegis.com\\\/wp-content\\\/uploads\\\/epoxy_transparent-1.png\",\"@id\":\"https:\\\/\\\/www.est-aegis.com\\\/es\\\/product\\\/mounting-accessories\\\/aegis-conductive-epoxy\\\/#mainImage\",\"width\":800,\"height\":800},\"primaryImageOfPage\":{\"@id\":\"https:\\\/\\\/www.est-aegis.com\\\/es\\\/product\\\/mounting-accessories\\\/aegis-conductive-epoxy\\\/#mainImage\"},\"datePublished\":\"2022-01-07T09:11:24-05:00\",\"dateModified\":\"2023-07-27T14:53:24-04:00\"},{\"@type\":\"WebSite\",\"@id\":\"https:\\\/\\\/www.est-aegis.com\\\/es\\\/#website\",\"url\":\"https:\\\/\\\/www.est-aegis.com\\\/es\\\/\",\"name\":\"Electro Static Technology\",\"inLanguage\":\"es-ES\",\"publisher\":{\"@id\":\"https:\\\/\\\/www.est-aegis.com\\\/es\\\/#organization\"}}]}\n\t\t<\/script>\n\t\t<!-- All in One SEO Pro -->\r\n\t\t<title>AEGIS\u00ae EP2400 Conductive Epoxy<\/title>\n\n","aioseo_head_json":{"title":"AEGIS\u00ae EP2400 Conductive Epoxy","description":"High strength Conductive Silver Epoxy provides excellent electrical conductivity. Included with the AEGIS\u00ae Conductive Epoxy Ring or can be sold separately.","canonical_url":"https:\/\/www.est-aegis.com\/es\/product\/mounting-accessories\/aegis-conductive-epoxy\/","robots":"max-image-preview:large","keywords":"","webmasterTools":{"miscellaneous":""},"schema":{"@context":"https:\/\/schema.org","@graph":[{"@type":"BreadcrumbList","@id":"https:\/\/www.est-aegis.com\/es\/product\/mounting-accessories\/aegis-conductive-epoxy\/#breadcrumblist","itemListElement":[{"@type":"ListItem","@id":"https:\/\/www.est-aegis.com\/es\/#listItem","position":1,"name":"Home","item":"https:\/\/www.est-aegis.com\/es\/","nextItem":{"@type":"ListItem","@id":"https:\/\/www.est-aegis.com\/es\/product\/mounting-accessories\/#listItem","name":"Pruebas y Accesorios"}},{"@type":"ListItem","@id":"https:\/\/www.est-aegis.com\/es\/product\/mounting-accessories\/#listItem","position":2,"name":"Pruebas y Accesorios","item":"https:\/\/www.est-aegis.com\/es\/product\/mounting-accessories\/","nextItem":{"@type":"ListItem","@id":"https:\/\/www.est-aegis.com\/es\/product\/mounting-accessories\/aegis-conductive-epoxy\/#listItem","name":"Epoxi conductivo AEGIS\u00ae"},"previousItem":{"@type":"ListItem","@id":"https:\/\/www.est-aegis.com\/es\/#listItem","name":"Home"}},{"@type":"ListItem","@id":"https:\/\/www.est-aegis.com\/es\/product\/mounting-accessories\/aegis-conductive-epoxy\/#listItem","position":3,"name":"Epoxi conductivo AEGIS\u00ae","previousItem":{"@type":"ListItem","@id":"https:\/\/www.est-aegis.com\/es\/product\/mounting-accessories\/#listItem","name":"Pruebas y Accesorios"}}]},{"@type":"Organization","@id":"https:\/\/www.est-aegis.com\/es\/#organization","name":"Electro Static Technology","url":"https:\/\/www.est-aegis.com\/es\/","logo":{"@type":"ImageObject","url":"https:\/\/www.est-aegis.com\/wp-content\/uploads\/logo-aegis-1.svg","@id":"https:\/\/www.est-aegis.com\/es\/product\/mounting-accessories\/aegis-conductive-epoxy\/#organizationLogo","width":244,"height":73,"caption":"aegis logo"},"image":{"@id":"https:\/\/www.est-aegis.com\/es\/product\/mounting-accessories\/aegis-conductive-epoxy\/#organizationLogo"},"sameAs":["https:\/\/x.com\/AEGIS_rings"],"address":{"@id":"https:\/\/www.est-aegis.com\/es\/#postaladdress","@type":"PostalAddress","streetAddress":"31 Winterbrook Road,","postalCode":"04256","addressLocality":"Mechanic Falls","addressRegion":"ME","addressCountry":"US"}},{"@type":"WebPage","@id":"https:\/\/www.est-aegis.com\/es\/product\/mounting-accessories\/aegis-conductive-epoxy\/#webpage","url":"https:\/\/www.est-aegis.com\/es\/product\/mounting-accessories\/aegis-conductive-epoxy\/","name":"AEGIS\u00ae EP2400 Conductive Epoxy","description":"High strength Conductive Silver Epoxy provides excellent electrical conductivity. Included with the AEGIS\u00ae Conductive Epoxy Ring or can be sold separately.","inLanguage":"es-ES","isPartOf":{"@id":"https:\/\/www.est-aegis.com\/es\/#website"},"breadcrumb":{"@id":"https:\/\/www.est-aegis.com\/es\/product\/mounting-accessories\/aegis-conductive-epoxy\/#breadcrumblist"},"image":{"@type":"ImageObject","url":"https:\/\/www.est-aegis.com\/wp-content\/uploads\/epoxy_transparent-1.png","@id":"https:\/\/www.est-aegis.com\/es\/product\/mounting-accessories\/aegis-conductive-epoxy\/#mainImage","width":800,"height":800},"primaryImageOfPage":{"@id":"https:\/\/www.est-aegis.com\/es\/product\/mounting-accessories\/aegis-conductive-epoxy\/#mainImage"},"datePublished":"2022-01-07T09:11:24-05:00","dateModified":"2023-07-27T14:53:24-04:00"},{"@type":"WebSite","@id":"https:\/\/www.est-aegis.com\/es\/#website","url":"https:\/\/www.est-aegis.com\/es\/","name":"Electro Static Technology","inLanguage":"es-ES","publisher":{"@id":"https:\/\/www.est-aegis.com\/es\/#organization"}}]},"og:locale":"es_ES","og:site_name":"Electro Static Technology","og:type":"article","og:title":"AEGIS\u00ae EP2400 Conductive Epoxy","og:description":"High strength Conductive Silver Epoxy provides excellent electrical conductivity. Included with the AEGIS\u00ae Conductive Epoxy Ring or can be sold separately.","og:url":"https:\/\/www.est-aegis.com\/es\/product\/mounting-accessories\/aegis-conductive-epoxy\/","og:image":"https:\/\/www.est-aegis.com\/wp-content\/uploads\/epoxy_transparent-1.png","og:image:secure_url":"https:\/\/www.est-aegis.com\/wp-content\/uploads\/epoxy_transparent-1.png","og:image:width":800,"og:image:height":800,"article:published_time":"2022-01-07T14:11:24+00:00","article:modified_time":"2023-07-27T18:53:24+00:00","twitter:card":"summary_large_image","twitter:site":"@AEGIS_rings","twitter:title":"AEGIS\u00ae EP2400 Conductive Epoxy","twitter:description":"High strength Conductive Silver Epoxy provides excellent electrical conductivity. Included with the AEGIS\u00ae Conductive Epoxy Ring or can be sold separately.","twitter:image":"https:\/\/www.est-aegis.com\/wp-content\/uploads\/epoxy_transparent-1.png","twitter:label1":"Est. reading time","twitter:data1":"1 minute"},"aioseo_meta_data":{"post_id":"6591","title":"AEGIS\u00ae EP2400 Conductive Epoxy","description":"High strength Conductive Silver Epoxy provides excellent electrical conductivity. Included with the AEGIS\u00ae Conductive Epoxy Ring or can be sold separately.","keywords":null,"keyphrases":{"focus":{"keyphrase":"conductive epoxy"}},"primary_term":null,"canonical_url":"","og_title":"","og_description":"","og_object_type":"default","og_image_type":"featured","og_image_url":null,"og_image_width":null,"og_image_height":null,"og_image_custom_url":"","og_image_custom_fields":null,"og_video":null,"og_custom_url":null,"og_article_section":null,"og_article_tags":null,"twitter_use_og":false,"twitter_card":"default","twitter_image_type":"default","twitter_image_url":null,"twitter_image_custom_url":"","twitter_image_custom_fields":null,"twitter_title":"AEGIS\u00ae EP2400 Conductive Epoxy","twitter_description":"","schema":{"blockGraphs":[],"customGraphs":[],"default":{"data":{"Article":[],"Course":[],"Dataset":[],"FAQPage":[],"Movie":[],"Person":[],"Product":[],"ProductReview":[],"Car":[],"Recipe":[],"Service":[],"SoftwareApplication":[],"WebPage":[]},"graphName":"","isEnabled":true},"graphs":[]},"schema_type":"default","schema_type_options":null,"pillar_content":false,"robots_default":true,"robots_noindex":false,"robots_noarchive":false,"robots_nosnippet":false,"robots_nofollow":false,"robots_noimageindex":false,"robots_noodp":false,"robots_notranslate":false,"robots_max_snippet":null,"robots_max_videopreview":null,"robots_max_imagepreview":"large","priority":null,"frequency":null,"local_seo":null,"seo_analyzer_scan_date":"2026-02-19 00:24:33","breadcrumb_settings":null,"limit_modified_date":false,"reviewed_by":null,"open_ai":null,"ai":null,"created":"2026-02-18 20:34:10","updated":"2026-02-19 00:24:33"},"aioseo_breadcrumb":"<div class=\"aioseo-breadcrumbs\"><span class=\"aioseo-breadcrumb\">\n\t<a href=\"https:\/\/www.est-aegis.com\/es\/\" title=\"Home\">Home<\/a>\n<\/span><span class=\"aioseo-breadcrumb-separator\">&raquo;<\/span><span class=\"aioseo-breadcrumb\">\n\t<a href=\"https:\/\/www.est-aegis.com\/es\/product\/mounting-accessories\/\" title=\"Pruebas y Accesorios\">Pruebas y Accesorios<\/a>\n<\/span><span class=\"aioseo-breadcrumb-separator\">&raquo;<\/span><span class=\"aioseo-breadcrumb\">\n\tEpoxi conductivo AEGIS\u00ae\n<\/span><\/div>","aioseo_breadcrumb_json":[{"label":"Home","link":"https:\/\/www.est-aegis.com\/es\/"},{"label":"Pruebas y Accesorios","link":"https:\/\/www.est-aegis.com\/es\/product\/mounting-accessories\/"},{"label":"Epoxi conductivo AEGIS\u00ae","link":"https:\/\/www.est-aegis.com\/es\/product\/mounting-accessories\/aegis-conductive-epoxy\/"}],"jetpack_sharing_enabled":true,"_links":{"self":[{"href":"https:\/\/www.est-aegis.com\/es\/wp-json\/wp\/v2\/product\/6591","targetHints":{"allow":["GET"]}}],"collection":[{"href":"https:\/\/www.est-aegis.com\/es\/wp-json\/wp\/v2\/product"}],"about":[{"href":"https:\/\/www.est-aegis.com\/es\/wp-json\/wp\/v2\/types\/product"}],"up":[{"embeddable":true,"href":"https:\/\/www.est-aegis.com\/es\/wp-json\/wp\/v2\/product\/6786"}],"wp:featuredmedia":[{"embeddable":true,"href":"https:\/\/www.est-aegis.com\/es\/wp-json\/wp\/v2\/media\/6482"}],"wp:attachment":[{"href":"https:\/\/www.est-aegis.com\/es\/wp-json\/wp\/v2\/media?parent=6591"}],"curies":[{"name":"wp","href":"https:\/\/api.w.org\/{rel}","templated":true}]}}