{"id":6773,"date":"2022-01-03T21:56:34","date_gmt":"2022-01-04T02:56:34","guid":{"rendered":"https:\/\/www.est-aegis.com\/product\/pro-series\/"},"modified":"2023-08-18T15:11:22","modified_gmt":"2023-08-18T19:11:22","slug":"pro-series","status":"publish","type":"product","link":"https:\/\/www.est-aegis.com\/es\/product\/pro-series\/","title":{"rendered":"AEGIS\u00ae PRO Series"},"content":{"rendered":"\n<div class=\"wp-block-columns is-layout-flex wp-container-core-columns-is-layout-9d6595d7 wp-block-columns-is-layout-flex\">\n<div class=\"wp-block-column is-layout-flow wp-block-column-is-layout-flow\" style=\"flex-basis:100%\">\n<div class=\"wp-block-columns is-layout-flex wp-container-core-columns-is-layout-9d6595d7 wp-block-columns-is-layout-flex\">\n<div class=\"wp-block-column is-vertically-aligned-top is-layout-flow wp-block-column-is-layout-flow\" style=\"flex-basis:100%\">\n<div class=\"wp-block-columns is-layout-flex wp-container-core-columns-is-layout-9d6595d7 wp-block-columns-is-layout-flex\">\n<div class=\"wp-block-column is-layout-flow wp-block-column-is-layout-flow\" style=\"flex-basis:65%\">\n<h2 class=\"wp-block-heading\">Para turbinas, generadores y motores de baja y media tensi\u00f3n\/bastidor grande<\/h2>\n\n\n\n<p>El anillo PRO AEGIS<sup>\u00ae<\/sup> ofrece un sistema fiable de puesta a tierra de ejes para turbinas, generadores y motores de media tensi\u00f3n y bastidor grande, con objeto de desviar la tensi\u00f3n nociva del eje a tierra y ampliar la vida \u00fatil de los rodamientos. Los motores y generadores de gran tama\u00f1o a menudo tienen una tensi\u00f3n de eje inducida y una corriente de rodamiento mucho mayores. Por ello, estos anillos incluyen seis hileras circunferenciales de microfibra conductiva para ofrecer protecci\u00f3n adicional para estas aplicaciones de alta corriente.<\/p>\n\n\n\n<p>Para obtener m\u00e1s detalles, descargue la ficha de <a href=\"https:\/\/www.est-aegis.com\/wp-content\/uploads\/AEGIS-PRO-Brochure.pdf\" target=\"_blank\" rel=\"noreferrer noopener\">producto del anillo PRO<\/a>.<\/p>\n\n\n\n<p><a href=\"https:\/\/www.est-aegis.com\/contact\/\">P\u00f3ngase en contacto<\/a> con nosotros para asegurarse de seleccionar el anillo PRO AEGIS<sup>\u00ae<\/sup> correcto para su aplicaci\u00f3n.<\/p>\n\n\n\n<p><\/p>\n<\/div>\n\n\n\n<div class=\"wp-block-column is-vertically-aligned-top is-layout-flow wp-block-column-is-layout-flow\">\n<div class=\"wp-block-columns is-layout-flex wp-container-core-columns-is-layout-9d6595d7 wp-block-columns-is-layout-flex\">\n<div class=\"wp-block-column is-layout-flow wp-block-column-is-layout-flow\" style=\"flex-basis:100%\">\n<figure class=\"wp-block-image size-full\"><img decoding=\"async\" width=\"800\" height=\"800\" src=\"https:\/\/www.est-aegis.com\/wp-content\/uploads\/PROring_frontal_800x800.png\" alt=\"\" class=\"wp-image-2455\" srcset=\"https:\/\/www.est-aegis.com\/wp-content\/uploads\/PROring_frontal_800x800.png 800w, https:\/\/www.est-aegis.com\/wp-content\/uploads\/PROring_frontal_800x800-300x300.png 300w, https:\/\/www.est-aegis.com\/wp-content\/uploads\/PROring_frontal_800x800-150x150.png 150w, https:\/\/www.est-aegis.com\/wp-content\/uploads\/PROring_frontal_800x800-768x768.png 768w, https:\/\/www.est-aegis.com\/wp-content\/uploads\/PROring_frontal_800x800-125x125.png 125w\" sizes=\"(max-width: 800px) 100vw, 800px\" \/><\/figure>\n\n\n<\/div>\n<\/div>\n<\/div>\n<\/div>\n<\/div>\n<\/div>\n\n\n\n<div class=\"wp-block-columns is-layout-flex wp-container-core-columns-is-layout-9d6595d7 wp-block-columns-is-layout-flex\">\n<div class=\"wp-block-column is-layout-flow wp-block-column-is-layout-flow\">\n<figure class=\"wp-block-image size-large is-resized\"><img decoding=\"async\" src=\"https:\/\/www.est-aegis.com\/wp-content\/uploads\/PROSL-Solid-brackets-edited-1024x1024.png\" alt=\"ProSL Solid\" class=\"wp-image-1168\" width=\"423\" height=\"423\" srcset=\"https:\/\/www.est-aegis.com\/wp-content\/uploads\/PROSL-Solid-brackets-edited-1024x1024.png 1024w, https:\/\/www.est-aegis.com\/wp-content\/uploads\/PROSL-Solid-brackets-edited-300x300.png 300w, https:\/\/www.est-aegis.com\/wp-content\/uploads\/PROSL-Solid-brackets-edited-150x150.png 150w, https:\/\/www.est-aegis.com\/wp-content\/uploads\/PROSL-Solid-brackets-edited-768x767.png 768w, https:\/\/www.est-aegis.com\/wp-content\/uploads\/PROSL-Solid-brackets-edited-1536x1536.png 1536w, https:\/\/www.est-aegis.com\/wp-content\/uploads\/PROSL-Solid-brackets-edited-2048x2046.png 2048w, https:\/\/www.est-aegis.com\/wp-content\/uploads\/PROSL-Solid-brackets-edited-125x125.png 125w\" sizes=\"(max-width: 423px) 100vw, 423px\" \/><\/figure>\n<\/div>\n\n\n\n<div class=\"wp-block-column is-layout-flow wp-block-column-is-layout-flow\">\n<figure class=\"wp-block-image size-large is-resized\"><img decoding=\"async\" src=\"https:\/\/www.est-aegis.com\/wp-content\/uploads\/PROSL_Split_1500x1500-1024x1024.png\" alt=\"ProSL Split\" class=\"wp-image-1170\" width=\"423\" height=\"423\" srcset=\"https:\/\/www.est-aegis.com\/wp-content\/uploads\/PROSL_Split_1500x1500-1024x1024.png 1024w, https:\/\/www.est-aegis.com\/wp-content\/uploads\/PROSL_Split_1500x1500-300x300.png 300w, https:\/\/www.est-aegis.com\/wp-content\/uploads\/PROSL_Split_1500x1500-150x150.png 150w, https:\/\/www.est-aegis.com\/wp-content\/uploads\/PROSL_Split_1500x1500-768x768.png 768w, https:\/\/www.est-aegis.com\/wp-content\/uploads\/PROSL_Split_1500x1500-125x125.png 125w, https:\/\/www.est-aegis.com\/wp-content\/uploads\/PROSL_Split_1500x1500.png 1500w\" sizes=\"(max-width: 423px) 100vw, 423px\" \/><\/figure>\n<\/div>\n\n\n\n<div class=\"wp-block-column is-layout-flow wp-block-column-is-layout-flow\">\n<figure class=\"wp-block-image size-large\"><img decoding=\"async\" width=\"1024\" height=\"1024\" src=\"https:\/\/www.est-aegis.com\/wp-content\/uploads\/PROMR_front-1024x1024.jpg\" alt=\"\" class=\"wp-image-2390\" srcset=\"https:\/\/www.est-aegis.com\/wp-content\/uploads\/PROMR_front-1024x1024.jpg 1024w, https:\/\/www.est-aegis.com\/wp-content\/uploads\/PROMR_front-300x300.jpg 300w, https:\/\/www.est-aegis.com\/wp-content\/uploads\/PROMR_front-150x150.jpg 150w, https:\/\/www.est-aegis.com\/wp-content\/uploads\/PROMR_front-768x768.jpg 768w, https:\/\/www.est-aegis.com\/wp-content\/uploads\/PROMR_front-1536x1536.jpg 1536w, https:\/\/www.est-aegis.com\/wp-content\/uploads\/PROMR_front-125x125.jpg 125w, https:\/\/www.est-aegis.com\/wp-content\/uploads\/PROMR_front.jpg 2000w\" sizes=\"(max-width: 1024px) 100vw, 1024px\" \/><\/figure>\n<\/div>\n<\/div>\n<\/div>\n<\/div>\n\n\n\n<h3 class=\"wp-block-heading has-luminous-vivid-orange-color has-text-color\">Especificaciones<\/h3>\n\n\n\n<div class=\"wp-block-columns is-layout-flex wp-container-core-columns-is-layout-9d6595d7 wp-block-columns-is-layout-flex\">\n<div class=\"wp-block-column is-layout-flow wp-block-column-is-layout-flow\">\n<p><strong>PROSL AEGIS: anillo macizo<\/strong><\/p>\n\n\n\n<ul class=\"wp-block-list\">\n<li>Para di\u00e1metros de eje entre 63,5 mm y 400 mm [entre 2,5 y 15,750 pulg.]<\/li>\n\n\n\n<li>Di\u00e1metro externo = di\u00e1metro del eje + 47,24 mm [1,86 pulg.]<\/li>\n\n\n\n<li>Longitud total = 15,88 mm [0,625 pulg.] m\u00e1x. montado con FHCS<\/li>\n\n\n\n<li>Cabeza plana\n<ul class=\"wp-block-list\">\n<li>sistema imperial (4) 8-32 x 1 pulg. FHCS o<\/li>\n\n\n\n<li>sistema m\u00e9trico (4) M4 x 0,7 x 25 mm<\/li>\n<\/ul>\n<\/li>\n<\/ul>\n\n\n\n<ul class=\"wp-block-list\">\n<li>Tornillos de montaje de cabeza plana\n<ul class=\"wp-block-list\">\n<li>sistema imperial (4) 8-32 x 1 pulg. FHCS o<\/li>\n\n\n\n<li>sistema m\u00e9trico (4) M4 x 0,7 x 25 mm<\/li>\n<\/ul>\n<\/li>\n<\/ul>\n\n\n\n<ul class=\"wp-block-list\">\n<li>Existencia de soportes de montaje universales disponibles; soportes personalizados disponibles bajo pedido<\/li>\n\n\n\n<li>Montaje a presi\u00f3n disponible bajo pedido<\/li>\n\n\n\n<li>Di\u00e1metro del eje de suministro en sistema imperial x.xxx (3 lugares) o sistema m\u00e9trico x.xx (2 lugares) para un mejor ajuste<\/li>\n\n\n\n<li><strong><a href=\"https:\/\/www.est-aegis.com\/wp-content\/uploads\/PROSL_Solid_Template.Rev_A.pdf\" target=\"_blank\" rel=\"noreferrer noopener\">Plantilla de dibujo<\/a><\/strong><\/li>\n<\/ul>\n\n\n<\/div>\n\n\n\n<div class=\"wp-block-column is-layout-flow wp-block-column-is-layout-flow\">\n<p><strong>PROSL AEGIS: anillo dividido<\/strong><\/p>\n\n\n\n<ul class=\"wp-block-list\">\n<li>Para di\u00e1metros de eje entre 63,5 mm y 400 mm [entre 2,5 y 15,750 pulg.]<\/li>\n\n\n\n<li>Di\u00e1metro externo = di\u00e1metro del eje + 47,24 mm [1,86 pulg.]<\/li>\n\n\n\n<li>Longitud total = 16,51 mm (0,650 pulg.) m\u00e1x. montado con FHCS<\/li>\n\n\n\n<li>Tornillos de montaje de cabeza plana incluidos para montaje atornillado\n<ul class=\"wp-block-list\">\n<li>sistema imperial (4) 8-32 x 1 pulg. FHCS o<\/li>\n\n\n\n<li>sistema m\u00e9trico (4) M4 x 0,7 x 25 mm<\/li>\n<\/ul>\n<\/li>\n\n\n\n<li>Existencia de soportes de montaje universales disponibles; soportes personalizados disponibles bajo pedido.<\/li>\n\n\n\n<li>Di\u00e1metro del eje de suministro en sistema imperial x.xxx (3 lugares) o sistema m\u00e9trico x.xx (2 lugares) para un mejor ajuste<\/li>\n\n\n\n<li><a href=\"https:\/\/www.est-aegis.com\/wp-content\/uploads\/PROSL_Split_Template.Rev_A.pdf\" target=\"_blank\" rel=\"noreferrer noopener\"><strong>Plantilla de dibujo<\/strong><\/a><\/li>\n<\/ul>\n<\/div>\n\n\n\n<div class=\"wp-block-column is-layout-flow wp-block-column-is-layout-flow\"><\/div>\n<\/div>\n\n\n\n<div class=\"wp-block-buttons is-horizontal is-content-justification-center is-layout-flex wp-container-core-buttons-is-layout-499968f5 wp-block-buttons-is-layout-flex\">\n<div class=\"wp-block-button\"><a class=\"wp-block-button__link wp-element-button\" href=\"https:\/\/www.est-aegis.com\/es\/contact\/\">P\u00f3ngase en contacto con nosotros<\/a><\/div>\n<\/div>\n\n\n","protected":false},"excerpt":{"rendered":"<p>Para turbinas, generadores y motores de baja y media tensi\u00f3n\/bastidor grande El anillo PRO AEGIS\u00ae ofrece un sistema fiable de puesta a tierra de ejes para turbinas, generadores y motores de media tensi\u00f3n y bastidor grande, con objeto de desviar la tensi\u00f3n nociva del eje a tierra y ampliar la vida \u00fatil de los rodamientos&#8230;.  <a class=\"excerpt-read-more\" href=\"https:\/\/www.est-aegis.com\/es\/product\/pro-series\/\" title=\"Read AEGIS\u00ae PRO Series\">Read more &raquo;<\/a><\/p>\n","protected":false},"featured_media":2998,"parent":0,"template":"","class_list":["post-6773","product","type-product","status-publish","has-post-thumbnail","hentry"],"acf":[],"aioseo_notices":[],"aioseo_head":"\n\t\t<!-- All in One SEO Pro 4.9.5.2 - aioseo.com -->\n\t<meta name=\"description\" content=\"Get large motor bearing protection for motors and generators that have higher induced shaft voltages and bearing currents.\" \/>\n\t<meta name=\"robots\" content=\"max-image-preview:large\" \/>\n\t<link rel=\"canonical\" href=\"https:\/\/www.est-aegis.com\/es\/product\/pro-series\/\" \/>\n\t<meta name=\"generator\" content=\"All in One SEO Pro (AIOSEO) 4.9.5.2\" \/>\n\t\t<meta property=\"og:locale\" content=\"es_ES\" \/>\n\t\t<meta property=\"og:site_name\" content=\"Electro Static Technology\" \/>\n\t\t<meta property=\"og:type\" content=\"article\" \/>\n\t\t<meta property=\"og:title\" content=\"AEGIS\u00ae Pro Ring For Large Motor Bearing Protection\" \/>\n\t\t<meta property=\"og:description\" content=\"Get large motor bearing protection for motors and generators that have higher induced shaft voltages and bearing currents.\" \/>\n\t\t<meta property=\"og:url\" content=\"https:\/\/www.est-aegis.com\/es\/product\/pro-series\/\" \/>\n\t\t<meta property=\"og:image\" content=\"https:\/\/www.est-aegis.com\/wp-content\/uploads\/PRO_UnivBrac-and-Solid_silo.png\" \/>\n\t\t<meta property=\"og:image:secure_url\" content=\"https:\/\/www.est-aegis.com\/wp-content\/uploads\/PRO_UnivBrac-and-Solid_silo.png\" \/>\n\t\t<meta property=\"og:image:width\" content=\"2000\" \/>\n\t\t<meta property=\"og:image:height\" content=\"2000\" \/>\n\t\t<meta property=\"article:published_time\" content=\"2022-01-04T02:56:34+00:00\" \/>\n\t\t<meta property=\"article:modified_time\" content=\"2023-08-18T19:11:22+00:00\" \/>\n\t\t<meta name=\"twitter:card\" content=\"summary_large_image\" \/>\n\t\t<meta name=\"twitter:site\" content=\"@AEGIS_rings\" \/>\n\t\t<meta name=\"twitter:title\" content=\"AEGIS\u00ae Pro Ring For Large Motor Bearing Protection\" \/>\n\t\t<meta name=\"twitter:description\" content=\"Get large motor bearing protection for motors and generators that have higher induced shaft voltages and bearing currents.\" \/>\n\t\t<meta name=\"twitter:image\" content=\"https:\/\/www.est-aegis.com\/wp-content\/uploads\/PRO_UnivBrac-and-Solid_silo.png\" \/>\n\t\t<meta name=\"twitter:label1\" content=\"Est. reading time\" \/>\n\t\t<meta name=\"twitter:data1\" content=\"2 minutes\" \/>\n\t\t<script type=\"application\/ld+json\" class=\"aioseo-schema\">\n\t\t\t{\"@context\":\"https:\\\/\\\/schema.org\",\"@graph\":[{\"@type\":\"BreadcrumbList\",\"@id\":\"https:\\\/\\\/www.est-aegis.com\\\/es\\\/product\\\/pro-series\\\/#breadcrumblist\",\"itemListElement\":[{\"@type\":\"ListItem\",\"@id\":\"https:\\\/\\\/www.est-aegis.com\\\/es\\\/#listItem\",\"position\":1,\"name\":\"Home\",\"item\":\"https:\\\/\\\/www.est-aegis.com\\\/es\\\/\",\"nextItem\":{\"@type\":\"ListItem\",\"@id\":\"https:\\\/\\\/www.est-aegis.com\\\/es\\\/product\\\/pro-series\\\/#listItem\",\"name\":\"AEGIS\\u00ae PRO Series\"}},{\"@type\":\"ListItem\",\"@id\":\"https:\\\/\\\/www.est-aegis.com\\\/es\\\/product\\\/pro-series\\\/#listItem\",\"position\":2,\"name\":\"AEGIS\\u00ae PRO Series\",\"previousItem\":{\"@type\":\"ListItem\",\"@id\":\"https:\\\/\\\/www.est-aegis.com\\\/es\\\/#listItem\",\"name\":\"Home\"}}]},{\"@type\":\"Organization\",\"@id\":\"https:\\\/\\\/www.est-aegis.com\\\/es\\\/#organization\",\"name\":\"Electro Static Technology\",\"url\":\"https:\\\/\\\/www.est-aegis.com\\\/es\\\/\",\"logo\":{\"@type\":\"ImageObject\",\"url\":\"https:\\\/\\\/www.est-aegis.com\\\/wp-content\\\/uploads\\\/logo-aegis-1.svg\",\"@id\":\"https:\\\/\\\/www.est-aegis.com\\\/es\\\/product\\\/pro-series\\\/#organizationLogo\",\"width\":244,\"height\":73,\"caption\":\"aegis logo\"},\"image\":{\"@id\":\"https:\\\/\\\/www.est-aegis.com\\\/es\\\/product\\\/pro-series\\\/#organizationLogo\"},\"sameAs\":[\"https:\\\/\\\/x.com\\\/AEGIS_rings\"],\"address\":{\"@id\":\"https:\\\/\\\/www.est-aegis.com\\\/es\\\/#postaladdress\",\"@type\":\"PostalAddress\",\"streetAddress\":\"31 Winterbrook Road,\",\"postalCode\":\"04256\",\"addressLocality\":\"Mechanic Falls\",\"addressRegion\":\"ME\",\"addressCountry\":\"US\"}},{\"@type\":\"WebPage\",\"@id\":\"https:\\\/\\\/www.est-aegis.com\\\/es\\\/product\\\/pro-series\\\/#webpage\",\"url\":\"https:\\\/\\\/www.est-aegis.com\\\/es\\\/product\\\/pro-series\\\/\",\"name\":\"AEGIS\\u00ae Pro Ring For Large Motor Bearing Protection\",\"description\":\"Get large motor bearing protection for motors and generators that have higher induced shaft voltages and bearing currents.\",\"inLanguage\":\"es-ES\",\"isPartOf\":{\"@id\":\"https:\\\/\\\/www.est-aegis.com\\\/es\\\/#website\"},\"breadcrumb\":{\"@id\":\"https:\\\/\\\/www.est-aegis.com\\\/es\\\/product\\\/pro-series\\\/#breadcrumblist\"},\"image\":{\"@type\":\"ImageObject\",\"url\":\"https:\\\/\\\/www.est-aegis.com\\\/wp-content\\\/uploads\\\/PRO_UnivBrac-and-Solid_silo.png\",\"@id\":\"https:\\\/\\\/www.est-aegis.com\\\/es\\\/product\\\/pro-series\\\/#mainImage\",\"width\":2000,\"height\":2000},\"primaryImageOfPage\":{\"@id\":\"https:\\\/\\\/www.est-aegis.com\\\/es\\\/product\\\/pro-series\\\/#mainImage\"},\"datePublished\":\"2022-01-03T21:56:34-05:00\",\"dateModified\":\"2023-08-18T15:11:22-04:00\"},{\"@type\":\"WebSite\",\"@id\":\"https:\\\/\\\/www.est-aegis.com\\\/es\\\/#website\",\"url\":\"https:\\\/\\\/www.est-aegis.com\\\/es\\\/\",\"name\":\"Electro Static Technology\",\"inLanguage\":\"es-ES\",\"publisher\":{\"@id\":\"https:\\\/\\\/www.est-aegis.com\\\/es\\\/#organization\"}}]}\n\t\t<\/script>\n\t\t<!-- All in One SEO Pro -->\r\n\t\t<title>AEGIS\u00ae Pro Ring For Large Motor Bearing Protection<\/title>\n\n","aioseo_head_json":{"title":"AEGIS\u00ae Pro Ring For Large Motor Bearing Protection","description":"Get large motor bearing protection for motors and generators that have higher induced shaft voltages and bearing currents.","canonical_url":"https:\/\/www.est-aegis.com\/es\/product\/pro-series\/","robots":"max-image-preview:large","keywords":"","webmasterTools":{"miscellaneous":""},"schema":{"@context":"https:\/\/schema.org","@graph":[{"@type":"BreadcrumbList","@id":"https:\/\/www.est-aegis.com\/es\/product\/pro-series\/#breadcrumblist","itemListElement":[{"@type":"ListItem","@id":"https:\/\/www.est-aegis.com\/es\/#listItem","position":1,"name":"Home","item":"https:\/\/www.est-aegis.com\/es\/","nextItem":{"@type":"ListItem","@id":"https:\/\/www.est-aegis.com\/es\/product\/pro-series\/#listItem","name":"AEGIS\u00ae PRO Series"}},{"@type":"ListItem","@id":"https:\/\/www.est-aegis.com\/es\/product\/pro-series\/#listItem","position":2,"name":"AEGIS\u00ae PRO Series","previousItem":{"@type":"ListItem","@id":"https:\/\/www.est-aegis.com\/es\/#listItem","name":"Home"}}]},{"@type":"Organization","@id":"https:\/\/www.est-aegis.com\/es\/#organization","name":"Electro Static Technology","url":"https:\/\/www.est-aegis.com\/es\/","logo":{"@type":"ImageObject","url":"https:\/\/www.est-aegis.com\/wp-content\/uploads\/logo-aegis-1.svg","@id":"https:\/\/www.est-aegis.com\/es\/product\/pro-series\/#organizationLogo","width":244,"height":73,"caption":"aegis logo"},"image":{"@id":"https:\/\/www.est-aegis.com\/es\/product\/pro-series\/#organizationLogo"},"sameAs":["https:\/\/x.com\/AEGIS_rings"],"address":{"@id":"https:\/\/www.est-aegis.com\/es\/#postaladdress","@type":"PostalAddress","streetAddress":"31 Winterbrook Road,","postalCode":"04256","addressLocality":"Mechanic Falls","addressRegion":"ME","addressCountry":"US"}},{"@type":"WebPage","@id":"https:\/\/www.est-aegis.com\/es\/product\/pro-series\/#webpage","url":"https:\/\/www.est-aegis.com\/es\/product\/pro-series\/","name":"AEGIS\u00ae Pro Ring For Large Motor Bearing Protection","description":"Get large motor bearing protection for motors and generators that have higher induced shaft voltages and bearing currents.","inLanguage":"es-ES","isPartOf":{"@id":"https:\/\/www.est-aegis.com\/es\/#website"},"breadcrumb":{"@id":"https:\/\/www.est-aegis.com\/es\/product\/pro-series\/#breadcrumblist"},"image":{"@type":"ImageObject","url":"https:\/\/www.est-aegis.com\/wp-content\/uploads\/PRO_UnivBrac-and-Solid_silo.png","@id":"https:\/\/www.est-aegis.com\/es\/product\/pro-series\/#mainImage","width":2000,"height":2000},"primaryImageOfPage":{"@id":"https:\/\/www.est-aegis.com\/es\/product\/pro-series\/#mainImage"},"datePublished":"2022-01-03T21:56:34-05:00","dateModified":"2023-08-18T15:11:22-04:00"},{"@type":"WebSite","@id":"https:\/\/www.est-aegis.com\/es\/#website","url":"https:\/\/www.est-aegis.com\/es\/","name":"Electro Static Technology","inLanguage":"es-ES","publisher":{"@id":"https:\/\/www.est-aegis.com\/es\/#organization"}}]},"og:locale":"es_ES","og:site_name":"Electro Static Technology","og:type":"article","og:title":"AEGIS\u00ae Pro Ring For Large Motor Bearing Protection","og:description":"Get large motor bearing protection for motors and generators that have higher induced shaft voltages and bearing currents.","og:url":"https:\/\/www.est-aegis.com\/es\/product\/pro-series\/","og:image":"https:\/\/www.est-aegis.com\/wp-content\/uploads\/PRO_UnivBrac-and-Solid_silo.png","og:image:secure_url":"https:\/\/www.est-aegis.com\/wp-content\/uploads\/PRO_UnivBrac-and-Solid_silo.png","og:image:width":2000,"og:image:height":2000,"article:published_time":"2022-01-04T02:56:34+00:00","article:modified_time":"2023-08-18T19:11:22+00:00","twitter:card":"summary_large_image","twitter:site":"@AEGIS_rings","twitter:title":"AEGIS\u00ae Pro Ring For Large Motor Bearing Protection","twitter:description":"Get large motor bearing protection for motors and generators that have higher induced shaft voltages and bearing currents.","twitter:image":"https:\/\/www.est-aegis.com\/wp-content\/uploads\/PRO_UnivBrac-and-Solid_silo.png","twitter:label1":"Est. reading time","twitter:data1":"2 minutes"},"aioseo_meta_data":{"post_id":"6773","title":"AEGIS\u00ae Pro Ring For Large Motor Bearing Protection","description":"Get large motor bearing protection for motors and generators that have higher induced shaft voltages and bearing currents.","keywords":null,"keyphrases":{"focus":{"keyphrase":"large motor bearing protection"}},"primary_term":null,"canonical_url":"","og_title":"","og_description":"","og_object_type":"default","og_image_type":"featured","og_image_url":null,"og_image_width":null,"og_image_height":null,"og_image_custom_url":"","og_image_custom_fields":null,"og_video":null,"og_custom_url":null,"og_article_section":null,"og_article_tags":null,"twitter_use_og":false,"twitter_card":"default","twitter_image_type":"default","twitter_image_url":null,"twitter_image_custom_url":"","twitter_image_custom_fields":null,"twitter_title":"AEGIS\u00ae Pro Ring For Large Motor Bearing Protection","twitter_description":"","schema":{"blockGraphs":[],"customGraphs":[],"default":{"data":{"Article":[],"Course":[],"Dataset":[],"FAQPage":[],"Movie":[],"Person":[],"Product":[],"ProductReview":[],"Car":[],"Recipe":[],"Service":[],"SoftwareApplication":[],"WebPage":[]},"graphName":"","isEnabled":true},"graphs":[]},"schema_type":"default","schema_type_options":null,"pillar_content":false,"robots_default":true,"robots_noindex":false,"robots_noarchive":false,"robots_nosnippet":false,"robots_nofollow":false,"robots_noimageindex":false,"robots_noodp":false,"robots_notranslate":false,"robots_max_snippet":null,"robots_max_videopreview":null,"robots_max_imagepreview":"large","priority":null,"frequency":null,"local_seo":null,"seo_analyzer_scan_date":"2026-02-19 00:13:03","breadcrumb_settings":null,"limit_modified_date":false,"reviewed_by":null,"open_ai":null,"ai":null,"created":"2026-02-18 20:34:10","updated":"2026-02-19 00:13:03"},"aioseo_breadcrumb":"<div class=\"aioseo-breadcrumbs\"><span class=\"aioseo-breadcrumb\">\n\t<a href=\"https:\/\/www.est-aegis.com\/es\/\" title=\"Home\">Home<\/a>\n<\/span><span class=\"aioseo-breadcrumb-separator\">&raquo;<\/span><span class=\"aioseo-breadcrumb\">\n\tAEGIS\u00ae PRO Series\n<\/span><\/div>","aioseo_breadcrumb_json":[{"label":"Home","link":"https:\/\/www.est-aegis.com\/es\/"},{"label":"AEGIS\u00ae PRO Series","link":"https:\/\/www.est-aegis.com\/es\/product\/pro-series\/"}],"jetpack_sharing_enabled":true,"_links":{"self":[{"href":"https:\/\/www.est-aegis.com\/es\/wp-json\/wp\/v2\/product\/6773","targetHints":{"allow":["GET"]}}],"collection":[{"href":"https:\/\/www.est-aegis.com\/es\/wp-json\/wp\/v2\/product"}],"about":[{"href":"https:\/\/www.est-aegis.com\/es\/wp-json\/wp\/v2\/types\/product"}],"wp:featuredmedia":[{"embeddable":true,"href":"https:\/\/www.est-aegis.com\/es\/wp-json\/wp\/v2\/media\/2998"}],"wp:attachment":[{"href":"https:\/\/www.est-aegis.com\/es\/wp-json\/wp\/v2\/media?parent=6773"}],"curies":[{"name":"wp","href":"https:\/\/api.w.org\/{rel}","templated":true}]}}