{"id":7212,"date":"2022-01-06T11:23:49","date_gmt":"2022-01-06T16:23:49","guid":{"rendered":"https:\/\/www.est-aegis.com\/?post_type=product&#038;p=7212"},"modified":"2023-10-23T15:22:16","modified_gmt":"2023-10-23T19:22:16","slug":"osciloscopio-digital-aegis-probador-de-voltaje-de-eje","status":"publish","type":"product","link":"https:\/\/www.est-aegis.com\/es\/product\/mounting-accessories\/osciloscopio-digital-aegis-probador-de-voltaje-de-eje\/","title":{"rendered":"Osciloscopio Digital AEGIS\u00ae Probador de Voltaje de Eje"},"content":{"rendered":"\n<div class=\"wp-block-columns is-layout-flex wp-container-core-columns-is-layout-9d6595d7 wp-block-columns-is-layout-flex\">\n<div class=\"wp-block-column is-layout-flow wp-block-column-is-layout-flow\" style=\"flex-basis:66.66%\">\n<p> <\/p>\n\n\n\n<p>Con el Osciloscopio Digital Probador de Voltaje de Eje marca AEGIS\u00ae, el personal de mantenimiento de la planta puede tomar lecturas de voltaje de los ejes de los motores de manera r\u00e1pida y sencilla para confirmar la presencia de descargas de voltaje en el eje que pueden da\u00f1ar los rodamientos del motor. Cada osciloscopio incluye una sonda con puntas especiales de microfibra conductora, un soporte para la sonda con base magn\u00e9tica y un estuche de transporte. Tambi\u00e9n est\u00e1n disponibles kits de accesorios extendidos.<\/p>\n\n\n\n<p>   <p>Para obtener m\u00e1s detalles, descargue la\u00a0<a href=\"https:\/\/www.est-aegis.com\/wp-content\/uploads\/AEGIS-OSC-9200_datasheet-1.pdf\">Hoja de Producto del Probador de Voltaje del Eje (EE. UU.)<\/a> o la <a href=\"https:\/\/www.est-aegis.com\/wp-content\/uploads\/AEGIS-OSC-9200_datasheet_Int-1.pdf\">Hoja de Producto del Probador de Voltaje del Eje (Internacional)<\/a>. Para obtener una plantilla de informe de prueba de voltage del eje, haga <a href=\"https:\/\/www.est-aegis.com\/bearing\/docs\/Shaft_Voltage_Testing_Report.docx\">clic aqui<\/a><\/p> <\/p>\n<\/div>\n\n\n\n<div class=\"wp-block-column is-layout-flow wp-block-column-is-layout-flow\" style=\"flex-basis:33.33%\">\n<figure class=\"wp-block-image size-full\"><img decoding=\"async\" width=\"800\" height=\"569\" src=\"https:\/\/www.est-aegis.com\/wp-content\/uploads\/AEGIS-OSC-tester.jpg\" alt=\"\" class=\"wp-image-5603\" srcset=\"https:\/\/www.est-aegis.com\/wp-content\/uploads\/AEGIS-OSC-tester.jpg 800w, https:\/\/www.est-aegis.com\/wp-content\/uploads\/AEGIS-OSC-tester-300x213.jpg 300w, https:\/\/www.est-aegis.com\/wp-content\/uploads\/AEGIS-OSC-tester-768x546.jpg 768w\" sizes=\"(max-width: 800px) 100vw, 800px\" \/><\/figure>\n<\/div>\n<\/div>\n\n\n\n<div class=\"wp-block-buttons is-content-justification-center is-layout-flex wp-container-core-buttons-is-layout-16018d1d wp-block-buttons-is-layout-flex\">\n<div class=\"wp-block-button\"><a class=\"wp-block-button__link wp-element-button\" href=\"https:\/\/catalog.est-aegis.com\/collections\/svt\/products\/shaft-voltage-tester-9200?variant=40655612510252\">Detalles aqu\u00ed<\/a><\/div>\n<\/div>\n","protected":false},"excerpt":{"rendered":"<p>Con el Osciloscopio Digital Probador de Voltaje de Eje marca AEGIS\u00ae, el personal de mantenimiento de la planta puede tomar lecturas de voltaje de los ejes de los motores de manera r\u00e1pida y sencilla para confirmar la presencia de descargas de voltaje en el eje que pueden da\u00f1ar los rodamientos del motor. Cada osciloscopio incluye&#8230;  <a class=\"excerpt-read-more\" href=\"https:\/\/www.est-aegis.com\/es\/product\/mounting-accessories\/osciloscopio-digital-aegis-probador-de-voltaje-de-eje\/\" title=\"Read Osciloscopio Digital AEGIS\u00ae Probador de Voltaje de Eje\">Read more &raquo;<\/a><\/p>\n","protected":false},"featured_media":5613,"parent":6786,"template":"","class_list":["post-7212","product","type-product","status-publish","has-post-thumbnail","hentry"],"acf":[],"aioseo_notices":[],"aioseo_head":"\n\t\t<!-- All in One SEO Pro 4.9.6.2 - aioseo.com -->\n\t<meta name=\"description\" content=\"Con el Osciloscopio Digital Probador de Voltaje de Eje marca AEGIS\u00ae, el personal de mantenimiento de la planta puede tomar lecturas de voltaje de los ejes de los motores de manera r\u00e1pida y sencilla para confirmar la presencia de descargas de voltaje en el eje que pueden da\u00f1ar los rodamientos del motor. Cada osciloscopio incluye\" \/>\n\t<meta name=\"robots\" content=\"max-image-preview:large\" \/>\n\t<link rel=\"canonical\" href=\"https:\/\/www.est-aegis.com\/es\/product\/mounting-accessories\/osciloscopio-digital-aegis-probador-de-voltaje-de-eje\/\" \/>\n\t<meta name=\"generator\" content=\"All in One SEO Pro (AIOSEO) 4.9.6.2\" \/>\n\t\t<meta property=\"og:locale\" content=\"es_ES\" \/>\n\t\t<meta property=\"og:site_name\" content=\"Electro Static Technology\" \/>\n\t\t<meta property=\"og:type\" content=\"article\" \/>\n\t\t<meta property=\"og:title\" content=\"Osciloscopio Digital AEGIS\u00ae Probador de Voltaje de Eje | Electro Static Technology\" \/>\n\t\t<meta property=\"og:description\" content=\"Con el Osciloscopio Digital Probador de Voltaje de Eje marca AEGIS\u00ae, el personal de mantenimiento de la planta puede tomar lecturas de voltaje de los ejes de los motores de manera r\u00e1pida y sencilla para confirmar la presencia de descargas de voltaje en el eje que pueden da\u00f1ar los rodamientos del motor. Cada osciloscopio incluye\" \/>\n\t\t<meta property=\"og:url\" content=\"https:\/\/www.est-aegis.com\/es\/product\/mounting-accessories\/osciloscopio-digital-aegis-probador-de-voltaje-de-eje\/\" \/>\n\t\t<meta property=\"og:image\" content=\"https:\/\/www.est-aegis.com\/wp-content\/uploads\/AEGIS-OSC-9200MB-est.png\" \/>\n\t\t<meta property=\"og:image:secure_url\" content=\"https:\/\/www.est-aegis.com\/wp-content\/uploads\/AEGIS-OSC-9200MB-est.png\" \/>\n\t\t<meta property=\"og:image:width\" content=\"800\" \/>\n\t\t<meta property=\"og:image:height\" content=\"569\" \/>\n\t\t<meta property=\"article:published_time\" content=\"2022-01-06T16:23:49+00:00\" \/>\n\t\t<meta property=\"article:modified_time\" content=\"2023-10-23T19:22:16+00:00\" \/>\n\t\t<meta name=\"twitter:card\" content=\"summary_large_image\" \/>\n\t\t<meta name=\"twitter:site\" content=\"@AEGIS_rings\" \/>\n\t\t<meta name=\"twitter:title\" content=\"Osciloscopio Digital AEGIS\u00ae Probador de Voltaje de Eje | Electro Static Technology\" \/>\n\t\t<meta name=\"twitter:description\" content=\"Con el Osciloscopio Digital Probador de Voltaje de Eje marca AEGIS\u00ae, el personal de mantenimiento de la planta puede tomar lecturas de voltaje de los ejes de los motores de manera r\u00e1pida y sencilla para confirmar la presencia de descargas de voltaje en el eje que pueden da\u00f1ar los rodamientos del motor. Cada osciloscopio incluye\" \/>\n\t\t<meta name=\"twitter:image\" content=\"https:\/\/www.est-aegis.com\/wp-content\/uploads\/AEGIS-OSC-9200MB-est.png\" \/>\n\t\t<meta name=\"twitter:label1\" content=\"Est. reading time\" \/>\n\t\t<meta name=\"twitter:data1\" content=\"1 minute\" \/>\n\t\t<script type=\"application\/ld+json\" class=\"aioseo-schema\">\n\t\t\t{\"@context\":\"https:\\\/\\\/schema.org\",\"@graph\":[{\"@type\":\"BreadcrumbList\",\"@id\":\"https:\\\/\\\/www.est-aegis.com\\\/es\\\/product\\\/mounting-accessories\\\/osciloscopio-digital-aegis-probador-de-voltaje-de-eje\\\/#breadcrumblist\",\"itemListElement\":[{\"@type\":\"ListItem\",\"@id\":\"https:\\\/\\\/www.est-aegis.com\\\/es\\\/#listItem\",\"position\":1,\"name\":\"Home\",\"item\":\"https:\\\/\\\/www.est-aegis.com\\\/es\\\/\",\"nextItem\":{\"@type\":\"ListItem\",\"@id\":\"https:\\\/\\\/www.est-aegis.com\\\/es\\\/product\\\/mounting-accessories\\\/#listItem\",\"name\":\"Pruebas y Accesorios\"}},{\"@type\":\"ListItem\",\"@id\":\"https:\\\/\\\/www.est-aegis.com\\\/es\\\/product\\\/mounting-accessories\\\/#listItem\",\"position\":2,\"name\":\"Pruebas y Accesorios\",\"item\":\"https:\\\/\\\/www.est-aegis.com\\\/es\\\/product\\\/mounting-accessories\\\/\",\"nextItem\":{\"@type\":\"ListItem\",\"@id\":\"https:\\\/\\\/www.est-aegis.com\\\/es\\\/product\\\/mounting-accessories\\\/osciloscopio-digital-aegis-probador-de-voltaje-de-eje\\\/#listItem\",\"name\":\"Osciloscopio Digital AEGIS\\u00ae Probador de Voltaje de Eje\"},\"previousItem\":{\"@type\":\"ListItem\",\"@id\":\"https:\\\/\\\/www.est-aegis.com\\\/es\\\/#listItem\",\"name\":\"Home\"}},{\"@type\":\"ListItem\",\"@id\":\"https:\\\/\\\/www.est-aegis.com\\\/es\\\/product\\\/mounting-accessories\\\/osciloscopio-digital-aegis-probador-de-voltaje-de-eje\\\/#listItem\",\"position\":3,\"name\":\"Osciloscopio Digital AEGIS\\u00ae Probador de Voltaje de Eje\",\"previousItem\":{\"@type\":\"ListItem\",\"@id\":\"https:\\\/\\\/www.est-aegis.com\\\/es\\\/product\\\/mounting-accessories\\\/#listItem\",\"name\":\"Pruebas y Accesorios\"}}]},{\"@type\":\"Organization\",\"@id\":\"https:\\\/\\\/www.est-aegis.com\\\/es\\\/#organization\",\"name\":\"Electro Static Technology\",\"url\":\"https:\\\/\\\/www.est-aegis.com\\\/es\\\/\",\"logo\":{\"@type\":\"ImageObject\",\"url\":\"https:\\\/\\\/www.est-aegis.com\\\/wp-content\\\/uploads\\\/logo-aegis-1.svg\",\"@id\":\"https:\\\/\\\/www.est-aegis.com\\\/es\\\/product\\\/mounting-accessories\\\/osciloscopio-digital-aegis-probador-de-voltaje-de-eje\\\/#organizationLogo\",\"width\":244,\"height\":73,\"caption\":\"aegis logo\"},\"image\":{\"@id\":\"https:\\\/\\\/www.est-aegis.com\\\/es\\\/product\\\/mounting-accessories\\\/osciloscopio-digital-aegis-probador-de-voltaje-de-eje\\\/#organizationLogo\"},\"sameAs\":[\"https:\\\/\\\/x.com\\\/AEGIS_rings\"],\"address\":{\"@id\":\"https:\\\/\\\/www.est-aegis.com\\\/es\\\/#postaladdress\",\"@type\":\"PostalAddress\",\"streetAddress\":\"31 Winterbrook Road,\",\"postalCode\":\"04256\",\"addressLocality\":\"Mechanic Falls\",\"addressRegion\":\"ME\",\"addressCountry\":\"US\"}},{\"@type\":\"WebPage\",\"@id\":\"https:\\\/\\\/www.est-aegis.com\\\/es\\\/product\\\/mounting-accessories\\\/osciloscopio-digital-aegis-probador-de-voltaje-de-eje\\\/#webpage\",\"url\":\"https:\\\/\\\/www.est-aegis.com\\\/es\\\/product\\\/mounting-accessories\\\/osciloscopio-digital-aegis-probador-de-voltaje-de-eje\\\/\",\"name\":\"Osciloscopio Digital AEGIS\\u00ae Probador de Voltaje de Eje | Electro Static Technology\",\"description\":\"Con el Osciloscopio Digital Probador de Voltaje de Eje marca AEGIS\\u00ae, el personal de mantenimiento de la planta puede tomar lecturas de voltaje de los ejes de los motores de manera r\\u00e1pida y sencilla para confirmar la presencia de descargas de voltaje en el eje que pueden da\\u00f1ar los rodamientos del motor. Cada osciloscopio incluye\",\"inLanguage\":\"es-ES\",\"isPartOf\":{\"@id\":\"https:\\\/\\\/www.est-aegis.com\\\/es\\\/#website\"},\"breadcrumb\":{\"@id\":\"https:\\\/\\\/www.est-aegis.com\\\/es\\\/product\\\/mounting-accessories\\\/osciloscopio-digital-aegis-probador-de-voltaje-de-eje\\\/#breadcrumblist\"},\"image\":{\"@type\":\"ImageObject\",\"url\":\"https:\\\/\\\/www.est-aegis.com\\\/wp-content\\\/uploads\\\/AEGIS-OSC-9200MB-est.png\",\"@id\":\"https:\\\/\\\/www.est-aegis.com\\\/es\\\/product\\\/mounting-accessories\\\/osciloscopio-digital-aegis-probador-de-voltaje-de-eje\\\/#mainImage\",\"width\":800,\"height\":569},\"primaryImageOfPage\":{\"@id\":\"https:\\\/\\\/www.est-aegis.com\\\/es\\\/product\\\/mounting-accessories\\\/osciloscopio-digital-aegis-probador-de-voltaje-de-eje\\\/#mainImage\"},\"datePublished\":\"2022-01-06T11:23:49-05:00\",\"dateModified\":\"2023-10-23T15:22:16-04:00\"},{\"@type\":\"WebSite\",\"@id\":\"https:\\\/\\\/www.est-aegis.com\\\/es\\\/#website\",\"url\":\"https:\\\/\\\/www.est-aegis.com\\\/es\\\/\",\"name\":\"Electro Static Technology\",\"inLanguage\":\"es-ES\",\"publisher\":{\"@id\":\"https:\\\/\\\/www.est-aegis.com\\\/es\\\/#organization\"}}]}\n\t\t<\/script>\n\t\t<!-- All in One SEO Pro -->\r\n\t\t<title>Osciloscopio Digital AEGIS\u00ae Probador de Voltaje de Eje | Electro Static Technology<\/title>\n\n","aioseo_head_json":{"title":"Osciloscopio Digital AEGIS\u00ae Probador de Voltaje de Eje | Electro Static Technology","description":"Con el Osciloscopio Digital Probador de Voltaje de Eje marca AEGIS\u00ae, el personal de mantenimiento de la planta puede tomar lecturas de voltaje de los ejes de los motores de manera r\u00e1pida y sencilla para confirmar la presencia de descargas de voltaje en el eje que pueden da\u00f1ar los rodamientos del motor. Cada osciloscopio incluye","canonical_url":"https:\/\/www.est-aegis.com\/es\/product\/mounting-accessories\/osciloscopio-digital-aegis-probador-de-voltaje-de-eje\/","robots":"max-image-preview:large","keywords":"","webmasterTools":{"miscellaneous":""},"schema":{"@context":"https:\/\/schema.org","@graph":[{"@type":"BreadcrumbList","@id":"https:\/\/www.est-aegis.com\/es\/product\/mounting-accessories\/osciloscopio-digital-aegis-probador-de-voltaje-de-eje\/#breadcrumblist","itemListElement":[{"@type":"ListItem","@id":"https:\/\/www.est-aegis.com\/es\/#listItem","position":1,"name":"Home","item":"https:\/\/www.est-aegis.com\/es\/","nextItem":{"@type":"ListItem","@id":"https:\/\/www.est-aegis.com\/es\/product\/mounting-accessories\/#listItem","name":"Pruebas y Accesorios"}},{"@type":"ListItem","@id":"https:\/\/www.est-aegis.com\/es\/product\/mounting-accessories\/#listItem","position":2,"name":"Pruebas y Accesorios","item":"https:\/\/www.est-aegis.com\/es\/product\/mounting-accessories\/","nextItem":{"@type":"ListItem","@id":"https:\/\/www.est-aegis.com\/es\/product\/mounting-accessories\/osciloscopio-digital-aegis-probador-de-voltaje-de-eje\/#listItem","name":"Osciloscopio Digital AEGIS\u00ae Probador de Voltaje de Eje"},"previousItem":{"@type":"ListItem","@id":"https:\/\/www.est-aegis.com\/es\/#listItem","name":"Home"}},{"@type":"ListItem","@id":"https:\/\/www.est-aegis.com\/es\/product\/mounting-accessories\/osciloscopio-digital-aegis-probador-de-voltaje-de-eje\/#listItem","position":3,"name":"Osciloscopio Digital AEGIS\u00ae Probador de Voltaje de Eje","previousItem":{"@type":"ListItem","@id":"https:\/\/www.est-aegis.com\/es\/product\/mounting-accessories\/#listItem","name":"Pruebas y Accesorios"}}]},{"@type":"Organization","@id":"https:\/\/www.est-aegis.com\/es\/#organization","name":"Electro Static Technology","url":"https:\/\/www.est-aegis.com\/es\/","logo":{"@type":"ImageObject","url":"https:\/\/www.est-aegis.com\/wp-content\/uploads\/logo-aegis-1.svg","@id":"https:\/\/www.est-aegis.com\/es\/product\/mounting-accessories\/osciloscopio-digital-aegis-probador-de-voltaje-de-eje\/#organizationLogo","width":244,"height":73,"caption":"aegis logo"},"image":{"@id":"https:\/\/www.est-aegis.com\/es\/product\/mounting-accessories\/osciloscopio-digital-aegis-probador-de-voltaje-de-eje\/#organizationLogo"},"sameAs":["https:\/\/x.com\/AEGIS_rings"],"address":{"@id":"https:\/\/www.est-aegis.com\/es\/#postaladdress","@type":"PostalAddress","streetAddress":"31 Winterbrook Road,","postalCode":"04256","addressLocality":"Mechanic Falls","addressRegion":"ME","addressCountry":"US"}},{"@type":"WebPage","@id":"https:\/\/www.est-aegis.com\/es\/product\/mounting-accessories\/osciloscopio-digital-aegis-probador-de-voltaje-de-eje\/#webpage","url":"https:\/\/www.est-aegis.com\/es\/product\/mounting-accessories\/osciloscopio-digital-aegis-probador-de-voltaje-de-eje\/","name":"Osciloscopio Digital AEGIS\u00ae Probador de Voltaje de Eje | Electro Static Technology","description":"Con el Osciloscopio Digital Probador de Voltaje de Eje marca AEGIS\u00ae, el personal de mantenimiento de la planta puede tomar lecturas de voltaje de los ejes de los motores de manera r\u00e1pida y sencilla para confirmar la presencia de descargas de voltaje en el eje que pueden da\u00f1ar los rodamientos del motor. Cada osciloscopio incluye","inLanguage":"es-ES","isPartOf":{"@id":"https:\/\/www.est-aegis.com\/es\/#website"},"breadcrumb":{"@id":"https:\/\/www.est-aegis.com\/es\/product\/mounting-accessories\/osciloscopio-digital-aegis-probador-de-voltaje-de-eje\/#breadcrumblist"},"image":{"@type":"ImageObject","url":"https:\/\/www.est-aegis.com\/wp-content\/uploads\/AEGIS-OSC-9200MB-est.png","@id":"https:\/\/www.est-aegis.com\/es\/product\/mounting-accessories\/osciloscopio-digital-aegis-probador-de-voltaje-de-eje\/#mainImage","width":800,"height":569},"primaryImageOfPage":{"@id":"https:\/\/www.est-aegis.com\/es\/product\/mounting-accessories\/osciloscopio-digital-aegis-probador-de-voltaje-de-eje\/#mainImage"},"datePublished":"2022-01-06T11:23:49-05:00","dateModified":"2023-10-23T15:22:16-04:00"},{"@type":"WebSite","@id":"https:\/\/www.est-aegis.com\/es\/#website","url":"https:\/\/www.est-aegis.com\/es\/","name":"Electro Static Technology","inLanguage":"es-ES","publisher":{"@id":"https:\/\/www.est-aegis.com\/es\/#organization"}}]},"og:locale":"es_ES","og:site_name":"Electro Static Technology","og:type":"article","og:title":"Osciloscopio Digital AEGIS\u00ae Probador de Voltaje de Eje | Electro Static Technology","og:description":"Con el Osciloscopio Digital Probador de Voltaje de Eje marca AEGIS\u00ae, el personal de mantenimiento de la planta puede tomar lecturas de voltaje de los ejes de los motores de manera r\u00e1pida y sencilla para confirmar la presencia de descargas de voltaje en el eje que pueden da\u00f1ar los rodamientos del motor. Cada osciloscopio incluye","og:url":"https:\/\/www.est-aegis.com\/es\/product\/mounting-accessories\/osciloscopio-digital-aegis-probador-de-voltaje-de-eje\/","og:image":"https:\/\/www.est-aegis.com\/wp-content\/uploads\/AEGIS-OSC-9200MB-est.png","og:image:secure_url":"https:\/\/www.est-aegis.com\/wp-content\/uploads\/AEGIS-OSC-9200MB-est.png","og:image:width":800,"og:image:height":569,"article:published_time":"2022-01-06T16:23:49+00:00","article:modified_time":"2023-10-23T19:22:16+00:00","twitter:card":"summary_large_image","twitter:site":"@AEGIS_rings","twitter:title":"Osciloscopio Digital AEGIS\u00ae Probador de Voltaje de Eje | Electro Static Technology","twitter:description":"Con el Osciloscopio Digital Probador de Voltaje de Eje marca AEGIS\u00ae, el personal de mantenimiento de la planta puede tomar lecturas de voltaje de los ejes de los motores de manera r\u00e1pida y sencilla para confirmar la presencia de descargas de voltaje en el eje que pueden da\u00f1ar los rodamientos del motor. Cada osciloscopio incluye","twitter:image":"https:\/\/www.est-aegis.com\/wp-content\/uploads\/AEGIS-OSC-9200MB-est.png","twitter:label1":"Est. reading time","twitter:data1":"1 minute"},"aioseo_meta_data":{"post_id":"7212","title":"","description":"","keywords":null,"keyphrases":null,"primary_term":null,"canonical_url":"","og_title":"","og_description":"","og_object_type":"default","og_image_type":"featured","og_image_url":null,"og_image_width":null,"og_image_height":null,"og_image_custom_url":"","og_image_custom_fields":null,"og_video":null,"og_custom_url":null,"og_article_section":null,"og_article_tags":null,"twitter_use_og":true,"twitter_card":"default","twitter_image_type":"default","twitter_image_url":null,"twitter_image_custom_url":"","twitter_image_custom_fields":null,"twitter_title":"","twitter_description":"","schema":{"blockGraphs":[],"customGraphs":[],"default":{"data":{"Article":[],"Course":[],"Dataset":[],"FAQPage":[],"Movie":[],"Person":[],"Product":[],"ProductReview":[],"Car":[],"Recipe":[],"Service":[],"SoftwareApplication":[],"WebPage":[]},"graphName":"","isEnabled":true},"graphs":[]},"schema_type":"default","schema_type_options":null,"pillar_content":false,"robots_default":true,"robots_noindex":false,"robots_noarchive":false,"robots_nosnippet":false,"robots_nofollow":false,"robots_noimageindex":false,"robots_noodp":false,"robots_notranslate":false,"robots_max_snippet":null,"robots_max_videopreview":null,"robots_max_imagepreview":"large","priority":null,"frequency":null,"local_seo":null,"seo_analyzer_scan_date":"2026-02-19 00:27:38","breadcrumb_settings":null,"limit_modified_date":false,"reviewed_by":null,"open_ai":null,"ai":null,"created":"2026-02-18 20:34:10","updated":"2026-02-19 00:27:38"},"aioseo_breadcrumb":"<div class=\"aioseo-breadcrumbs\"><span class=\"aioseo-breadcrumb\">\n\t<a href=\"https:\/\/www.est-aegis.com\/es\/\" title=\"Home\">Home<\/a>\n<\/span><span class=\"aioseo-breadcrumb-separator\">&raquo;<\/span><span class=\"aioseo-breadcrumb\">\n\t<a href=\"https:\/\/www.est-aegis.com\/es\/product\/mounting-accessories\/\" title=\"Pruebas y Accesorios\">Pruebas y Accesorios<\/a>\n<\/span><span class=\"aioseo-breadcrumb-separator\">&raquo;<\/span><span class=\"aioseo-breadcrumb\">\n\tOsciloscopio Digital AEGIS\u00ae Probador de Voltaje de Eje\n<\/span><\/div>","aioseo_breadcrumb_json":[{"label":"Home","link":"https:\/\/www.est-aegis.com\/es\/"},{"label":"Pruebas y Accesorios","link":"https:\/\/www.est-aegis.com\/es\/product\/mounting-accessories\/"},{"label":"Osciloscopio Digital AEGIS\u00ae Probador de Voltaje de Eje","link":"https:\/\/www.est-aegis.com\/es\/product\/mounting-accessories\/osciloscopio-digital-aegis-probador-de-voltaje-de-eje\/"}],"jetpack_sharing_enabled":true,"_links":{"self":[{"href":"https:\/\/www.est-aegis.com\/es\/wp-json\/wp\/v2\/product\/7212","targetHints":{"allow":["GET"]}}],"collection":[{"href":"https:\/\/www.est-aegis.com\/es\/wp-json\/wp\/v2\/product"}],"about":[{"href":"https:\/\/www.est-aegis.com\/es\/wp-json\/wp\/v2\/types\/product"}],"up":[{"embeddable":true,"href":"https:\/\/www.est-aegis.com\/es\/wp-json\/wp\/v2\/product\/6786"}],"wp:featuredmedia":[{"embeddable":true,"href":"https:\/\/www.est-aegis.com\/es\/wp-json\/wp\/v2\/media\/5613"}],"wp:attachment":[{"href":"https:\/\/www.est-aegis.com\/es\/wp-json\/wp\/v2\/media?parent=7212"}],"curies":[{"name":"wp","href":"https:\/\/api.w.org\/{rel}","templated":true}]}}