{"id":6643,"date":"2022-01-03T22:14:44","date_gmt":"2022-01-04T03:14:44","guid":{"rendered":"https:\/\/www.est-aegis.com\/applications\/"},"modified":"2023-07-13T15:13:10","modified_gmt":"2023-07-13T19:13:10","slug":"applications","status":"publish","type":"page","link":"https:\/\/www.est-aegis.com\/fr\/applications\/","title":{"rendered":"Applications"},"content":{"rendered":"\n<p>Les moteurs aliment\u00e9s par VV sont utilis\u00e9s partout. Que ce soit pour faire fonctionner les syst\u00e8mes CVC, pour les pompes des stations d\u2019\u00e9puration ou m\u00eame pour maintenir la production d\u2019\u00e9nergie des centrales nucl\u00e9aires. Quel que soit votre secteur d\u2019activit\u00e9, la fiabilit\u00e9 du moteur est importante. Un roulement d\u00e9fectueux qui doit \u00eatre remplac\u00e9 ou qui entra\u00eene une panne compl\u00e8te du moteur signifie un retrait, une r\u00e9paration et des temps d\u2019arr\u00eats co\u00fbteux.<\/p>\n\n\n\n<p>AEGIS\u00aeLes bagues de mise \u00e0 la terre d\u2019arbre sont utilis\u00e9es dans de nombreux secteurs pour r\u00e9soudre le m\u00eame probl\u00e8me\u00a0: Endommagement \u00e9lectriques des roulements et panne pr\u00e9matur\u00e9e du moteur. AEGIS\u00ae Les bagues aident \u00e0 assurer la fiabilit\u00e9 de votre moteur contr\u00f4l\u00e9 par VV. D\u00e9couvrez comment AEGIS peut vous apporter la tranquillit\u00e9 d\u2019esprit, quel que soit votre secteur d\u2019activit\u00e9.<\/p>\n","protected":false},"excerpt":{"rendered":"<p>Les moteurs aliment\u00e9s par VV sont utilis\u00e9s partout. Que ce soit pour faire fonctionner les syst\u00e8mes CVC, pour les pompes des stations d\u2019\u00e9puration ou m\u00eame pour maintenir la production d\u2019\u00e9nergie des centrales nucl\u00e9aires. Quel que soit votre secteur d\u2019activit\u00e9, la fiabilit\u00e9 du moteur est importante. Un roulement d\u00e9fectueux qui doit \u00eatre remplac\u00e9 ou qui entra\u00eene&#8230;  <a class=\"excerpt-read-more\" href=\"https:\/\/www.est-aegis.com\/fr\/applications\/\" title=\"Read Applications\">Read more &raquo;<\/a><\/p>\n","protected":false},"author":1,"featured_media":0,"parent":0,"menu_order":5,"comment_status":"closed","ping_status":"closed","template":"","meta":{"_acf_changed":false,"content-type":"","_relevanssi_hide_post":"","_relevanssi_hide_content":"","_relevanssi_pin_for_all":"","_relevanssi_pin_keywords":"","_relevanssi_unpin_keywords":"","_relevanssi_related_keywords":"","_relevanssi_related_include_ids":"","_relevanssi_related_exclude_ids":"","_relevanssi_related_no_append":"","_relevanssi_related_not_related":"","_relevanssi_related_posts":"427,426,1","_relevanssi_noindex_reason":"","footnotes":""},"class_list":["post-6643","page","type-page","status-publish","hentry"],"acf":[],"aioseo_notices":[],"aioseo_head":"\n\t\t<!-- All in One SEO Pro 4.9.6.1 - aioseo.com -->\n\t<meta name=\"description\" content=\"Regardless of what your industry you&#039;re in, motor reliability and ensuring VFD induced bearing currents don&#039;t cause damage is important.\" \/>\n\t<meta name=\"robots\" content=\"max-image-preview:large\" \/>\n\t<link rel=\"canonical\" href=\"https:\/\/www.est-aegis.com\/fr\/applications\/\" \/>\n\t<meta name=\"generator\" content=\"All in One SEO Pro (AIOSEO) 4.9.6.1\" \/>\n\t\t<meta property=\"og:locale\" content=\"fr_FR\" \/>\n\t\t<meta property=\"og:site_name\" content=\"Electro Static Technology\" \/>\n\t\t<meta property=\"og:type\" content=\"article\" \/>\n\t\t<meta property=\"og:title\" content=\"Preventing Electrical Damage From VFD Induced Bearing Currents\" \/>\n\t\t<meta property=\"og:description\" content=\"Regardless of what your industry you&#039;re in, motor reliability and ensuring VFD induced bearing currents don&#039;t cause damage is important.\" \/>\n\t\t<meta property=\"og:url\" content=\"https:\/\/www.est-aegis.com\/fr\/applications\/\" \/>\n\t\t<meta property=\"article:published_time\" content=\"2022-01-04T03:14:44+00:00\" \/>\n\t\t<meta property=\"article:modified_time\" content=\"2023-07-13T19:13:10+00:00\" \/>\n\t\t<meta name=\"twitter:card\" content=\"summary_large_image\" \/>\n\t\t<meta name=\"twitter:site\" content=\"@AEGIS_rings\" \/>\n\t\t<meta name=\"twitter:title\" content=\"Preventing Electrical Damage From VFD Induced Bearing Currents\" \/>\n\t\t<meta name=\"twitter:description\" content=\"Regardless of what your industry you&#039;re in, motor reliability and ensuring VFD induced bearing currents don&#039;t cause damage is important.\" \/>\n\t\t<meta name=\"twitter:creator\" content=\"@AEGIS_rings\" \/>\n\t\t<meta name=\"twitter:label1\" content=\"Written by\" \/>\n\t\t<meta name=\"twitter:data1\" content=\"p1ws\" \/>\n\t\t<meta name=\"twitter:label2\" content=\"Est. reading time\" \/>\n\t\t<meta name=\"twitter:data2\" content=\"1 minute\" \/>\n\t\t<script type=\"application\/ld+json\" class=\"aioseo-schema\">\n\t\t\t{\"@context\":\"https:\\\/\\\/schema.org\",\"@graph\":[{\"@type\":\"BreadcrumbList\",\"@id\":\"https:\\\/\\\/www.est-aegis.com\\\/fr\\\/applications\\\/#breadcrumblist\",\"itemListElement\":[{\"@type\":\"ListItem\",\"@id\":\"https:\\\/\\\/www.est-aegis.com\\\/fr\\\/#listItem\",\"position\":1,\"name\":\"Home\",\"item\":\"https:\\\/\\\/www.est-aegis.com\\\/fr\\\/\",\"nextItem\":{\"@type\":\"ListItem\",\"@id\":\"https:\\\/\\\/www.est-aegis.com\\\/fr\\\/applications\\\/#listItem\",\"name\":\"Applications\"}},{\"@type\":\"ListItem\",\"@id\":\"https:\\\/\\\/www.est-aegis.com\\\/fr\\\/applications\\\/#listItem\",\"position\":2,\"name\":\"Applications\",\"previousItem\":{\"@type\":\"ListItem\",\"@id\":\"https:\\\/\\\/www.est-aegis.com\\\/fr\\\/#listItem\",\"name\":\"Home\"}}]},{\"@type\":\"Organization\",\"@id\":\"https:\\\/\\\/www.est-aegis.com\\\/fr\\\/#organization\",\"name\":\"Electro Static Technology\",\"url\":\"https:\\\/\\\/www.est-aegis.com\\\/fr\\\/\",\"logo\":{\"@type\":\"ImageObject\",\"url\":\"https:\\\/\\\/www.est-aegis.com\\\/wp-content\\\/uploads\\\/logo-aegis-1.svg\",\"@id\":\"https:\\\/\\\/www.est-aegis.com\\\/fr\\\/applications\\\/#organizationLogo\",\"width\":244,\"height\":73,\"caption\":\"aegis logo\"},\"image\":{\"@id\":\"https:\\\/\\\/www.est-aegis.com\\\/fr\\\/applications\\\/#organizationLogo\"},\"sameAs\":[\"https:\\\/\\\/x.com\\\/AEGIS_rings\"],\"address\":{\"@id\":\"https:\\\/\\\/www.est-aegis.com\\\/fr\\\/#postaladdress\",\"@type\":\"PostalAddress\",\"streetAddress\":\"31 Winterbrook Road,\",\"postalCode\":\"04256\",\"addressLocality\":\"Mechanic Falls\",\"addressRegion\":\"ME\",\"addressCountry\":\"US\"}},{\"@type\":\"WebPage\",\"@id\":\"https:\\\/\\\/www.est-aegis.com\\\/fr\\\/applications\\\/#webpage\",\"url\":\"https:\\\/\\\/www.est-aegis.com\\\/fr\\\/applications\\\/\",\"name\":\"Preventing Electrical Damage From VFD Induced Bearing Currents\",\"description\":\"Regardless of what your industry you're in, motor reliability and ensuring VFD induced bearing currents don't cause damage is important.\",\"inLanguage\":\"fr-FR\",\"isPartOf\":{\"@id\":\"https:\\\/\\\/www.est-aegis.com\\\/fr\\\/#website\"},\"breadcrumb\":{\"@id\":\"https:\\\/\\\/www.est-aegis.com\\\/fr\\\/applications\\\/#breadcrumblist\"},\"datePublished\":\"2022-01-03T22:14:44-05:00\",\"dateModified\":\"2023-07-13T15:13:10-04:00\"},{\"@type\":\"WebSite\",\"@id\":\"https:\\\/\\\/www.est-aegis.com\\\/fr\\\/#website\",\"url\":\"https:\\\/\\\/www.est-aegis.com\\\/fr\\\/\",\"name\":\"Electro Static Technology\",\"inLanguage\":\"fr-FR\",\"publisher\":{\"@id\":\"https:\\\/\\\/www.est-aegis.com\\\/fr\\\/#organization\"}}]}\n\t\t<\/script>\n\t\t<!-- All in One SEO Pro -->\r\n\t\t<title>Preventing Electrical Damage From VFD Induced Bearing Currents<\/title>\n\n","aioseo_head_json":{"title":"Preventing Electrical Damage From VFD Induced Bearing Currents","description":"Regardless of what your industry you're in, motor reliability and ensuring VFD induced bearing currents don't cause damage is important.","canonical_url":"https:\/\/www.est-aegis.com\/fr\/applications\/","robots":"max-image-preview:large","keywords":"","webmasterTools":{"miscellaneous":""},"schema":{"@context":"https:\/\/schema.org","@graph":[{"@type":"BreadcrumbList","@id":"https:\/\/www.est-aegis.com\/fr\/applications\/#breadcrumblist","itemListElement":[{"@type":"ListItem","@id":"https:\/\/www.est-aegis.com\/fr\/#listItem","position":1,"name":"Home","item":"https:\/\/www.est-aegis.com\/fr\/","nextItem":{"@type":"ListItem","@id":"https:\/\/www.est-aegis.com\/fr\/applications\/#listItem","name":"Applications"}},{"@type":"ListItem","@id":"https:\/\/www.est-aegis.com\/fr\/applications\/#listItem","position":2,"name":"Applications","previousItem":{"@type":"ListItem","@id":"https:\/\/www.est-aegis.com\/fr\/#listItem","name":"Home"}}]},{"@type":"Organization","@id":"https:\/\/www.est-aegis.com\/fr\/#organization","name":"Electro Static Technology","url":"https:\/\/www.est-aegis.com\/fr\/","logo":{"@type":"ImageObject","url":"https:\/\/www.est-aegis.com\/wp-content\/uploads\/logo-aegis-1.svg","@id":"https:\/\/www.est-aegis.com\/fr\/applications\/#organizationLogo","width":244,"height":73,"caption":"aegis logo"},"image":{"@id":"https:\/\/www.est-aegis.com\/fr\/applications\/#organizationLogo"},"sameAs":["https:\/\/x.com\/AEGIS_rings"],"address":{"@id":"https:\/\/www.est-aegis.com\/fr\/#postaladdress","@type":"PostalAddress","streetAddress":"31 Winterbrook Road,","postalCode":"04256","addressLocality":"Mechanic Falls","addressRegion":"ME","addressCountry":"US"}},{"@type":"WebPage","@id":"https:\/\/www.est-aegis.com\/fr\/applications\/#webpage","url":"https:\/\/www.est-aegis.com\/fr\/applications\/","name":"Preventing Electrical Damage From VFD Induced Bearing Currents","description":"Regardless of what your industry you're in, motor reliability and ensuring VFD induced bearing currents don't cause damage is important.","inLanguage":"fr-FR","isPartOf":{"@id":"https:\/\/www.est-aegis.com\/fr\/#website"},"breadcrumb":{"@id":"https:\/\/www.est-aegis.com\/fr\/applications\/#breadcrumblist"},"datePublished":"2022-01-03T22:14:44-05:00","dateModified":"2023-07-13T15:13:10-04:00"},{"@type":"WebSite","@id":"https:\/\/www.est-aegis.com\/fr\/#website","url":"https:\/\/www.est-aegis.com\/fr\/","name":"Electro Static Technology","inLanguage":"fr-FR","publisher":{"@id":"https:\/\/www.est-aegis.com\/fr\/#organization"}}]},"og:locale":"fr_FR","og:site_name":"Electro Static Technology","og:type":"article","og:title":"Preventing Electrical Damage From VFD Induced Bearing Currents","og:description":"Regardless of what your industry you're in, motor reliability and ensuring VFD induced bearing currents don't cause damage is important.","og:url":"https:\/\/www.est-aegis.com\/fr\/applications\/","article:published_time":"2022-01-04T03:14:44+00:00","article:modified_time":"2023-07-13T19:13:10+00:00","twitter:card":"summary_large_image","twitter:site":"@AEGIS_rings","twitter:title":"Preventing Electrical Damage From VFD Induced Bearing Currents","twitter:description":"Regardless of what your industry you're in, motor reliability and ensuring VFD induced bearing currents don't cause damage is important.","twitter:creator":"@AEGIS_rings","twitter:label1":"Written by","twitter:data1":"p1ws","twitter:label2":"Est. reading time","twitter:data2":"1 minute"},"aioseo_meta_data":{"post_id":"6643","title":"Preventing Electrical Damage From VFD Induced Bearing Currents","description":"Regardless of what your industry you&#039;re in, motor reliability and ensuring VFD induced bearing currents don&#039;t cause damage is important.","keywords":null,"keyphrases":{"focus":{"keyphrase":"vfd induced bearing currents"}},"primary_term":null,"canonical_url":"","og_title":"","og_description":"","og_object_type":"default","og_image_type":"content","og_image_url":null,"og_image_width":null,"og_image_height":null,"og_image_custom_url":"","og_image_custom_fields":null,"og_video":null,"og_custom_url":null,"og_article_section":null,"og_article_tags":null,"twitter_use_og":false,"twitter_card":"default","twitter_image_type":"default","twitter_image_url":null,"twitter_image_custom_url":"","twitter_image_custom_fields":null,"twitter_title":"Preventing Electrical Damage From VFD Induced Bearing Currents","twitter_description":"","schema":{"blockGraphs":[],"customGraphs":[],"default":{"data":{"Article":[],"Course":[],"Dataset":[],"FAQPage":[],"Movie":[],"Person":[],"Product":[],"ProductReview":[],"Car":[],"Recipe":[],"Service":[],"SoftwareApplication":[],"WebPage":[]},"graphName":"","isEnabled":true},"graphs":[]},"schema_type":"default","schema_type_options":null,"pillar_content":false,"robots_default":true,"robots_noindex":false,"robots_noarchive":false,"robots_nosnippet":false,"robots_nofollow":false,"robots_noimageindex":false,"robots_noodp":false,"robots_notranslate":false,"robots_max_snippet":null,"robots_max_videopreview":null,"robots_max_imagepreview":"large","priority":null,"frequency":null,"local_seo":null,"seo_analyzer_scan_date":"2026-02-18 20:37:27","breadcrumb_settings":null,"limit_modified_date":false,"reviewed_by":null,"open_ai":null,"ai":null,"created":"2026-02-18 20:34:09","updated":"2026-02-18 21:57:01"},"aioseo_breadcrumb":"<div class=\"aioseo-breadcrumbs\"><span class=\"aioseo-breadcrumb\">\n\t<a href=\"https:\/\/www.est-aegis.com\/fr\/\" title=\"Home\">Home<\/a>\n<\/span><span class=\"aioseo-breadcrumb-separator\">&raquo;<\/span><span class=\"aioseo-breadcrumb\">\n\tApplications\n<\/span><\/div>","aioseo_breadcrumb_json":[{"label":"Home","link":"https:\/\/www.est-aegis.com\/fr\/"},{"label":"Applications","link":"https:\/\/www.est-aegis.com\/fr\/applications\/"}],"jetpack_sharing_enabled":true,"_links":{"self":[{"href":"https:\/\/www.est-aegis.com\/fr\/wp-json\/wp\/v2\/pages\/6643","targetHints":{"allow":["GET"]}}],"collection":[{"href":"https:\/\/www.est-aegis.com\/fr\/wp-json\/wp\/v2\/pages"}],"about":[{"href":"https:\/\/www.est-aegis.com\/fr\/wp-json\/wp\/v2\/types\/page"}],"author":[{"embeddable":true,"href":"https:\/\/www.est-aegis.com\/fr\/wp-json\/wp\/v2\/users\/1"}],"replies":[{"embeddable":true,"href":"https:\/\/www.est-aegis.com\/fr\/wp-json\/wp\/v2\/comments?post=6643"}],"version-history":[{"count":1,"href":"https:\/\/www.est-aegis.com\/fr\/wp-json\/wp\/v2\/pages\/6643\/revisions"}],"predecessor-version":[{"id":6648,"href":"https:\/\/www.est-aegis.com\/fr\/wp-json\/wp\/v2\/pages\/6643\/revisions\/6648"}],"wp:attachment":[{"href":"https:\/\/www.est-aegis.com\/fr\/wp-json\/wp\/v2\/media?parent=6643"}],"curies":[{"name":"wp","href":"https:\/\/api.w.org\/{rel}","templated":true}]}}