{"id":6577,"date":"2022-01-03T20:18:31","date_gmt":"2022-01-04T01:18:31","guid":{"rendered":"https:\/\/www.est-aegis.com\/product\/sgr\/"},"modified":"2023-09-06T10:24:55","modified_gmt":"2023-09-06T14:24:55","slug":"sgr","status":"publish","type":"product","link":"https:\/\/www.est-aegis.com\/fr\/product\/sgr\/","title":{"rendered":"AEGIS\u00ae SGR"},"content":{"rendered":"\n<div class=\"wp-block-columns is-layout-flex wp-container-core-columns-is-layout-9d6595d7 wp-block-columns-is-layout-flex\">\n<div class=\"wp-block-column is-layout-flow wp-block-column-is-layout-flow\" style=\"flex-basis:100%\">\n<div class=\"wp-block-columns is-layout-flex wp-container-core-columns-is-layout-9d6595d7 wp-block-columns-is-layout-flex\">\n<div class=\"wp-block-column is-layout-flow wp-block-column-is-layout-flow\" style=\"flex-basis:66.66%\">\n<h2 class=\"wp-block-heading has-black-color has-text-color\">Bagues de mise \u00e0 la terre d\u2019arbre pour moteurs basse tension<\/h2>\n\n\n\n<p>La bague de mise \u00e0 la terre d\u2019arbre AEGIS<sup>\u00ae<\/sup> est la norme en mati\u00e8re de protection contre la tension d\u2019arbre et le courant de roulement provenant d\u2019entra\u00eenements \u00e0 fr\u00e9quence variable. Chaque bague utilise 360\u00b0 de microfibres conductrices sp\u00e9cialement con\u00e7ues qui entourent l\u2019arbre du moteur dans une conception \u00e0 plusieurs rang\u00e9es pour fournir une mise \u00e0 la terre incomparable de l\u2019arbre qui maintient vos roulements en s\u00e9curit\u00e9 et en bon \u00e9tat de marche.<\/p>\n\n\n\n<p>La famille de produits AEGIS<sup>\u00ae<\/sup> SGR comprend plusieurs options de bague et de montage pour assurer une protection fiable des roulements, quels que soient les d\u00e9tails de votre syst\u00e8me moteur. Nous avons des bagues de mise \u00e0 la terre solides et fendues, des bagues avec une conception \u00e0 pince ou un montage boulonn\u00e9, de bagues \u00e0 ajustement serr\u00e9 et la possibilit\u00e9 de personnaliser une bague pour vos besoins sp\u00e9cifiques.<\/p>\n\n\n\n<p>Des millions de moteurs dans le monde d\u00e9pendent des bagues AEGIS<sup>\u00ae<\/sup>, car le fait de maintenir les moteurs en marche permet \u00e0 l\u2019entreprise de continuer \u00e0 fonctionner.<\/p>\n\n\n\n<p>Les entreprises utilisent les bagues de mise \u00e0 la terre de l\u2019arbre plus que toute autre protection de roulement \u00e9lectrique. Voici quelques-uns des avantages des bagues AEGIS<sup>\u00ae<\/sup>&nbsp;:<\/p>\n\n\n\n<ul class=\"wp-block-list\">\n<li><strong>Entretien faible \u00e0 nul<\/strong> \u2013 Aucun entretien de la bague ou de l\u2019arbre g\u00e9n\u00e9ralement n\u00e9cessaire apr\u00e8s l\u2019installation&nbsp;<\/li>\n\n\n\n<li><strong>Adaptable \u00e0 l\u2019environnement<\/strong> \u2013 Non affect\u00e9 par la temp\u00e9rature, l\u2019humidit\u00e9 ou l\u2019atmosph\u00e8re<\/li>\n\n\n\n<li><strong>Friction pratiquement nulle<\/strong> \u2013 Les fibres touchent l\u00e9g\u00e8rement l\u2019arbre sans pression de ressort &#8211; moins de 0,03 mm d\u2019usure en 10 000 heures<\/li>\n\n\n\n<li><strong>Contact d\u2019arbre 100 % circonf\u00e9rentiel<\/strong> \u2013 Jusqu\u2019\u00e0 des millions de points de contact discrets<\/li>\n\n\n\n<li><strong>Microfibres conductrices exclusives<\/strong> \u2013 Mise \u00e0 la terre de l\u2019arbre la plus longue du monde &#8211; 200 000 heures de dur\u00e9e de vie<\/li>\n\n\n\n<li><strong>Canal FiberLock(tm) brevet\u00e9<\/strong> \u2013 Notre conception brevet\u00e9e maintient les fibres solidement en place pour une meilleure performance de mise \u00e0 la terre de l\u2019arbre<\/li>\n<\/ul>\n\n\n\n<p>Pour plus de d\u00e9tails, t\u00e9l\u00e9chargez <a href=\"https:\/\/www.est-aegis.com\/wp-content\/uploads\/AEGIS-SGR-Brochure.pdf\" target=\"_blank\" rel=\"noreferrer noopener\">la fiche produit SGR<\/a><\/p>\n\n\n\n<p>REMARQUE&nbsp;: Pour les moteurs de plus de 75 kW, nous recommandons un roulement isol\u00e9 et une bague AEGIS<sup>\u00ae<\/sup> sur le roulement oppos\u00e9.<\/p>\n<\/div>\n\n\n\n<div class=\"wp-block-column is-layout-flow wp-block-column-is-layout-flow\" style=\"flex-basis:33.33%\">\n<figure class=\"wp-block-image size-large\"><img decoding=\"async\" width=\"1024\" height=\"768\" src=\"https:\/\/www.est-aegis.com\/wp-content\/uploads\/SGR-Group_NoBG-1024x768.png\" alt=\"\" class=\"wp-image-2542\" srcset=\"https:\/\/www.est-aegis.com\/wp-content\/uploads\/SGR-Group_NoBG-1024x768.png 1024w, https:\/\/www.est-aegis.com\/wp-content\/uploads\/SGR-Group_NoBG-300x225.png 300w, https:\/\/www.est-aegis.com\/wp-content\/uploads\/SGR-Group_NoBG-768x576.png 768w, https:\/\/www.est-aegis.com\/wp-content\/uploads\/SGR-Group_NoBG-1536x1152.png 1536w, https:\/\/www.est-aegis.com\/wp-content\/uploads\/SGR-Group_NoBG.png 1600w\" sizes=\"(max-width: 1024px) 100vw, 1024px\" \/><\/figure>\n<\/div>\n<\/div>\n\n\n\n<div class=\"wp-block-columns is-layout-flex wp-container-core-columns-is-layout-9d6595d7 wp-block-columns-is-layout-flex\">\n<div class=\"wp-block-column is-layout-flow wp-block-column-is-layout-flow\">\n<figure class=\"wp-block-image size-full is-resized\"><img decoding=\"async\" src=\"https:\/\/www.est-aegis.com\/wp-content\/uploads\/SGR-Example-edited.png\" alt=\"SGR Installation\" class=\"wp-image-971\" width=\"514\" srcset=\"https:\/\/www.est-aegis.com\/wp-content\/uploads\/SGR-Example-edited.png 600w, https:\/\/www.est-aegis.com\/wp-content\/uploads\/SGR-Example-edited-300x197.png 300w\" sizes=\"(max-width: 600px) 100vw, 600px\" \/><\/figure>\n<\/div>\n\n\n\n<div class=\"wp-block-column is-layout-flow wp-block-column-is-layout-flow\">\n<figure class=\"wp-block-image size-full\"><img decoding=\"async\" width=\"681\" height=\"454\" src=\"https:\/\/www.est-aegis.com\/wp-content\/uploads\/SGR-Example-1-edited.jpg\" alt=\"\" class=\"wp-image-970\" srcset=\"https:\/\/www.est-aegis.com\/wp-content\/uploads\/SGR-Example-1-edited.jpg 681w, https:\/\/www.est-aegis.com\/wp-content\/uploads\/SGR-Example-1-edited-300x200.jpg 300w\" sizes=\"(max-width: 681px) 100vw, 681px\" \/><\/figure>\n<\/div>\n\n\n\n<div class=\"wp-block-column is-layout-flow wp-block-column-is-layout-flow\">\n<figure class=\"wp-block-image size-full\"><img decoding=\"async\" width=\"718\" height=\"482\" src=\"https:\/\/www.est-aegis.com\/wp-content\/uploads\/SGR-Bolted-edited.jpg\" alt=\"SGR bolted\" class=\"wp-image-969\" srcset=\"https:\/\/www.est-aegis.com\/wp-content\/uploads\/SGR-Bolted-edited.jpg 718w, https:\/\/www.est-aegis.com\/wp-content\/uploads\/SGR-Bolted-edited-300x201.jpg 300w\" sizes=\"(max-width: 718px) 100vw, 718px\" \/><\/figure>\n<\/div>\n<\/div>\n\n\n<\/div>\n<\/div>\n\n\n\n<div class=\"wp-block-buttons is-horizontal is-content-justification-center is-layout-flex wp-container-core-buttons-is-layout-499968f5 wp-block-buttons-is-layout-flex\">\n<div class=\"wp-block-button\"><a class=\"wp-block-button__link wp-element-button\" href=\"https:\/\/catalog.est-aegis.com\/\" target=\"_blank\" rel=\"noreferrer noopener\">Trouvez-le ici<\/a><\/div>\n<\/div>\n\n\n","protected":false},"excerpt":{"rendered":"<p>Bagues de mise \u00e0 la terre d\u2019arbre pour moteurs basse tension La bague de mise \u00e0 la terre d\u2019arbre AEGIS\u00ae est la norme en mati\u00e8re de protection contre la tension d\u2019arbre et le courant de roulement provenant d\u2019entra\u00eenements \u00e0 fr\u00e9quence variable. Chaque bague utilise 360\u00b0 de microfibres conductrices sp\u00e9cialement con\u00e7ues qui entourent l\u2019arbre du moteur&#8230;  <a class=\"excerpt-read-more\" href=\"https:\/\/www.est-aegis.com\/fr\/product\/sgr\/\" title=\"Read AEGIS\u00ae SGR\">Read more &raquo;<\/a><\/p>\n","protected":false},"featured_media":5421,"parent":0,"template":"","class_list":["post-6577","product","type-product","status-publish","has-post-thumbnail","hentry"],"acf":[],"aioseo_notices":[],"aioseo_head":"\n\t\t<!-- All in One SEO Pro 4.9.7.1 - aioseo.com -->\n\t<meta name=\"description\" content=\"The AEGIS SGR product family includes several motor grounding ring options to insure bearing protection no matter what your motor type.\" \/>\n\t<meta name=\"robots\" content=\"max-image-preview:large\" \/>\n\t<link rel=\"canonical\" href=\"https:\/\/www.est-aegis.com\/fr\/product\/sgr\/\" \/>\n\t<meta name=\"generator\" content=\"All in One SEO Pro (AIOSEO) 4.9.7.1\" \/>\n\t\t<meta property=\"og:locale\" content=\"fr_FR\" \/>\n\t\t<meta property=\"og:site_name\" content=\"Electro Static Technology\" \/>\n\t\t<meta property=\"og:type\" content=\"article\" \/>\n\t\t<meta property=\"og:title\" content=\"AEGIS\u00ae SGR | Motor Grounding Ring\" \/>\n\t\t<meta property=\"og:description\" content=\"The AEGIS SGR product family includes several motor grounding ring options to insure bearing protection no matter what your motor type.\" \/>\n\t\t<meta property=\"og:url\" content=\"https:\/\/www.est-aegis.com\/fr\/product\/sgr\/\" \/>\n\t\t<meta property=\"og:image\" content=\"https:\/\/www.est-aegis.com\/wp-content\/uploads\/SGR-Group_NoBG.png\" \/>\n\t\t<meta property=\"og:image:secure_url\" content=\"https:\/\/www.est-aegis.com\/wp-content\/uploads\/SGR-Group_NoBG.png\" \/>\n\t\t<meta property=\"og:image:width\" content=\"1600\" \/>\n\t\t<meta property=\"og:image:height\" content=\"1200\" \/>\n\t\t<meta property=\"article:published_time\" content=\"2022-01-04T01:18:31+00:00\" \/>\n\t\t<meta property=\"article:modified_time\" content=\"2023-09-06T14:24:55+00:00\" \/>\n\t\t<meta name=\"twitter:card\" content=\"summary_large_image\" \/>\n\t\t<meta name=\"twitter:site\" content=\"@AEGIS_rings\" \/>\n\t\t<meta name=\"twitter:title\" content=\"AEGIS\u00ae SGR | Motor Grounding Ring\" \/>\n\t\t<meta name=\"twitter:description\" content=\"The AEGIS SGR product family includes several motor grounding ring options to insure bearing protection no matter what your motor type.\" \/>\n\t\t<meta name=\"twitter:image\" content=\"https:\/\/www.est-aegis.com\/wp-content\/uploads\/SGR-Group_NoBG.png\" \/>\n\t\t<meta name=\"twitter:label1\" content=\"Est. reading time\" \/>\n\t\t<meta name=\"twitter:data1\" content=\"2 minutes\" \/>\n\t\t<script type=\"application\/ld+json\" class=\"aioseo-schema\">\n\t\t\t{\"@context\":\"https:\\\/\\\/schema.org\",\"@graph\":[{\"@type\":\"BreadcrumbList\",\"@id\":\"https:\\\/\\\/www.est-aegis.com\\\/fr\\\/product\\\/sgr\\\/#breadcrumblist\",\"itemListElement\":[{\"@type\":\"ListItem\",\"@id\":\"https:\\\/\\\/www.est-aegis.com\\\/fr\\\/#listItem\",\"position\":1,\"name\":\"Home\",\"item\":\"https:\\\/\\\/www.est-aegis.com\\\/fr\\\/\",\"nextItem\":{\"@type\":\"ListItem\",\"@id\":\"https:\\\/\\\/www.est-aegis.com\\\/fr\\\/product\\\/sgr\\\/#listItem\",\"name\":\"AEGIS\\u00ae SGR\"}},{\"@type\":\"ListItem\",\"@id\":\"https:\\\/\\\/www.est-aegis.com\\\/fr\\\/product\\\/sgr\\\/#listItem\",\"position\":2,\"name\":\"AEGIS\\u00ae SGR\",\"previousItem\":{\"@type\":\"ListItem\",\"@id\":\"https:\\\/\\\/www.est-aegis.com\\\/fr\\\/#listItem\",\"name\":\"Home\"}}]},{\"@type\":\"Organization\",\"@id\":\"https:\\\/\\\/www.est-aegis.com\\\/fr\\\/#organization\",\"name\":\"Electro Static Technology\",\"url\":\"https:\\\/\\\/www.est-aegis.com\\\/fr\\\/\",\"logo\":{\"@type\":\"ImageObject\",\"url\":\"https:\\\/\\\/www.est-aegis.com\\\/wp-content\\\/uploads\\\/logo-aegis-1.svg\",\"@id\":\"https:\\\/\\\/www.est-aegis.com\\\/fr\\\/product\\\/sgr\\\/#organizationLogo\",\"width\":244,\"height\":73,\"caption\":\"aegis logo\"},\"image\":{\"@id\":\"https:\\\/\\\/www.est-aegis.com\\\/fr\\\/product\\\/sgr\\\/#organizationLogo\"},\"sameAs\":[\"https:\\\/\\\/x.com\\\/AEGIS_rings\"],\"address\":{\"@id\":\"https:\\\/\\\/www.est-aegis.com\\\/fr\\\/#postaladdress\",\"@type\":\"PostalAddress\",\"streetAddress\":\"31 Winterbrook Road\",\"postalCode\":\"04256\",\"addressLocality\":\"Mechanic Falls\",\"addressRegion\":\"ME\",\"addressCountry\":\"US\"}},{\"@type\":\"WebPage\",\"@id\":\"https:\\\/\\\/www.est-aegis.com\\\/fr\\\/product\\\/sgr\\\/#webpage\",\"url\":\"https:\\\/\\\/www.est-aegis.com\\\/fr\\\/product\\\/sgr\\\/\",\"name\":\"AEGIS\\u00ae SGR | Motor Grounding Ring\",\"description\":\"The AEGIS SGR product family includes several motor grounding ring options to insure bearing protection no matter what your motor type.\",\"inLanguage\":\"fr-FR\",\"isPartOf\":{\"@id\":\"https:\\\/\\\/www.est-aegis.com\\\/fr\\\/#website\"},\"breadcrumb\":{\"@id\":\"https:\\\/\\\/www.est-aegis.com\\\/fr\\\/product\\\/sgr\\\/#breadcrumblist\"},\"image\":{\"@type\":\"ImageObject\",\"url\":\"https:\\\/\\\/www.est-aegis.com\\\/wp-content\\\/uploads\\\/SGR-Group_NoBG.png\",\"@id\":\"https:\\\/\\\/www.est-aegis.com\\\/fr\\\/product\\\/sgr\\\/#mainImage\",\"width\":1600,\"height\":1200,\"caption\":\"sgr group picture\"},\"primaryImageOfPage\":{\"@id\":\"https:\\\/\\\/www.est-aegis.com\\\/fr\\\/product\\\/sgr\\\/#mainImage\"},\"datePublished\":\"2022-01-03T20:18:31-05:00\",\"dateModified\":\"2023-09-06T10:24:55-04:00\"},{\"@type\":\"WebSite\",\"@id\":\"https:\\\/\\\/www.est-aegis.com\\\/fr\\\/#website\",\"url\":\"https:\\\/\\\/www.est-aegis.com\\\/fr\\\/\",\"name\":\"Electro Static Technology\",\"inLanguage\":\"fr-FR\",\"publisher\":{\"@id\":\"https:\\\/\\\/www.est-aegis.com\\\/fr\\\/#organization\"}}]}\n\t\t<\/script>\n\t\t<!-- All in One SEO Pro -->\r\n\t\t<title>AEGIS\u00ae SGR | Motor Grounding Ring<\/title>\n\n","aioseo_head_json":{"title":"AEGIS\u00ae SGR | Motor Grounding Ring","description":"The AEGIS SGR product family includes several motor grounding ring options to insure bearing protection no matter what your motor type.","canonical_url":"https:\/\/www.est-aegis.com\/fr\/product\/sgr\/","robots":"max-image-preview:large","keywords":"","webmasterTools":{"miscellaneous":""},"schema":{"@context":"https:\/\/schema.org","@graph":[{"@type":"BreadcrumbList","@id":"https:\/\/www.est-aegis.com\/fr\/product\/sgr\/#breadcrumblist","itemListElement":[{"@type":"ListItem","@id":"https:\/\/www.est-aegis.com\/fr\/#listItem","position":1,"name":"Home","item":"https:\/\/www.est-aegis.com\/fr\/","nextItem":{"@type":"ListItem","@id":"https:\/\/www.est-aegis.com\/fr\/product\/sgr\/#listItem","name":"AEGIS\u00ae SGR"}},{"@type":"ListItem","@id":"https:\/\/www.est-aegis.com\/fr\/product\/sgr\/#listItem","position":2,"name":"AEGIS\u00ae SGR","previousItem":{"@type":"ListItem","@id":"https:\/\/www.est-aegis.com\/fr\/#listItem","name":"Home"}}]},{"@type":"Organization","@id":"https:\/\/www.est-aegis.com\/fr\/#organization","name":"Electro Static Technology","url":"https:\/\/www.est-aegis.com\/fr\/","logo":{"@type":"ImageObject","url":"https:\/\/www.est-aegis.com\/wp-content\/uploads\/logo-aegis-1.svg","@id":"https:\/\/www.est-aegis.com\/fr\/product\/sgr\/#organizationLogo","width":244,"height":73,"caption":"aegis logo"},"image":{"@id":"https:\/\/www.est-aegis.com\/fr\/product\/sgr\/#organizationLogo"},"sameAs":["https:\/\/x.com\/AEGIS_rings"],"address":{"@id":"https:\/\/www.est-aegis.com\/fr\/#postaladdress","@type":"PostalAddress","streetAddress":"31 Winterbrook Road","postalCode":"04256","addressLocality":"Mechanic Falls","addressRegion":"ME","addressCountry":"US"}},{"@type":"WebPage","@id":"https:\/\/www.est-aegis.com\/fr\/product\/sgr\/#webpage","url":"https:\/\/www.est-aegis.com\/fr\/product\/sgr\/","name":"AEGIS\u00ae SGR | Motor Grounding Ring","description":"The AEGIS SGR product family includes several motor grounding ring options to insure bearing protection no matter what your motor type.","inLanguage":"fr-FR","isPartOf":{"@id":"https:\/\/www.est-aegis.com\/fr\/#website"},"breadcrumb":{"@id":"https:\/\/www.est-aegis.com\/fr\/product\/sgr\/#breadcrumblist"},"image":{"@type":"ImageObject","url":"https:\/\/www.est-aegis.com\/wp-content\/uploads\/SGR-Group_NoBG.png","@id":"https:\/\/www.est-aegis.com\/fr\/product\/sgr\/#mainImage","width":1600,"height":1200,"caption":"sgr group picture"},"primaryImageOfPage":{"@id":"https:\/\/www.est-aegis.com\/fr\/product\/sgr\/#mainImage"},"datePublished":"2022-01-03T20:18:31-05:00","dateModified":"2023-09-06T10:24:55-04:00"},{"@type":"WebSite","@id":"https:\/\/www.est-aegis.com\/fr\/#website","url":"https:\/\/www.est-aegis.com\/fr\/","name":"Electro Static Technology","inLanguage":"fr-FR","publisher":{"@id":"https:\/\/www.est-aegis.com\/fr\/#organization"}}]},"og:locale":"fr_FR","og:site_name":"Electro Static Technology","og:type":"article","og:title":"AEGIS\u00ae SGR | Motor Grounding Ring","og:description":"The AEGIS SGR product family includes several motor grounding ring options to insure bearing protection no matter what your motor type.","og:url":"https:\/\/www.est-aegis.com\/fr\/product\/sgr\/","og:image":"https:\/\/www.est-aegis.com\/wp-content\/uploads\/SGR-Group_NoBG.png","og:image:secure_url":"https:\/\/www.est-aegis.com\/wp-content\/uploads\/SGR-Group_NoBG.png","og:image:width":1600,"og:image:height":1200,"article:published_time":"2022-01-04T01:18:31+00:00","article:modified_time":"2023-09-06T14:24:55+00:00","twitter:card":"summary_large_image","twitter:site":"@AEGIS_rings","twitter:title":"AEGIS\u00ae SGR | Motor Grounding Ring","twitter:description":"The AEGIS SGR product family includes several motor grounding ring options to insure bearing protection no matter what your motor type.","twitter:image":"https:\/\/www.est-aegis.com\/wp-content\/uploads\/SGR-Group_NoBG.png","twitter:label1":"Est. reading time","twitter:data1":"2 minutes"},"aioseo_meta_data":{"post_id":"6577","title":"AEGIS\u00ae SGR | Motor Grounding Ring","description":"The AEGIS SGR product family includes several motor grounding ring options to insure bearing protection no matter what your motor type.","keywords":null,"keyphrases":{"focus":{"keyphrase":"motor grounding ring"}},"primary_term":null,"canonical_url":"","og_title":"","og_description":"","og_object_type":"default","og_image_type":"featured","og_image_url":null,"og_image_width":null,"og_image_height":null,"og_image_custom_url":"","og_image_custom_fields":null,"og_video":null,"og_custom_url":null,"og_article_section":null,"og_article_tags":null,"twitter_use_og":false,"twitter_card":"default","twitter_image_type":"default","twitter_image_url":null,"twitter_image_custom_url":"","twitter_image_custom_fields":null,"twitter_title":"AEGIS\u00ae SGR | Motor Grounding Ring","twitter_description":"","schema":{"blockGraphs":[],"customGraphs":[],"default":{"data":{"Article":[],"Course":[],"Dataset":[],"FAQPage":[],"Movie":[],"Person":[],"Product":[],"ProductReview":[],"Car":[],"Recipe":[],"Service":[],"SoftwareApplication":[],"WebPage":[]},"graphName":"","isEnabled":true},"graphs":[]},"schema_type":"default","schema_type_options":null,"pillar_content":false,"robots_default":true,"robots_noindex":false,"robots_noarchive":false,"robots_nosnippet":false,"robots_nofollow":false,"robots_noimageindex":false,"robots_noodp":false,"robots_notranslate":false,"robots_max_snippet":null,"robots_max_videopreview":null,"robots_max_imagepreview":"large","priority":null,"frequency":null,"local_seo":null,"seo_analyzer_scan_date":"2026-02-19 00:17:35","breadcrumb_settings":null,"limit_modified_date":false,"reviewed_by":null,"open_ai":null,"ai":null,"created":"2026-02-18 20:34:10","updated":"2026-02-19 00:17:35"},"aioseo_breadcrumb":"<div class=\"aioseo-breadcrumbs\"><span class=\"aioseo-breadcrumb\">\n\t<a href=\"https:\/\/www.est-aegis.com\/fr\/\" title=\"Home\">Home<\/a>\n<\/span><span class=\"aioseo-breadcrumb-separator\">&raquo;<\/span><span class=\"aioseo-breadcrumb\">\n\tAEGIS\u00ae SGR\n<\/span><\/div>","aioseo_breadcrumb_json":[{"label":"Home","link":"https:\/\/www.est-aegis.com\/fr\/"},{"label":"AEGIS\u00ae SGR","link":"https:\/\/www.est-aegis.com\/fr\/product\/sgr\/"}],"jetpack_sharing_enabled":true,"_links":{"self":[{"href":"https:\/\/www.est-aegis.com\/fr\/wp-json\/wp\/v2\/product\/6577","targetHints":{"allow":["GET"]}}],"collection":[{"href":"https:\/\/www.est-aegis.com\/fr\/wp-json\/wp\/v2\/product"}],"about":[{"href":"https:\/\/www.est-aegis.com\/fr\/wp-json\/wp\/v2\/types\/product"}],"wp:featuredmedia":[{"embeddable":true,"href":"https:\/\/www.est-aegis.com\/fr\/wp-json\/wp\/v2\/media\/5421"}],"wp:attachment":[{"href":"https:\/\/www.est-aegis.com\/fr\/wp-json\/wp\/v2\/media?parent=6577"}],"curies":[{"name":"wp","href":"https:\/\/api.w.org\/{rel}","templated":true}]}}